{"id":5317706,"date":"2026-01-19T14:55:17","date_gmt":"2026-01-19T12:55:17","guid":{"rendered":"https:\/\/gadgettravellers.eu\/shop\/palla-di-neve-babbo-natale-o65cm-o65x9cm-xmasfest-1133708\/"},"modified":"2026-05-05T06:03:25","modified_gmt":"2026-05-05T04:03:25","slug":"palla-di-neve-babbo-natale-o65cm-o65x9cm-xmasfest-1133708","status":"publish","type":"product","link":"https:\/\/gadgettravellers.eu\/it\/shop\/palla-di-neve-babbo-natale-o65cm-o65x9cm-xmasfest-1133708\/","title":{"rendered":"Palla di neve Babbo Natale \u00f86,5cm \u00f86,5x9cm Xmasfest 1133708"},"content":{"rendered":"<p>(abbinate in polistirolo) \u00f86,5x9cm<\/p>\n<div class='aiseo-faq-section' style='margin-top:30px; border-top:1px solid #eee; padding-top:20px;'>\n<h3>Domande Frequenti<\/h3>\n<details style='margin-bottom:10px; padding:10px; background:#f9f9f9; border-radius:5px;'>\n<summary style='font-weight:bold; cursor:pointer;'>Quali sono le dimensioni della palla di neve?<\/summary>\n<div style='margin-top:10px; color:#555;'>Diametro 6,5 cm e altezza 9 cm.<\/div>\n<\/details>\n<details style='margin-bottom:10px; padding:10px; background:#f9f9f9; border-radius:5px;'>\n<summary style='font-weight:bold; cursor:pointer;'>Di che materiale \u00e8 la base?<\/summary>\n<div style='margin-top:10px; color:#555;'>La base \u00e8 in polistirolo espanso.<\/div>\n<\/details>\n<details style='margin-bottom:10px; padding:10px; background:#f9f9f9; border-radius:5px;'>\n<summary style='font-weight:bold; cursor:pointer;'>In quali modelli \u00e8 disponibile il prodotto?<\/summary>\n<div style='margin-top:10px; color:#555;'>Disponibile in design assortiti.<\/div>\n<\/details>\n<details style='margin-bottom:10px; padding:10px; background:#f9f9f9; border-radius:5px;'>\n<summary style='font-weight:bold; cursor:pointer;'>Dove si consiglia di utilizzare la palla di neve?<\/summary>\n<div style='margin-top:10px; color:#555;'>Ideale per decorare tavoli, vetrine o come regalo.<\/div>\n<\/details>\n<\/div>\n","protected":false},"excerpt":{"rendered":"<p>(abbinate in polistirolo) \u00f86,5x9cm Domande Frequenti Quali sono le dimensioni della palla di neve? Diametro 6,5 cm e altezza 9 cm. Di che materiale \u00e8 la base? La base \u00e8 in polistirolo espanso. In quali modelli \u00e8 disponibile il prodotto? Disponibile in design assortiti. Dove si consiglia di utilizzare la palla di neve? Ideale per [&hellip;]<\/p>\n","protected":false},"featured_media":5183913,"comment_status":"closed","ping_status":"open","template":"","meta":[],"product_brand":[],"product_cat":[],"product_tag":[15],"class_list":{"0":"post-5317706","1":"product","2":"type-product","3":"status-publish","4":"has-post-thumbnail","6":"product_tag-uncategorized","8":"first","9":"onbackorder","10":"purchasable","11":"product-type-simple"},"jetpack_sharing_enabled":true,"_links":{"self":[{"href":"https:\/\/gadgettravellers.eu\/it\/wp-json\/wp\/v2\/product\/5317706","targetHints":{"allow":["GET"]}}],"collection":[{"href":"https:\/\/gadgettravellers.eu\/it\/wp-json\/wp\/v2\/product"}],"about":[{"href":"https:\/\/gadgettravellers.eu\/it\/wp-json\/wp\/v2\/types\/product"}],"replies":[{"embeddable":true,"href":"https:\/\/gadgettravellers.eu\/it\/wp-json\/wp\/v2\/comments?post=5317706"}],"wp:featuredmedia":[{"embeddable":true,"href":"https:\/\/gadgettravellers.eu\/it\/wp-json\/wp\/v2\/media\/5183913"}],"wp:attachment":[{"href":"https:\/\/gadgettravellers.eu\/it\/wp-json\/wp\/v2\/media?parent=5317706"}],"wp:term":[{"taxonomy":"product_brand","embeddable":true,"href":"https:\/\/gadgettravellers.eu\/it\/wp-json\/wp\/v2\/product_brand?post=5317706"},{"taxonomy":"product_cat","embeddable":true,"href":"https:\/\/gadgettravellers.eu\/it\/wp-json\/wp\/v2\/product_cat?post=5317706"},{"taxonomy":"product_tag","embeddable":true,"href":"https:\/\/gadgettravellers.eu\/it\/wp-json\/wp\/v2\/product_tag?post=5317706"}],"curies":[{"name":"wp","href":"https:\/\/api.w.org\/{rel}","templated":true}]}}