{"id":5317710,"date":"2026-01-19T14:55:21","date_gmt":"2026-01-19T12:55:21","guid":{"rendered":"https:\/\/gadgettravellers.eu\/shop\/renna-figura-con-vaso-di-dolci-25x9cm-xmasfest-1133733\/"},"modified":"2026-05-05T06:03:26","modified_gmt":"2026-05-05T04:03:26","slug":"renna-figura-con-vaso-di-dolci-25x9cm-xmasfest-1133733","status":"publish","type":"product","link":"https:\/\/gadgettravellers.eu\/it\/shop\/renna-figura-con-vaso-di-dolci-25x9cm-xmasfest-1133733\/","title":{"rendered":"Renna Figura con Vaso di Dolci 25x9cm Xmasfest 1133733"},"content":{"rendered":"<p>Vaso per dolci 25x9cm<\/p>\n<div class='aiseo-faq-section' style='margin-top:30px; border-top:1px solid #eee; padding-top:20px;'>\n<h3>Domande Frequenti<\/h3>\n<details style='margin-bottom:10px; padding:10px; background:#f9f9f9; border-radius:5px;'>\n<summary style='font-weight:bold; cursor:pointer;'>Quali sono le dimensioni del prodotto?<\/summary>\n<div style='margin-top:10px; color:#555;'>Il vaso dei dolci ha dimensioni 25x9cm.<\/div>\n<\/details>\n<details style='margin-bottom:10px; padding:10px; background:#f9f9f9; border-radius:5px;'>\n<summary style='font-weight:bold; cursor:pointer;'>Che tipo di prodotto \u00e8?<\/summary>\n<div style='margin-top:10px; color:#555;'>\u00c8 una figura natalizia di renna con vaso di dolci incorporato.<\/div>\n<\/details>\n<details style='margin-bottom:10px; padding:10px; background:#f9f9f9; border-radius:5px;'>\n<summary style='font-weight:bold; cursor:pointer;'>Dove posso usarlo?<\/summary>\n<div style='margin-top:10px; color:#555;'>\u00c8 ideale per tavoli, vetrine o come idea regalo per le feste.<\/div>\n<\/details>\n<details style='margin-bottom:10px; padding:10px; background:#f9f9f9; border-radius:5px;'>\n<summary style='font-weight:bold; cursor:pointer;'>\u00c8 decorativo e funzionale?<\/summary>\n<div style='margin-top:10px; color:#555;'>S\u00ec \u2014 combina una figura decorativa con un vaso funzionale per dolci.<\/div>\n<\/details>\n<\/div>\n","protected":false},"excerpt":{"rendered":"<p>Vaso per dolci 25x9cm Domande Frequenti Quali sono le dimensioni del prodotto? Il vaso dei dolci ha dimensioni 25x9cm. Che tipo di prodotto \u00e8? \u00c8 una figura natalizia di renna con vaso di dolci incorporato. Dove posso usarlo? \u00c8 ideale per tavoli, vetrine o come idea regalo per le feste. \u00c8 decorativo e funzionale? S\u00ec [&hellip;]<\/p>\n","protected":false},"featured_media":5183998,"comment_status":"closed","ping_status":"open","template":"","meta":[],"product_brand":[],"product_cat":[],"product_tag":[15],"class_list":{"0":"post-5317710","1":"product","2":"type-product","3":"status-publish","4":"has-post-thumbnail","6":"product_tag-uncategorized","8":"first","9":"onbackorder","10":"purchasable","11":"product-type-simple"},"jetpack_sharing_enabled":true,"_links":{"self":[{"href":"https:\/\/gadgettravellers.eu\/it\/wp-json\/wp\/v2\/product\/5317710","targetHints":{"allow":["GET"]}}],"collection":[{"href":"https:\/\/gadgettravellers.eu\/it\/wp-json\/wp\/v2\/product"}],"about":[{"href":"https:\/\/gadgettravellers.eu\/it\/wp-json\/wp\/v2\/types\/product"}],"replies":[{"embeddable":true,"href":"https:\/\/gadgettravellers.eu\/it\/wp-json\/wp\/v2\/comments?post=5317710"}],"wp:featuredmedia":[{"embeddable":true,"href":"https:\/\/gadgettravellers.eu\/it\/wp-json\/wp\/v2\/media\/5183998"}],"wp:attachment":[{"href":"https:\/\/gadgettravellers.eu\/it\/wp-json\/wp\/v2\/media?parent=5317710"}],"wp:term":[{"taxonomy":"product_brand","embeddable":true,"href":"https:\/\/gadgettravellers.eu\/it\/wp-json\/wp\/v2\/product_brand?post=5317710"},{"taxonomy":"product_cat","embeddable":true,"href":"https:\/\/gadgettravellers.eu\/it\/wp-json\/wp\/v2\/product_cat?post=5317710"},{"taxonomy":"product_tag","embeddable":true,"href":"https:\/\/gadgettravellers.eu\/it\/wp-json\/wp\/v2\/product_tag?post=5317710"}],"curies":[{"name":"wp","href":"https:\/\/api.w.org\/{rel}","templated":true}]}}