{"id":5317711,"date":"2026-01-19T14:55:22","date_gmt":"2026-01-19T12:55:22","guid":{"rendered":"https:\/\/gadgettravellers.eu\/shop\/pupazzo-di-neve-figura-vaso-di-dolci-con-gambe-32x-o12cm-xmasfest-1133735\/"},"modified":"2026-05-05T06:03:26","modified_gmt":"2026-05-05T04:03:26","slug":"pupazzo-di-neve-figura-vaso-di-dolci-con-gambe-32x-o12cm-xmasfest-1133735","status":"publish","type":"product","link":"https:\/\/gadgettravellers.eu\/it\/shop\/pupazzo-di-neve-figura-vaso-di-dolci-con-gambe-32x-o12cm-xmasfest-1133735\/","title":{"rendered":"Pupazzo di Neve Figura Vaso di Dolci con Gambe 32x \u00f812cm Xmasfest 1133735"},"content":{"rendered":"<p>Vaso per dolci 32x \u00f812cm<\/p>\n<div class='aiseo-faq-section' style='margin-top:30px; border-top:1px solid #eee; padding-top:20px;'>\n<h3>Domande Frequenti<\/h3>\n<details style='margin-bottom:10px; padding:10px; background:#f9f9f9; border-radius:5px;'>\n<summary style='font-weight:bold; cursor:pointer;'>Quali sono le dimensioni del vaso?<\/summary>\n<div style='margin-top:10px; color:#555;'>Altezza 32 cm e diametro 12 cm.<\/div>\n<\/details>\n<details style='margin-bottom:10px; padding:10px; background:#f9f9f9; border-radius:5px;'>\n<summary style='font-weight:bold; cursor:pointer;'>Di che materiale \u00e8 fatto?<\/summary>\n<div style='margin-top:10px; color:#555;'>Il vaso \u00e8 di vetro.<\/div>\n<\/details>\n<details style='margin-bottom:10px; padding:10px; background:#f9f9f9; border-radius:5px;'>\n<summary style='font-weight:bold; cursor:pointer;'>Dove pu\u00f2 essere utilizzato?<\/summary>\n<div style='margin-top:10px; color:#555;'>Ideale per dolci, come decorazione da tavolo o come regalo.<\/div>\n<\/details>\n<details style='margin-bottom:10px; padding:10px; background:#f9f9f9; border-radius:5px;'>\n<summary style='font-weight:bold; cursor:pointer;'>\u00c8 facile da usare e stabile?<\/summary>\n<div style='margin-top:10px; color:#555;'>S\u00ec, \u00e8 descritto come stabile, decorativo e facile da usare.<\/div>\n<\/details>\n<\/div>\n","protected":false},"excerpt":{"rendered":"<p>Vaso per dolci 32x \u00f812cm Domande Frequenti Quali sono le dimensioni del vaso? Altezza 32 cm e diametro 12 cm. Di che materiale \u00e8 fatto? Il vaso \u00e8 di vetro. Dove pu\u00f2 essere utilizzato? Ideale per dolci, come decorazione da tavolo o come regalo. \u00c8 facile da usare e stabile? S\u00ec, \u00e8 descritto come stabile, [&hellip;]<\/p>\n","protected":false},"featured_media":5184006,"comment_status":"closed","ping_status":"open","template":"","meta":[],"product_brand":[],"product_cat":[],"product_tag":[15],"class_list":{"0":"post-5317711","1":"product","2":"type-product","3":"status-publish","4":"has-post-thumbnail","6":"product_tag-uncategorized","8":"first","9":"onbackorder","10":"purchasable","11":"product-type-simple"},"jetpack_sharing_enabled":true,"_links":{"self":[{"href":"https:\/\/gadgettravellers.eu\/it\/wp-json\/wp\/v2\/product\/5317711","targetHints":{"allow":["GET"]}}],"collection":[{"href":"https:\/\/gadgettravellers.eu\/it\/wp-json\/wp\/v2\/product"}],"about":[{"href":"https:\/\/gadgettravellers.eu\/it\/wp-json\/wp\/v2\/types\/product"}],"replies":[{"embeddable":true,"href":"https:\/\/gadgettravellers.eu\/it\/wp-json\/wp\/v2\/comments?post=5317711"}],"wp:featuredmedia":[{"embeddable":true,"href":"https:\/\/gadgettravellers.eu\/it\/wp-json\/wp\/v2\/media\/5184006"}],"wp:attachment":[{"href":"https:\/\/gadgettravellers.eu\/it\/wp-json\/wp\/v2\/media?parent=5317711"}],"wp:term":[{"taxonomy":"product_brand","embeddable":true,"href":"https:\/\/gadgettravellers.eu\/it\/wp-json\/wp\/v2\/product_brand?post=5317711"},{"taxonomy":"product_cat","embeddable":true,"href":"https:\/\/gadgettravellers.eu\/it\/wp-json\/wp\/v2\/product_cat?post=5317711"},{"taxonomy":"product_tag","embeddable":true,"href":"https:\/\/gadgettravellers.eu\/it\/wp-json\/wp\/v2\/product_tag?post=5317711"}],"curies":[{"name":"wp","href":"https:\/\/api.w.org\/{rel}","templated":true}]}}