{"id":5317713,"date":"2026-01-19T14:55:24","date_gmt":"2026-01-19T12:55:24","guid":{"rendered":"https:\/\/gadgettravellers.eu\/shop\/portachiavi-xmas-disegni-stivale-slitta-5cm-xmasfest-1133737\/"},"modified":"2026-05-05T06:03:27","modified_gmt":"2026-05-05T04:03:27","slug":"portachiavi-xmas-disegni-stivale-slitta-5cm-xmasfest-1133737","status":"publish","type":"product","link":"https:\/\/gadgettravellers.eu\/it\/shop\/portachiavi-xmas-disegni-stivale-slitta-5cm-xmasfest-1133737\/","title":{"rendered":"Portachiavi Xmas Disegni Stivale, Slitta ~5cm Xmasfest 1133737"},"content":{"rendered":"<p>(portachiavi abbinato) ~5cm<\/p>\n<div class='aiseo-faq-section' style='margin-top:30px; border-top:1px solid #eee; padding-top:20px;'>\n<h3>Domande Frequenti<\/h3>\n<details style='margin-bottom:10px; padding:10px; background:#f9f9f9; border-radius:5px;'>\n<summary style='font-weight:bold; cursor:pointer;'>Qual \u00e8 la dimensione del portachiavi?<\/summary>\n<div style='margin-top:10px; color:#555;'>\u00c8 lungo circa 5 cm.<\/div>\n<\/details>\n<details style='margin-bottom:10px; padding:10px; background:#f9f9f9; border-radius:5px;'>\n<summary style='font-weight:bold; cursor:pointer;'>In quali opzioni di design \u00e8 disponibile?<\/summary>\n<div style='margin-top:10px; color:#555;'>Disponibile in modelli stivale o slitta e consegnato abbinato.<\/div>\n<\/details>\n<details style='margin-bottom:10px; padding:10px; background:#f9f9f9; border-radius:5px;'>\n<summary style='font-weight:bold; cursor:pointer;'>Qual \u00e8 l&#8217;uso consigliato?<\/summary>\n<div style='margin-top:10px; color:#555;'>Ideale per chiavi, per decorare regali o come piccolo souvenir durante le festivit\u00e0.<\/div>\n<\/details>\n<details style='margin-bottom:10px; padding:10px; background:#f9f9f9; border-radius:5px;'>\n<summary style='font-weight:bold; cursor:pointer;'>Pu\u00f2 essere usato per regali di Natale?<\/summary>\n<div style='margin-top:10px; color:#555;'>S\u00ec, \u00e8 adatto per decorare regali o come piccolo regalo\/souvenir per le feste.<\/div>\n<\/details>\n<\/div>\n","protected":false},"excerpt":{"rendered":"<p>(portachiavi abbinato) ~5cm Domande Frequenti Qual \u00e8 la dimensione del portachiavi? \u00c8 lungo circa 5 cm. In quali opzioni di design \u00e8 disponibile? Disponibile in modelli stivale o slitta e consegnato abbinato. Qual \u00e8 l&#8217;uso consigliato? Ideale per chiavi, per decorare regali o come piccolo souvenir durante le festivit\u00e0. Pu\u00f2 essere usato per regali di [&hellip;]<\/p>\n","protected":false},"featured_media":5184014,"comment_status":"closed","ping_status":"open","template":"","meta":[],"product_brand":[],"product_cat":[],"product_tag":[15],"class_list":{"0":"post-5317713","1":"product","2":"type-product","3":"status-publish","4":"has-post-thumbnail","6":"product_tag-uncategorized","8":"first","9":"onbackorder","10":"purchasable","11":"product-type-simple"},"jetpack_sharing_enabled":true,"_links":{"self":[{"href":"https:\/\/gadgettravellers.eu\/it\/wp-json\/wp\/v2\/product\/5317713","targetHints":{"allow":["GET"]}}],"collection":[{"href":"https:\/\/gadgettravellers.eu\/it\/wp-json\/wp\/v2\/product"}],"about":[{"href":"https:\/\/gadgettravellers.eu\/it\/wp-json\/wp\/v2\/types\/product"}],"replies":[{"embeddable":true,"href":"https:\/\/gadgettravellers.eu\/it\/wp-json\/wp\/v2\/comments?post=5317713"}],"wp:featuredmedia":[{"embeddable":true,"href":"https:\/\/gadgettravellers.eu\/it\/wp-json\/wp\/v2\/media\/5184014"}],"wp:attachment":[{"href":"https:\/\/gadgettravellers.eu\/it\/wp-json\/wp\/v2\/media?parent=5317713"}],"wp:term":[{"taxonomy":"product_brand","embeddable":true,"href":"https:\/\/gadgettravellers.eu\/it\/wp-json\/wp\/v2\/product_brand?post=5317713"},{"taxonomy":"product_cat","embeddable":true,"href":"https:\/\/gadgettravellers.eu\/it\/wp-json\/wp\/v2\/product_cat?post=5317713"},{"taxonomy":"product_tag","embeddable":true,"href":"https:\/\/gadgettravellers.eu\/it\/wp-json\/wp\/v2\/product_tag?post=5317713"}],"curies":[{"name":"wp","href":"https:\/\/api.w.org\/{rel}","templated":true}]}}