{"id":5317718,"date":"2026-01-19T14:55:26","date_gmt":"2026-01-19T12:55:26","guid":{"rendered":"https:\/\/gadgettravellers.eu\/shop\/addobbo-in-legno-campana-7cm-xmasfest-1133742\/"},"modified":"2026-05-05T06:03:29","modified_gmt":"2026-05-05T04:03:29","slug":"addobbo-in-legno-campana-7cm-xmasfest-1133742","status":"publish","type":"product","link":"https:\/\/gadgettravellers.eu\/it\/shop\/addobbo-in-legno-campana-7cm-xmasfest-1133742\/","title":{"rendered":"Addobbo in Legno Campana 7cm Xmasfest 1133742"},"content":{"rendered":"<p>Legno 7cm<\/p>\n<div class='aiseo-faq-section' style='margin-top:30px; border-top:1px solid #eee; padding-top:20px;'>\n<h3>Domande Frequenti<\/h3>\n<details style='margin-bottom:10px; padding:10px; background:#f9f9f9; border-radius:5px;'>\n<summary style='font-weight:bold; cursor:pointer;'>Di che materiale \u00e8 fatta la campana?<\/summary>\n<div style='margin-top:10px; color:#555;'>\u00c8 realizzata in legno naturale.<\/div>\n<\/details>\n<details style='margin-bottom:10px; padding:10px; background:#f9f9f9; border-radius:5px;'>\n<summary style='font-weight:bold; cursor:pointer;'>Qual \u00e8 il diametro della campana?<\/summary>\n<div style='margin-top:10px; color:#555;'>Il diametro \u00e8 7 cm.<\/div>\n<\/details>\n<details style='margin-bottom:10px; padding:10px; background:#f9f9f9; border-radius:5px;'>\n<summary style='font-weight:bold; cursor:pointer;'>A quali usi si adatta questo gioiello?<\/summary>\n<div style='margin-top:10px; color:#555;'>Adatta per albero di Natale, ghirlande e decorazioni per interni.<\/div>\n<\/details>\n<details style='margin-bottom:10px; padding:10px; background:#f9f9f9; border-radius:5px;'>\n<summary style='font-weight:bold; cursor:pointer;'>Come deve essere effettuata la manutenzione dell&#8217;ornamento?<\/summary>\n<div style='margin-top:10px; color:#555;'>Pulire con un panno morbido e asciutto.<\/div>\n<\/details>\n<\/div>\n","protected":false},"excerpt":{"rendered":"<p>Legno 7cm Domande Frequenti Di che materiale \u00e8 fatta la campana? \u00c8 realizzata in legno naturale. Qual \u00e8 il diametro della campana? Il diametro \u00e8 7 cm. A quali usi si adatta questo gioiello? Adatta per albero di Natale, ghirlande e decorazioni per interni. Come deve essere effettuata la manutenzione dell&#8217;ornamento? Pulire con un panno [&hellip;]<\/p>\n","protected":false},"featured_media":5184034,"comment_status":"closed","ping_status":"open","template":"","meta":[],"product_brand":[],"product_cat":[],"product_tag":[15],"class_list":{"0":"post-5317718","1":"product","2":"type-product","3":"status-publish","4":"has-post-thumbnail","6":"product_tag-uncategorized","8":"first","9":"onbackorder","10":"purchasable","11":"product-type-simple"},"jetpack_sharing_enabled":true,"_links":{"self":[{"href":"https:\/\/gadgettravellers.eu\/it\/wp-json\/wp\/v2\/product\/5317718","targetHints":{"allow":["GET"]}}],"collection":[{"href":"https:\/\/gadgettravellers.eu\/it\/wp-json\/wp\/v2\/product"}],"about":[{"href":"https:\/\/gadgettravellers.eu\/it\/wp-json\/wp\/v2\/types\/product"}],"replies":[{"embeddable":true,"href":"https:\/\/gadgettravellers.eu\/it\/wp-json\/wp\/v2\/comments?post=5317718"}],"wp:featuredmedia":[{"embeddable":true,"href":"https:\/\/gadgettravellers.eu\/it\/wp-json\/wp\/v2\/media\/5184034"}],"wp:attachment":[{"href":"https:\/\/gadgettravellers.eu\/it\/wp-json\/wp\/v2\/media?parent=5317718"}],"wp:term":[{"taxonomy":"product_brand","embeddable":true,"href":"https:\/\/gadgettravellers.eu\/it\/wp-json\/wp\/v2\/product_brand?post=5317718"},{"taxonomy":"product_cat","embeddable":true,"href":"https:\/\/gadgettravellers.eu\/it\/wp-json\/wp\/v2\/product_cat?post=5317718"},{"taxonomy":"product_tag","embeddable":true,"href":"https:\/\/gadgettravellers.eu\/it\/wp-json\/wp\/v2\/product_tag?post=5317718"}],"curies":[{"name":"wp","href":"https:\/\/api.w.org\/{rel}","templated":true}]}}