{"id":5317721,"date":"2026-01-19T14:55:27","date_gmt":"2026-01-19T12:55:27","guid":{"rendered":"https:\/\/gadgettravellers.eu\/shop\/renna-gonfiabile-iridescente-88x58cm-xmasfest-1133740\/"},"modified":"2026-05-05T06:03:30","modified_gmt":"2026-05-05T04:03:30","slug":"renna-gonfiabile-iridescente-88x58cm-xmasfest-1133740","status":"publish","type":"product","link":"https:\/\/gadgettravellers.eu\/it\/shop\/renna-gonfiabile-iridescente-88x58cm-xmasfest-1133740\/","title":{"rendered":"Renna Gonfiabile Iridescente 88x58cm Xmasfest 1133740"},"content":{"rendered":"<p>Pellicola iridescente. Attenzione ai gonfiabili, non sono accettati cambiamenti 88x58cm<\/p>\n<div class='aiseo-faq-section' style='margin-top:30px; border-top:1px solid #eee; padding-top:20px;'>\n<h3>Domande Frequenti<\/h3>\n<details style='margin-bottom:10px; padding:10px; background:#f9f9f9; border-radius:5px;'>\n<summary style='font-weight:bold; cursor:pointer;'>Qual \u00e8 la dimensione del gonfiabile?<\/summary>\n<div style='margin-top:10px; color:#555;'>La dimensione \u00e8 88&#215;58 cm.<\/div>\n<\/details>\n<details style='margin-bottom:10px; padding:10px; background:#f9f9f9; border-radius:5px;'>\n<summary style='font-weight:bold; cursor:pointer;'>Di che materiale \u00e8 fatto?<\/summary>\n<div style='margin-top:10px; color:#555;'>\u00c8 in foglio con finitura iridescente.<\/div>\n<\/details>\n<details style='margin-bottom:10px; padding:10px; background:#f9f9f9; border-radius:5px;'>\n<summary style='font-weight:bold; cursor:pointer;'>Posso richiedere un cambio o un reso?<\/summary>\n<div style='margin-top:10px; color:#555;'>Attenzione: per i prodotti gonfiabili non sono accettati cambi o resi.<\/div>\n<\/details>\n<details style='margin-bottom:10px; padding:10px; background:#f9f9f9; border-radius:5px;'>\n<summary style='font-weight:bold; cursor:pointer;'>\u00c8 adatto per decorazioni natalizie e feste?<\/summary>\n<div style='margin-top:10px; color:#555;'>S\u00ec, \u00e8 ideale per la decorazione natalizia e per la decorazione di feste.<\/div>\n<\/details>\n<details style='margin-bottom:10px; padding:10px; background:#f9f9f9; border-radius:5px;'>\n<summary style='font-weight:bold; cursor:pointer;'>Ci vuole molto tempo per il gonfiaggio?<\/summary>\n<div style='margin-top:10px; color:#555;'>No, secondo la descrizione offre un gonfiaggio rapido.<\/div>\n<\/details>\n<\/div>\n","protected":false},"excerpt":{"rendered":"<p>Pellicola iridescente. Attenzione ai gonfiabili, non sono accettati cambiamenti 88x58cm Domande Frequenti Qual \u00e8 la dimensione del gonfiabile? La dimensione \u00e8 88&#215;58 cm. Di che materiale \u00e8 fatto? \u00c8 in foglio con finitura iridescente. Posso richiedere un cambio o un reso? Attenzione: per i prodotti gonfiabili non sono accettati cambi o resi. \u00c8 adatto per [&hellip;]<\/p>\n","protected":false},"featured_media":5184026,"comment_status":"closed","ping_status":"open","template":"","meta":[],"product_brand":[],"product_cat":[],"product_tag":[15],"class_list":{"0":"post-5317721","1":"product","2":"type-product","3":"status-publish","4":"has-post-thumbnail","6":"product_tag-uncategorized","8":"first","9":"onbackorder","10":"purchasable","11":"product-type-simple"},"jetpack_sharing_enabled":true,"_links":{"self":[{"href":"https:\/\/gadgettravellers.eu\/it\/wp-json\/wp\/v2\/product\/5317721","targetHints":{"allow":["GET"]}}],"collection":[{"href":"https:\/\/gadgettravellers.eu\/it\/wp-json\/wp\/v2\/product"}],"about":[{"href":"https:\/\/gadgettravellers.eu\/it\/wp-json\/wp\/v2\/types\/product"}],"replies":[{"embeddable":true,"href":"https:\/\/gadgettravellers.eu\/it\/wp-json\/wp\/v2\/comments?post=5317721"}],"wp:featuredmedia":[{"embeddable":true,"href":"https:\/\/gadgettravellers.eu\/it\/wp-json\/wp\/v2\/media\/5184026"}],"wp:attachment":[{"href":"https:\/\/gadgettravellers.eu\/it\/wp-json\/wp\/v2\/media?parent=5317721"}],"wp:term":[{"taxonomy":"product_brand","embeddable":true,"href":"https:\/\/gadgettravellers.eu\/it\/wp-json\/wp\/v2\/product_brand?post=5317721"},{"taxonomy":"product_cat","embeddable":true,"href":"https:\/\/gadgettravellers.eu\/it\/wp-json\/wp\/v2\/product_cat?post=5317721"},{"taxonomy":"product_tag","embeddable":true,"href":"https:\/\/gadgettravellers.eu\/it\/wp-json\/wp\/v2\/product_tag?post=5317721"}],"curies":[{"name":"wp","href":"https:\/\/api.w.org\/{rel}","templated":true}]}}