{"id":5317725,"date":"2026-01-19T14:55:32","date_gmt":"2026-01-19T12:55:32","guid":{"rendered":"https:\/\/gadgettravellers.eu\/shop\/pupazzo-di-neve-in-legno-da-tavolo-19x7x5cm-xmasfest-1133748\/"},"modified":"2026-04-22T22:57:14","modified_gmt":"2026-04-22T20:57:14","slug":"pupazzo-di-neve-in-legno-da-tavolo-19x7x5cm-xmasfest-1133748","status":"publish","type":"product","link":"https:\/\/gadgettravellers.eu\/it\/shop\/pupazzo-di-neve-in-legno-da-tavolo-19x7x5cm-xmasfest-1133748\/","title":{"rendered":"Pupazzo di neve in legno da tavolo 19x7x5cm Xmasfest 1133748"},"content":{"rendered":"<p>Legno 19x7x5cm<\/p>\n<div class='aiseo-faq-section' style='margin-top:30px; border-top:1px solid #eee; padding-top:20px;'>\n<h3>Domande Frequenti<\/h3>\n<details style='margin-bottom:10px; padding:10px; background:#f9f9f9; border-radius:5px;'>\n<summary style='font-weight:bold; cursor:pointer;'>Di quale materiale \u00e8 fatto il pupazzo di neve?<\/summary>\n<div style='margin-top:10px; color:#555;'>\u00c8 fatto di legno.<\/div>\n<\/details>\n<details style='margin-bottom:10px; padding:10px; background:#f9f9f9; border-radius:5px;'>\n<summary style='font-weight:bold; cursor:pointer;'>Quali sono le sue dimensioni?<\/summary>\n<div style='margin-top:10px; color:#555;'>Le dimensioni sono 19x7x5 cm.<\/div>\n<\/details>\n<details style='margin-bottom:10px; padding:10px; background:#f9f9f9; border-radius:5px;'>\n<summary style='font-weight:bold; cursor:pointer;'>\u00c8 adatto per tavolo o mensola?<\/summary>\n<div style='margin-top:10px; color:#555;'>S\u00ec, \u00e8 ideale per la decorazione natalizia di un tavolo o di una mensola.<\/div>\n<\/details>\n<details style='margin-bottom:10px; padding:10px; background:#f9f9f9; border-radius:5px;'>\n<summary style='font-weight:bold; cursor:pointer;'>Pu\u00f2 essere usato come regalo?<\/summary>\n<div style='margin-top:10px; color:#555;'>S\u00ec, \u00e8 leggero ed elegante, adatto come piccolo regalo.<\/div>\n<\/details>\n<\/div>\n","protected":false},"excerpt":{"rendered":"<p>Legno 19x7x5cm Domande Frequenti Di quale materiale \u00e8 fatto il pupazzo di neve? \u00c8 fatto di legno. Quali sono le sue dimensioni? Le dimensioni sono 19x7x5 cm. \u00c8 adatto per tavolo o mensola? S\u00ec, \u00e8 ideale per la decorazione natalizia di un tavolo o di una mensola. Pu\u00f2 essere usato come regalo? S\u00ec, \u00e8 leggero [&hellip;]<\/p>\n","protected":false},"featured_media":5184054,"comment_status":"closed","ping_status":"open","template":"","meta":[],"product_brand":[],"product_cat":[],"product_tag":[15],"class_list":{"0":"post-5317725","1":"product","2":"type-product","3":"status-publish","4":"has-post-thumbnail","6":"product_tag-uncategorized","8":"first","9":"onbackorder","10":"purchasable","11":"product-type-simple"},"jetpack_sharing_enabled":true,"_links":{"self":[{"href":"https:\/\/gadgettravellers.eu\/it\/wp-json\/wp\/v2\/product\/5317725","targetHints":{"allow":["GET"]}}],"collection":[{"href":"https:\/\/gadgettravellers.eu\/it\/wp-json\/wp\/v2\/product"}],"about":[{"href":"https:\/\/gadgettravellers.eu\/it\/wp-json\/wp\/v2\/types\/product"}],"replies":[{"embeddable":true,"href":"https:\/\/gadgettravellers.eu\/it\/wp-json\/wp\/v2\/comments?post=5317725"}],"wp:featuredmedia":[{"embeddable":true,"href":"https:\/\/gadgettravellers.eu\/it\/wp-json\/wp\/v2\/media\/5184054"}],"wp:attachment":[{"href":"https:\/\/gadgettravellers.eu\/it\/wp-json\/wp\/v2\/media?parent=5317725"}],"wp:term":[{"taxonomy":"product_brand","embeddable":true,"href":"https:\/\/gadgettravellers.eu\/it\/wp-json\/wp\/v2\/product_brand?post=5317725"},{"taxonomy":"product_cat","embeddable":true,"href":"https:\/\/gadgettravellers.eu\/it\/wp-json\/wp\/v2\/product_cat?post=5317725"},{"taxonomy":"product_tag","embeddable":true,"href":"https:\/\/gadgettravellers.eu\/it\/wp-json\/wp\/v2\/product_tag?post=5317725"}],"curies":[{"name":"wp","href":"https:\/\/api.w.org\/{rel}","templated":true}]}}