{"id":5317727,"date":"2026-01-19T14:55:33","date_gmt":"2026-01-19T12:55:33","guid":{"rendered":"https:\/\/gadgettravellers.eu\/shop\/renna-di-legno-da-tavolo-19x7x5cm-xmasfest-1133749\/"},"modified":"2026-04-22T22:57:15","modified_gmt":"2026-04-22T20:57:15","slug":"renna-di-legno-da-tavolo-19x7x5cm-xmasfest-1133749","status":"publish","type":"product","link":"https:\/\/gadgettravellers.eu\/it\/shop\/renna-di-legno-da-tavolo-19x7x5cm-xmasfest-1133749\/","title":{"rendered":"Renna di Legno da Tavolo 19x7x5cm Xmasfest 1133749"},"content":{"rendered":"<p>Legno 19x7x5cm<\/p>\n<div class='aiseo-faq-section' style='margin-top:30px; border-top:1px solid #eee; padding-top:20px;'>\n<h3>Domande Frequenti<\/h3>\n<details style='margin-bottom:10px; padding:10px; background:#f9f9f9; border-radius:5px;'>\n<summary style='font-weight:bold; cursor:pointer;'>Quali sono le dimensioni del prodotto?<\/summary>\n<div style='margin-top:10px; color:#555;'>Le dimensioni sono 19x7x5 cm.<\/div>\n<\/details>\n<details style='margin-bottom:10px; padding:10px; background:#f9f9f9; border-radius:5px;'>\n<summary style='font-weight:bold; cursor:pointer;'>Di che materiale \u00e8 fatto il renna?<\/summary>\n<div style='margin-top:10px; color:#555;'>\u00c8 in legno naturale.<\/div>\n<\/details>\n<details style='margin-bottom:10px; padding:10px; background:#f9f9f9; border-radius:5px;'>\n<summary style='font-weight:bold; cursor:pointer;'>Per quali ambienti \u00e8 destinato?<\/summary>\n<div style='margin-top:10px; color:#555;'>\u00c8 da tavolo ed \u00e8 ideale per la decorazione di tavoli e scaffali.<\/div>\n<\/details>\n<\/div>\n","protected":false},"excerpt":{"rendered":"<p>Legno 19x7x5cm Domande Frequenti Quali sono le dimensioni del prodotto? Le dimensioni sono 19x7x5 cm. Di che materiale \u00e8 fatto il renna? \u00c8 in legno naturale. Per quali ambienti \u00e8 destinato? \u00c8 da tavolo ed \u00e8 ideale per la decorazione di tavoli e scaffali.<\/p>\n","protected":false},"featured_media":5184058,"comment_status":"closed","ping_status":"open","template":"","meta":[],"product_brand":[],"product_cat":[],"product_tag":[15],"class_list":{"0":"post-5317727","1":"product","2":"type-product","3":"status-publish","4":"has-post-thumbnail","6":"product_tag-uncategorized","8":"first","9":"onbackorder","10":"purchasable","11":"product-type-simple"},"jetpack_sharing_enabled":true,"_links":{"self":[{"href":"https:\/\/gadgettravellers.eu\/it\/wp-json\/wp\/v2\/product\/5317727","targetHints":{"allow":["GET"]}}],"collection":[{"href":"https:\/\/gadgettravellers.eu\/it\/wp-json\/wp\/v2\/product"}],"about":[{"href":"https:\/\/gadgettravellers.eu\/it\/wp-json\/wp\/v2\/types\/product"}],"replies":[{"embeddable":true,"href":"https:\/\/gadgettravellers.eu\/it\/wp-json\/wp\/v2\/comments?post=5317727"}],"wp:featuredmedia":[{"embeddable":true,"href":"https:\/\/gadgettravellers.eu\/it\/wp-json\/wp\/v2\/media\/5184058"}],"wp:attachment":[{"href":"https:\/\/gadgettravellers.eu\/it\/wp-json\/wp\/v2\/media?parent=5317727"}],"wp:term":[{"taxonomy":"product_brand","embeddable":true,"href":"https:\/\/gadgettravellers.eu\/it\/wp-json\/wp\/v2\/product_brand?post=5317727"},{"taxonomy":"product_cat","embeddable":true,"href":"https:\/\/gadgettravellers.eu\/it\/wp-json\/wp\/v2\/product_cat?post=5317727"},{"taxonomy":"product_tag","embeddable":true,"href":"https:\/\/gadgettravellers.eu\/it\/wp-json\/wp\/v2\/product_tag?post=5317727"}],"curies":[{"name":"wp","href":"https:\/\/api.w.org\/{rel}","templated":true}]}}