{"id":5317730,"date":"2026-01-19T14:55:34","date_gmt":"2026-01-19T12:55:34","guid":{"rendered":"https:\/\/gadgettravellers.eu\/shop\/ramo-con-fiocco-vischio-30cm-xmasfest-1133758\/"},"modified":"2026-04-22T22:57:16","modified_gmt":"2026-04-22T20:57:16","slug":"ramo-con-fiocco-vischio-30cm-xmasfest-1133758","status":"publish","type":"product","link":"https:\/\/gadgettravellers.eu\/it\/shop\/ramo-con-fiocco-vischio-30cm-xmasfest-1133758\/","title":{"rendered":"Ramo con Fiocco &#038; vischio 30cm Xmasfest 1133758"},"content":{"rendered":"<p>30cm<\/p>\n<div class='aiseo-faq-section' style='margin-top:30px; border-top:1px solid #eee; padding-top:20px;'>\n<h3>Domande Frequenti<\/h3>\n<details style='margin-bottom:10px; padding:10px; background:#f9f9f9; border-radius:5px;'>\n<summary style='font-weight:bold; cursor:pointer;'>Qual \u00e8 la lunghezza del ramo?<\/summary>\n<div style='margin-top:10px; color:#555;'>Il ramo ha una lunghezza di 30 cm.<\/div>\n<\/details>\n<details style='margin-bottom:10px; padding:10px; background:#f9f9f9; border-radius:5px;'>\n<summary style='font-weight:bold; cursor:pointer;'>\u00c8 necessario assemblare prima dell&#8217;installazione?<\/summary>\n<div style='margin-top:10px; color:#555;'>No, \u00e8 pronto per l&#8217;installazione senza assemblaggio.<\/div>\n<\/details>\n<details style='margin-bottom:10px; padding:10px; background:#f9f9f9; border-radius:5px;'>\n<summary style='font-weight:bold; cursor:pointer;'>Pu\u00f2 essere utilizzato all&#8217;aperto?<\/summary>\n<div style='margin-top:10px; color:#555;'>\u00c8 progettato per interni e non \u00e8 destinato all&#8217;uso permanente all&#8217;aperto.<\/div>\n<\/details>\n<details style='margin-bottom:10px; padding:10px; background:#f9f9f9; border-radius:5px;'>\n<summary style='font-weight:bold; cursor:pointer;'>Ha bisogno di manutenzione o cura?<\/summary>\n<div style='margin-top:10px; color:#555;'>Non richiede manutenzione e mantiene il suo aspetto senza cure.<\/div>\n<\/details>\n<\/div>\n","protected":false},"excerpt":{"rendered":"<p>30cm Domande Frequenti Qual \u00e8 la lunghezza del ramo? Il ramo ha una lunghezza di 30 cm. \u00c8 necessario assemblare prima dell&#8217;installazione? No, \u00e8 pronto per l&#8217;installazione senza assemblaggio. Pu\u00f2 essere utilizzato all&#8217;aperto? \u00c8 progettato per interni e non \u00e8 destinato all&#8217;uso permanente all&#8217;aperto. Ha bisogno di manutenzione o cura? Non richiede manutenzione e mantiene [&hellip;]<\/p>\n","protected":false},"featured_media":5184095,"comment_status":"closed","ping_status":"open","template":"","meta":[],"product_brand":[],"product_cat":[],"product_tag":[15],"class_list":{"0":"post-5317730","1":"product","2":"type-product","3":"status-publish","4":"has-post-thumbnail","6":"product_tag-uncategorized","8":"first","9":"onbackorder","10":"purchasable","11":"product-type-simple"},"jetpack_sharing_enabled":true,"_links":{"self":[{"href":"https:\/\/gadgettravellers.eu\/it\/wp-json\/wp\/v2\/product\/5317730","targetHints":{"allow":["GET"]}}],"collection":[{"href":"https:\/\/gadgettravellers.eu\/it\/wp-json\/wp\/v2\/product"}],"about":[{"href":"https:\/\/gadgettravellers.eu\/it\/wp-json\/wp\/v2\/types\/product"}],"replies":[{"embeddable":true,"href":"https:\/\/gadgettravellers.eu\/it\/wp-json\/wp\/v2\/comments?post=5317730"}],"wp:featuredmedia":[{"embeddable":true,"href":"https:\/\/gadgettravellers.eu\/it\/wp-json\/wp\/v2\/media\/5184095"}],"wp:attachment":[{"href":"https:\/\/gadgettravellers.eu\/it\/wp-json\/wp\/v2\/media?parent=5317730"}],"wp:term":[{"taxonomy":"product_brand","embeddable":true,"href":"https:\/\/gadgettravellers.eu\/it\/wp-json\/wp\/v2\/product_brand?post=5317730"},{"taxonomy":"product_cat","embeddable":true,"href":"https:\/\/gadgettravellers.eu\/it\/wp-json\/wp\/v2\/product_cat?post=5317730"},{"taxonomy":"product_tag","embeddable":true,"href":"https:\/\/gadgettravellers.eu\/it\/wp-json\/wp\/v2\/product_tag?post=5317730"}],"curies":[{"name":"wp","href":"https:\/\/api.w.org\/{rel}","templated":true}]}}