{"id":5317737,"date":"2026-01-19T14:55:39","date_gmt":"2026-01-19T12:55:39","guid":{"rendered":"https:\/\/gadgettravellers.eu\/shop\/fiore-di-natale-piccolo-champagne-vellutato-o17cm-xmasfest-1133762\/"},"modified":"2026-04-22T22:57:19","modified_gmt":"2026-04-22T20:57:19","slug":"fiore-di-natale-piccolo-champagne-vellutato-o17cm-xmasfest-1133762","status":"publish","type":"product","link":"https:\/\/gadgettravellers.eu\/it\/shop\/fiore-di-natale-piccolo-champagne-vellutato-o17cm-xmasfest-1133762\/","title":{"rendered":"Fiore di Natale Piccolo Champagne Vellutato \u00f817cm Xmasfest 1133762"},"content":{"rendered":"<p>Vellutata \u00f817cm<\/p>\n<div class='aiseo-faq-section' style='margin-top:30px; border-top:1px solid #eee; padding-top:20px;'>\n<h3>Domande Frequenti<\/h3>\n<details style='margin-bottom:10px; padding:10px; background:#f9f9f9; border-radius:5px;'>\n<summary style='font-weight:bold; cursor:pointer;'>Qual \u00e8 il diametro del fiore?<\/summary>\n<div style='margin-top:10px; color:#555;'>Diametro 17 cm.<\/div>\n<\/details>\n<details style='margin-bottom:10px; padding:10px; background:#f9f9f9; border-radius:5px;'>\n<summary style='font-weight:bold; cursor:pointer;'>Che consistenza e colore ha?<\/summary>\n<div style='margin-top:10px; color:#555;'>Texture vellutata in tonalit\u00e0 champagne.<\/div>\n<\/details>\n<details style='margin-bottom:10px; padding:10px; background:#f9f9f9; border-radius:5px;'>\n<summary style='font-weight:bold; cursor:pointer;'>Dove \u00e8 destinato ad essere utilizzato?<\/summary>\n<div style='margin-top:10px; color:#555;'>Ideale per decorazioni natalizie, ghirlande, decorazioni per tavoli o alberi e composizioni permanenti per interni.<\/div>\n<\/details>\n<details style='margin-bottom:10px; padding:10px; background:#f9f9f9; border-radius:5px;'>\n<summary style='font-weight:bold; cursor:pointer;'>Ha bisogno di manutenzione o cura?<\/summary>\n<div style='margin-top:10px; color:#555;'>Non richiede manutenzione, \u00e8 leggero e resistente.<\/div>\n<\/details>\n<details style='margin-bottom:10px; padding:10px; background:#f9f9f9; border-radius:5px;'>\n<summary style='font-weight:bold; cursor:pointer;'>\u00c8 adatto per esterni?<\/summary>\n<div style='margin-top:10px; color:#555;'>Progettato principalmente per interni; non \u00e8 indicato come adatto per uso esterno.<\/div>\n<\/details>\n<\/div>\n","protected":false},"excerpt":{"rendered":"<p>Vellutata \u00f817cm Domande Frequenti Qual \u00e8 il diametro del fiore? Diametro 17 cm. Che consistenza e colore ha? Texture vellutata in tonalit\u00e0 champagne. Dove \u00e8 destinato ad essere utilizzato? Ideale per decorazioni natalizie, ghirlande, decorazioni per tavoli o alberi e composizioni permanenti per interni. Ha bisogno di manutenzione o cura? Non richiede manutenzione, \u00e8 leggero [&hellip;]<\/p>\n","protected":false},"featured_media":5184111,"comment_status":"closed","ping_status":"open","template":"","meta":[],"product_brand":[],"product_cat":[],"product_tag":[15],"class_list":{"0":"post-5317737","1":"product","2":"type-product","3":"status-publish","4":"has-post-thumbnail","6":"product_tag-uncategorized","8":"first","9":"onbackorder","10":"purchasable","11":"product-type-simple"},"jetpack_sharing_enabled":true,"_links":{"self":[{"href":"https:\/\/gadgettravellers.eu\/it\/wp-json\/wp\/v2\/product\/5317737","targetHints":{"allow":["GET"]}}],"collection":[{"href":"https:\/\/gadgettravellers.eu\/it\/wp-json\/wp\/v2\/product"}],"about":[{"href":"https:\/\/gadgettravellers.eu\/it\/wp-json\/wp\/v2\/types\/product"}],"replies":[{"embeddable":true,"href":"https:\/\/gadgettravellers.eu\/it\/wp-json\/wp\/v2\/comments?post=5317737"}],"wp:featuredmedia":[{"embeddable":true,"href":"https:\/\/gadgettravellers.eu\/it\/wp-json\/wp\/v2\/media\/5184111"}],"wp:attachment":[{"href":"https:\/\/gadgettravellers.eu\/it\/wp-json\/wp\/v2\/media?parent=5317737"}],"wp:term":[{"taxonomy":"product_brand","embeddable":true,"href":"https:\/\/gadgettravellers.eu\/it\/wp-json\/wp\/v2\/product_brand?post=5317737"},{"taxonomy":"product_cat","embeddable":true,"href":"https:\/\/gadgettravellers.eu\/it\/wp-json\/wp\/v2\/product_cat?post=5317737"},{"taxonomy":"product_tag","embeddable":true,"href":"https:\/\/gadgettravellers.eu\/it\/wp-json\/wp\/v2\/product_tag?post=5317737"}],"curies":[{"name":"wp","href":"https:\/\/api.w.org\/{rel}","templated":true}]}}