{"id":5317738,"date":"2026-01-19T14:55:39","date_gmt":"2026-01-19T12:55:39","guid":{"rendered":"https:\/\/gadgettravellers.eu\/shop\/fiore-di-natale-piccolo-rosso-vellutato-o17cm-xmasfest-1133763\/"},"modified":"2026-04-22T22:57:20","modified_gmt":"2026-04-22T20:57:20","slug":"fiore-di-natale-piccolo-rosso-vellutato-o17cm-xmasfest-1133763","status":"publish","type":"product","link":"https:\/\/gadgettravellers.eu\/it\/shop\/fiore-di-natale-piccolo-rosso-vellutato-o17cm-xmasfest-1133763\/","title":{"rendered":"Fiore di Natale Piccolo Rosso Vellutato \u00f817cm Xmasfest 1133763"},"content":{"rendered":"<p>Vellutata \u00f817cm<\/p>\n<div class='aiseo-faq-section' style='margin-top:30px; border-top:1px solid #eee; padding-top:20px;'>\n<h3>Domande Frequenti<\/h3>\n<details style='margin-bottom:10px; padding:10px; background:#f9f9f9; border-radius:5px;'>\n<summary style='font-weight:bold; cursor:pointer;'>Di che materiale \u00e8 fatto il fiore?<\/summary>\n<div style='margin-top:10px; color:#555;'>Realizzato in velluto resistente per un aspetto realistico e una sensazione morbida al tatto.<\/div>\n<\/details>\n<details style='margin-bottom:10px; padding:10px; background:#f9f9f9; border-radius:5px;'>\n<summary style='font-weight:bold; cursor:pointer;'>Qual \u00e8 il diametro del prodotto?<\/summary>\n<div style='margin-top:10px; color:#555;'>Il diametro \u00e8 17 cm.<\/div>\n<\/details>\n<details style='margin-bottom:10px; padding:10px; background:#f9f9f9; border-radius:5px;'>\n<summary style='font-weight:bold; cursor:pointer;'>Pu\u00f2 essere utilizzato all&#8217;aperto?<\/summary>\n<div style='margin-top:10px; color:#555;'>\u00c8 leggero e adatto per uso interno, quindi non si consiglia un&#8217;esposizione prolungata all&#8217;esterno.<\/div>\n<\/details>\n<details style='margin-bottom:10px; padding:10px; background:#f9f9f9; border-radius:5px;'>\n<summary style='font-weight:bold; cursor:pointer;'>\u00c8 riutilizzabile e come si cura?<\/summary>\n<div style='margin-top:10px; color:#555;'>S\u00ec, \u00e8 riutilizzabile; si pulisce con una spazzola morbida o un panno umido e si evita l&#8217;umidit\u00e0 intensa.<\/div>\n<\/details>\n<details style='margin-bottom:10px; padding:10px; background:#f9f9f9; border-radius:5px;'>\n<summary style='font-weight:bold; cursor:pointer;'>Per quali usi \u00e8 adatto?<\/summary>\n<div style='margin-top:10px; color:#555;'>Ideale per decorazioni natalizie e stagionali, ghirlande, centrotavola e creazioni fai-da-te.<\/div>\n<\/details>\n<\/div>\n","protected":false},"excerpt":{"rendered":"<p>Vellutata \u00f817cm Domande Frequenti Di che materiale \u00e8 fatto il fiore? Realizzato in velluto resistente per un aspetto realistico e una sensazione morbida al tatto. Qual \u00e8 il diametro del prodotto? Il diametro \u00e8 17 cm. Pu\u00f2 essere utilizzato all&#8217;aperto? \u00c8 leggero e adatto per uso interno, quindi non si consiglia un&#8217;esposizione prolungata all&#8217;esterno. \u00c8 [&hellip;]<\/p>\n","protected":false},"featured_media":5184115,"comment_status":"closed","ping_status":"open","template":"","meta":[],"product_brand":[],"product_cat":[],"product_tag":[15],"class_list":{"0":"post-5317738","1":"product","2":"type-product","3":"status-publish","4":"has-post-thumbnail","6":"product_tag-uncategorized","8":"first","9":"onbackorder","10":"purchasable","11":"product-type-simple"},"jetpack_sharing_enabled":true,"_links":{"self":[{"href":"https:\/\/gadgettravellers.eu\/it\/wp-json\/wp\/v2\/product\/5317738","targetHints":{"allow":["GET"]}}],"collection":[{"href":"https:\/\/gadgettravellers.eu\/it\/wp-json\/wp\/v2\/product"}],"about":[{"href":"https:\/\/gadgettravellers.eu\/it\/wp-json\/wp\/v2\/types\/product"}],"replies":[{"embeddable":true,"href":"https:\/\/gadgettravellers.eu\/it\/wp-json\/wp\/v2\/comments?post=5317738"}],"wp:featuredmedia":[{"embeddable":true,"href":"https:\/\/gadgettravellers.eu\/it\/wp-json\/wp\/v2\/media\/5184115"}],"wp:attachment":[{"href":"https:\/\/gadgettravellers.eu\/it\/wp-json\/wp\/v2\/media?parent=5317738"}],"wp:term":[{"taxonomy":"product_brand","embeddable":true,"href":"https:\/\/gadgettravellers.eu\/it\/wp-json\/wp\/v2\/product_brand?post=5317738"},{"taxonomy":"product_cat","embeddable":true,"href":"https:\/\/gadgettravellers.eu\/it\/wp-json\/wp\/v2\/product_cat?post=5317738"},{"taxonomy":"product_tag","embeddable":true,"href":"https:\/\/gadgettravellers.eu\/it\/wp-json\/wp\/v2\/product_tag?post=5317738"}],"curies":[{"name":"wp","href":"https:\/\/api.w.org\/{rel}","templated":true}]}}