{"id":5317740,"date":"2026-01-19T14:55:40","date_gmt":"2026-01-19T12:55:40","guid":{"rendered":"https:\/\/gadgettravellers.eu\/shop\/fiore-di-stella-di-natale-piccolo-verde-vellutato-o17cm-xmasfest-1133764\/"},"modified":"2026-04-22T22:57:21","modified_gmt":"2026-04-22T20:57:21","slug":"fiore-di-stella-di-natale-piccolo-verde-vellutato-o17cm-xmasfest-1133764","status":"publish","type":"product","link":"https:\/\/gadgettravellers.eu\/it\/shop\/fiore-di-stella-di-natale-piccolo-verde-vellutato-o17cm-xmasfest-1133764\/","title":{"rendered":"Fiore di Stella di Natale Piccolo Verde Vellutato \u00f817cm Xmasfest 1133764"},"content":{"rendered":"<p>Vellutata \u00f817cm<\/p>\n<div class='aiseo-faq-section' style='margin-top:30px; border-top:1px solid #eee; padding-top:20px;'>\n<h3>Domande Frequenti<\/h3>\n<details style='margin-bottom:10px; padding:10px; background:#f9f9f9; border-radius:5px;'>\n<summary style='font-weight:bold; cursor:pointer;'>Qual \u00e8 il diametro del fiore?<\/summary>\n<div style='margin-top:10px; color:#555;'>Il diametro \u00e8 17 cm.<\/div>\n<\/details>\n<details style='margin-bottom:10px; padding:10px; background:#f9f9f9; border-radius:5px;'>\n<summary style='font-weight:bold; cursor:pointer;'>Che consistenza ha il prodotto?<\/summary>\n<div style='margin-top:10px; color:#555;'>Ha una consistenza vellutata con una finitura morbida.<\/div>\n<\/details>\n<details style='margin-bottom:10px; padding:10px; background:#f9f9f9; border-radius:5px;'>\n<summary style='font-weight:bold; cursor:pointer;'>Pu\u00f2 essere utilizzato all&#8217;aperto?<\/summary>\n<div style='margin-top:10px; color:#555;'>Il prodotto \u00e8 consigliato per ambienti interni.<\/div>\n<\/details>\n<details style='margin-bottom:10px; padding:10px; background:#f9f9f9; border-radius:5px;'>\n<summary style='font-weight:bold; cursor:pointer;'>Ha bisogno di manutenzione e pu\u00f2 essere riutilizzato?<\/summary>\n<div style='margin-top:10px; color:#555;'>\u00c8 riutilizzabile e non richiede manutenzione speciale.<\/div>\n<\/details>\n<\/div>\n","protected":false},"excerpt":{"rendered":"<p>Vellutata \u00f817cm Domande Frequenti Qual \u00e8 il diametro del fiore? Il diametro \u00e8 17 cm. Che consistenza ha il prodotto? Ha una consistenza vellutata con una finitura morbida. Pu\u00f2 essere utilizzato all&#8217;aperto? Il prodotto \u00e8 consigliato per ambienti interni. Ha bisogno di manutenzione e pu\u00f2 essere riutilizzato? \u00c8 riutilizzabile e non richiede manutenzione speciale.<\/p>\n","protected":false},"featured_media":5184119,"comment_status":"closed","ping_status":"open","template":"","meta":[],"product_brand":[],"product_cat":[],"product_tag":[15],"class_list":{"0":"post-5317740","1":"product","2":"type-product","3":"status-publish","4":"has-post-thumbnail","6":"product_tag-uncategorized","8":"first","9":"onbackorder","10":"purchasable","11":"product-type-simple"},"jetpack_sharing_enabled":true,"_links":{"self":[{"href":"https:\/\/gadgettravellers.eu\/it\/wp-json\/wp\/v2\/product\/5317740","targetHints":{"allow":["GET"]}}],"collection":[{"href":"https:\/\/gadgettravellers.eu\/it\/wp-json\/wp\/v2\/product"}],"about":[{"href":"https:\/\/gadgettravellers.eu\/it\/wp-json\/wp\/v2\/types\/product"}],"replies":[{"embeddable":true,"href":"https:\/\/gadgettravellers.eu\/it\/wp-json\/wp\/v2\/comments?post=5317740"}],"wp:featuredmedia":[{"embeddable":true,"href":"https:\/\/gadgettravellers.eu\/it\/wp-json\/wp\/v2\/media\/5184119"}],"wp:attachment":[{"href":"https:\/\/gadgettravellers.eu\/it\/wp-json\/wp\/v2\/media?parent=5317740"}],"wp:term":[{"taxonomy":"product_brand","embeddable":true,"href":"https:\/\/gadgettravellers.eu\/it\/wp-json\/wp\/v2\/product_brand?post=5317740"},{"taxonomy":"product_cat","embeddable":true,"href":"https:\/\/gadgettravellers.eu\/it\/wp-json\/wp\/v2\/product_cat?post=5317740"},{"taxonomy":"product_tag","embeddable":true,"href":"https:\/\/gadgettravellers.eu\/it\/wp-json\/wp\/v2\/product_tag?post=5317740"}],"curies":[{"name":"wp","href":"https:\/\/api.w.org\/{rel}","templated":true}]}}