{"id":5317741,"date":"2026-01-19T14:55:41","date_gmt":"2026-01-19T12:55:41","guid":{"rendered":"https:\/\/gadgettravellers.eu\/shop\/fiore-di-natale-medio-rosso-vellutato-o27cm-xmasfest-1133767\/"},"modified":"2026-04-22T22:57:21","modified_gmt":"2026-04-22T20:57:21","slug":"fiore-di-natale-medio-rosso-vellutato-o27cm-xmasfest-1133767","status":"publish","type":"product","link":"https:\/\/gadgettravellers.eu\/it\/shop\/fiore-di-natale-medio-rosso-vellutato-o27cm-xmasfest-1133767\/","title":{"rendered":"Fiore di Natale Medio Rosso Vellutato \u00f827cm Xmasfest 1133767"},"content":{"rendered":"<p>Vellutata \u00f827cm<\/p>\n<div class='aiseo-faq-section' style='margin-top:30px; border-top:1px solid #eee; padding-top:20px;'>\n<h3>Domande Frequenti<\/h3>\n<details style='margin-bottom:10px; padding:10px; background:#f9f9f9; border-radius:5px;'>\n<summary style='font-weight:bold; cursor:pointer;'>Di che materiale \u00e8 fatto questo fiore?<\/summary>\n<div style='margin-top:10px; color:#555;'>Realizzato in tessuto vellutato in una struttura artificiale che offre una ricca texture e resistenza.<\/div>\n<\/details>\n<details style='margin-bottom:10px; padding:10px; background:#f9f9f9; border-radius:5px;'>\n<summary style='font-weight:bold; cursor:pointer;'>Qual \u00e8 il diametro del fiore?<\/summary>\n<div style='margin-top:10px; color:#555;'>Il diametro \u00e8 27 cm.<\/div>\n<\/details>\n<details style='margin-bottom:10px; padding:10px; background:#f9f9f9; border-radius:5px;'>\n<summary style='font-weight:bold; cursor:pointer;'>Pu\u00f2 essere utilizzato all&#8217;aperto?<\/summary>\n<div style='margin-top:10px; color:#555;'>La descrizione non menziona la resistenza alle intemperie, quindi \u00e8 consigliata principalmente per uso interno.<\/div>\n<\/details>\n<details style='margin-bottom:10px; padding:10px; background:#f9f9f9; border-radius:5px;'>\n<summary style='font-weight:bold; cursor:pointer;'>Dove posso posizionarlo?<\/summary>\n<div style='margin-top:10px; color:#555;'>\u00c8 pronto per essere posizionato immediatamente in lampade, corone o lavori manuali ed \u00e8 ideale come decorazione centrale per tavoli.<\/div>\n<\/details>\n<\/div>\n","protected":false},"excerpt":{"rendered":"<p>Vellutata \u00f827cm Domande Frequenti Di che materiale \u00e8 fatto questo fiore? Realizzato in tessuto vellutato in una struttura artificiale che offre una ricca texture e resistenza. Qual \u00e8 il diametro del fiore? Il diametro \u00e8 27 cm. Pu\u00f2 essere utilizzato all&#8217;aperto? La descrizione non menziona la resistenza alle intemperie, quindi \u00e8 consigliata principalmente per uso [&hellip;]<\/p>\n","protected":false},"featured_media":5184131,"comment_status":"closed","ping_status":"open","template":"","meta":[],"product_brand":[],"product_cat":[],"product_tag":[15],"class_list":{"0":"post-5317741","1":"product","2":"type-product","3":"status-publish","4":"has-post-thumbnail","6":"product_tag-uncategorized","8":"first","9":"onbackorder","10":"purchasable","11":"product-type-simple"},"jetpack_sharing_enabled":true,"_links":{"self":[{"href":"https:\/\/gadgettravellers.eu\/it\/wp-json\/wp\/v2\/product\/5317741","targetHints":{"allow":["GET"]}}],"collection":[{"href":"https:\/\/gadgettravellers.eu\/it\/wp-json\/wp\/v2\/product"}],"about":[{"href":"https:\/\/gadgettravellers.eu\/it\/wp-json\/wp\/v2\/types\/product"}],"replies":[{"embeddable":true,"href":"https:\/\/gadgettravellers.eu\/it\/wp-json\/wp\/v2\/comments?post=5317741"}],"wp:featuredmedia":[{"embeddable":true,"href":"https:\/\/gadgettravellers.eu\/it\/wp-json\/wp\/v2\/media\/5184131"}],"wp:attachment":[{"href":"https:\/\/gadgettravellers.eu\/it\/wp-json\/wp\/v2\/media?parent=5317741"}],"wp:term":[{"taxonomy":"product_brand","embeddable":true,"href":"https:\/\/gadgettravellers.eu\/it\/wp-json\/wp\/v2\/product_brand?post=5317741"},{"taxonomy":"product_cat","embeddable":true,"href":"https:\/\/gadgettravellers.eu\/it\/wp-json\/wp\/v2\/product_cat?post=5317741"},{"taxonomy":"product_tag","embeddable":true,"href":"https:\/\/gadgettravellers.eu\/it\/wp-json\/wp\/v2\/product_tag?post=5317741"}],"curies":[{"name":"wp","href":"https:\/\/api.w.org\/{rel}","templated":true}]}}