{"id":5317742,"date":"2026-01-19T14:55:42","date_gmt":"2026-01-19T12:55:42","guid":{"rendered":"https:\/\/gadgettravellers.eu\/shop\/fiore-di-natale-medio-bianco-vellutato-o27cm-xmasfest-1133768\/"},"modified":"2026-04-22T22:57:22","modified_gmt":"2026-04-22T20:57:22","slug":"fiore-di-natale-medio-bianco-vellutato-o27cm-xmasfest-1133768","status":"publish","type":"product","link":"https:\/\/gadgettravellers.eu\/it\/shop\/fiore-di-natale-medio-bianco-vellutato-o27cm-xmasfest-1133768\/","title":{"rendered":"Fiore di Natale Medio Bianco Vellutato \u00f827cm Xmasfest 1133768"},"content":{"rendered":"<p>Vellutata \u00f827cm<\/p>\n<div class='aiseo-faq-section' style='margin-top:30px; border-top:1px solid #eee; padding-top:20px;'>\n<h3>Domande Frequenti<\/h3>\n<details style='margin-bottom:10px; padding:10px; background:#f9f9f9; border-radius:5px;'>\n<summary style='font-weight:bold; cursor:pointer;'>Di che materiale \u00e8 fatto il fiore?<\/summary>\n<div style='margin-top:10px; color:#555;'>\u00c8 un tessuto artificiale vellutato, resistente e senza necessit\u00e0 di manutenzione.<\/div>\n<\/details>\n<details style='margin-bottom:10px; padding:10px; background:#f9f9f9; border-radius:5px;'>\n<summary style='font-weight:bold; cursor:pointer;'>Come si pulisce il fiore?<\/summary>\n<div style='margin-top:10px; color:#555;'>Si pulisce con una leggera passata di spugna o panno, evitando strofinamenti intensi.<\/div>\n<\/details>\n<details style='margin-bottom:10px; padding:10px; background:#f9f9f9; border-radius:5px;'>\n<summary style='font-weight:bold; cursor:pointer;'>Dove pu\u00f2 essere utilizzato questo fiore?<\/summary>\n<div style='margin-top:10px; color:#555;'>Ideale per albero di Natale, ghirlande, centrotavola e composizioni fai-da-te, per uso domestico e professionale.<\/div>\n<\/details>\n<\/div>\n","protected":false},"excerpt":{"rendered":"<p>Vellutata \u00f827cm Domande Frequenti Di che materiale \u00e8 fatto il fiore? \u00c8 un tessuto artificiale vellutato, resistente e senza necessit\u00e0 di manutenzione. Come si pulisce il fiore? Si pulisce con una leggera passata di spugna o panno, evitando strofinamenti intensi. Dove pu\u00f2 essere utilizzato questo fiore? Ideale per albero di Natale, ghirlande, centrotavola e composizioni [&hellip;]<\/p>\n","protected":false},"featured_media":5184135,"comment_status":"closed","ping_status":"open","template":"","meta":[],"product_brand":[],"product_cat":[],"product_tag":[15],"class_list":{"0":"post-5317742","1":"product","2":"type-product","3":"status-publish","4":"has-post-thumbnail","6":"product_tag-uncategorized","8":"first","9":"onbackorder","10":"purchasable","11":"product-type-simple"},"jetpack_sharing_enabled":true,"_links":{"self":[{"href":"https:\/\/gadgettravellers.eu\/it\/wp-json\/wp\/v2\/product\/5317742","targetHints":{"allow":["GET"]}}],"collection":[{"href":"https:\/\/gadgettravellers.eu\/it\/wp-json\/wp\/v2\/product"}],"about":[{"href":"https:\/\/gadgettravellers.eu\/it\/wp-json\/wp\/v2\/types\/product"}],"replies":[{"embeddable":true,"href":"https:\/\/gadgettravellers.eu\/it\/wp-json\/wp\/v2\/comments?post=5317742"}],"wp:featuredmedia":[{"embeddable":true,"href":"https:\/\/gadgettravellers.eu\/it\/wp-json\/wp\/v2\/media\/5184135"}],"wp:attachment":[{"href":"https:\/\/gadgettravellers.eu\/it\/wp-json\/wp\/v2\/media?parent=5317742"}],"wp:term":[{"taxonomy":"product_brand","embeddable":true,"href":"https:\/\/gadgettravellers.eu\/it\/wp-json\/wp\/v2\/product_brand?post=5317742"},{"taxonomy":"product_cat","embeddable":true,"href":"https:\/\/gadgettravellers.eu\/it\/wp-json\/wp\/v2\/product_cat?post=5317742"},{"taxonomy":"product_tag","embeddable":true,"href":"https:\/\/gadgettravellers.eu\/it\/wp-json\/wp\/v2\/product_tag?post=5317742"}],"curies":[{"name":"wp","href":"https:\/\/api.w.org\/{rel}","templated":true}]}}