{"id":5317745,"date":"2026-01-19T14:55:44","date_gmt":"2026-01-19T12:55:44","guid":{"rendered":"https:\/\/gadgettravellers.eu\/shop\/punta-spirale-metallica-stella-oro-22x18cm-xmasfest-1133772\/"},"modified":"2026-04-22T22:57:23","modified_gmt":"2026-04-22T20:57:23","slug":"punta-spirale-metallica-stella-oro-22x18cm-xmasfest-1133772","status":"publish","type":"product","link":"https:\/\/gadgettravellers.eu\/it\/shop\/punta-spirale-metallica-stella-oro-22x18cm-xmasfest-1133772\/","title":{"rendered":"Punta Spirale Metallica Stella Oro 22x18cm Xmasfest 1133772"},"content":{"rendered":"<p>Metallo 22x18cm<\/p>\n<div class='aiseo-faq-section' style='margin-top:30px; border-top:1px solid #eee; padding-top:20px;'>\n<h3>Domande Frequenti<\/h3>\n<details style='margin-bottom:10px; padding:10px; background:#f9f9f9; border-radius:5px;'>\n<summary style='font-weight:bold; cursor:pointer;'>Di che materiale \u00e8 fatta la cima?<\/summary>\n<div style='margin-top:10px; color:#555;'>\u00c8 metallica con un aspetto dorato, come indicato nella descrizione.<\/div>\n<\/details>\n<details style='margin-bottom:10px; padding:10px; background:#f9f9f9; border-radius:5px;'>\n<summary style='font-weight:bold; cursor:pointer;'>Quali sono le dimensioni della cima?<\/summary>\n<div style='margin-top:10px; color:#555;'>La dimensione \u00e8 22&#215;18 cm.<\/div>\n<\/details>\n<details style='margin-bottom:10px; padding:10px; background:#f9f9f9; border-radius:5px;'>\n<summary style='font-weight:bold; cursor:pointer;'>\u00c8 facile da installare e resistente?<\/summary>\n<div style='margin-top:10px; color:#555;'>S\u00ec \u2014 \u00e8 leggera, resistente e progettata per essere facilmente posizionata sulla cima dell&#8217;albero.<\/div>\n<\/details>\n<\/div>\n","protected":false},"excerpt":{"rendered":"<p>Metallo 22x18cm Domande Frequenti Di che materiale \u00e8 fatta la cima? \u00c8 metallica con un aspetto dorato, come indicato nella descrizione. Quali sono le dimensioni della cima? La dimensione \u00e8 22&#215;18 cm. \u00c8 facile da installare e resistente? S\u00ec \u2014 \u00e8 leggera, resistente e progettata per essere facilmente posizionata sulla cima dell&#8217;albero.<\/p>\n","protected":false},"featured_media":5184151,"comment_status":"closed","ping_status":"open","template":"","meta":[],"product_brand":[],"product_cat":[],"product_tag":[15],"class_list":{"0":"post-5317745","1":"product","2":"type-product","3":"status-publish","4":"has-post-thumbnail","6":"product_tag-uncategorized","8":"first","9":"onbackorder","10":"purchasable","11":"product-type-simple"},"jetpack_sharing_enabled":true,"_links":{"self":[{"href":"https:\/\/gadgettravellers.eu\/it\/wp-json\/wp\/v2\/product\/5317745","targetHints":{"allow":["GET"]}}],"collection":[{"href":"https:\/\/gadgettravellers.eu\/it\/wp-json\/wp\/v2\/product"}],"about":[{"href":"https:\/\/gadgettravellers.eu\/it\/wp-json\/wp\/v2\/types\/product"}],"replies":[{"embeddable":true,"href":"https:\/\/gadgettravellers.eu\/it\/wp-json\/wp\/v2\/comments?post=5317745"}],"wp:featuredmedia":[{"embeddable":true,"href":"https:\/\/gadgettravellers.eu\/it\/wp-json\/wp\/v2\/media\/5184151"}],"wp:attachment":[{"href":"https:\/\/gadgettravellers.eu\/it\/wp-json\/wp\/v2\/media?parent=5317745"}],"wp:term":[{"taxonomy":"product_brand","embeddable":true,"href":"https:\/\/gadgettravellers.eu\/it\/wp-json\/wp\/v2\/product_brand?post=5317745"},{"taxonomy":"product_cat","embeddable":true,"href":"https:\/\/gadgettravellers.eu\/it\/wp-json\/wp\/v2\/product_cat?post=5317745"},{"taxonomy":"product_tag","embeddable":true,"href":"https:\/\/gadgettravellers.eu\/it\/wp-json\/wp\/v2\/product_tag?post=5317745"}],"curies":[{"name":"wp","href":"https:\/\/api.w.org\/{rel}","templated":true}]}}