{"id":5317746,"date":"2026-01-19T14:55:45","date_gmt":"2026-01-19T12:55:45","guid":{"rendered":"https:\/\/gadgettravellers.eu\/shop\/fiore-di-stella-di-natale-grande-verde-acqua-vellutato-o30cm-xmasfest-1133770\/"},"modified":"2026-04-22T22:57:23","modified_gmt":"2026-04-22T20:57:23","slug":"fiore-di-stella-di-natale-grande-verde-acqua-vellutato-o30cm-xmasfest-1133770","status":"publish","type":"product","link":"https:\/\/gadgettravellers.eu\/it\/shop\/fiore-di-stella-di-natale-grande-verde-acqua-vellutato-o30cm-xmasfest-1133770\/","title":{"rendered":"Fiore di Stella di Natale Grande Verde Acqua Vellutato \u00f830cm Xmasfest 1133770"},"content":{"rendered":"<p>Vellutata \u00f830cm<\/p>\n<div class='aiseo-faq-section' style='margin-top:30px; border-top:1px solid #eee; padding-top:20px;'>\n<h3>Domande Frequenti<\/h3>\n<details style='margin-bottom:10px; padding:10px; background:#f9f9f9; border-radius:5px;'>\n<summary style='font-weight:bold; cursor:pointer;'>\u00c8 adatto per esterni?<\/summary>\n<div style='margin-top:10px; color:#555;'>\u00c8 destinato all&#8217;uso interno e non \u00e8 consigliato per un&#8217;esposizione prolungata all&#8217;esterno.<\/div>\n<\/details>\n<details style='margin-bottom:10px; padding:10px; background:#f9f9f9; border-radius:5px;'>\n<summary style='font-weight:bold; cursor:pointer;'>Pu\u00f2 essere riutilizzato?<\/summary>\n<div style='margin-top:10px; color:#555;'>S\u00ec \u2014 i materiali resistenti garantiscono il riutilizzo anno dopo anno.<\/div>\n<\/details>\n<details style='margin-bottom:10px; padding:10px; background:#f9f9f9; border-radius:5px;'>\n<summary style='font-weight:bold; cursor:pointer;'>Per quali usi \u00e8 adatto questo fiore?<\/summary>\n<div style='margin-top:10px; color:#555;'>Ideale per decorazioni natalizie, ghirlande, centrotavola e vetrine.<\/div>\n<\/details>\n<details style='margin-bottom:10px; padding:10px; background:#f9f9f9; border-radius:5px;'>\n<summary style='font-weight:bold; cursor:pointer;'>Com&#8217;\u00e8 la sua consistenza e il suo aspetto?<\/summary>\n<div style='margin-top:10px; color:#555;'>La texture vellutata conferisce un aspetto naturale e lussuoso.<\/div>\n<\/details>\n<\/div>\n","protected":false},"excerpt":{"rendered":"<p>Vellutata \u00f830cm Domande Frequenti \u00c8 adatto per esterni? \u00c8 destinato all&#8217;uso interno e non \u00e8 consigliato per un&#8217;esposizione prolungata all&#8217;esterno. Pu\u00f2 essere riutilizzato? S\u00ec \u2014 i materiali resistenti garantiscono il riutilizzo anno dopo anno. Per quali usi \u00e8 adatto questo fiore? Ideale per decorazioni natalizie, ghirlande, centrotavola e vetrine. Com&#8217;\u00e8 la sua consistenza e il [&hellip;]<\/p>\n","protected":false},"featured_media":5184143,"comment_status":"closed","ping_status":"open","template":"","meta":[],"product_brand":[],"product_cat":[],"product_tag":[15],"class_list":{"0":"post-5317746","1":"product","2":"type-product","3":"status-publish","4":"has-post-thumbnail","6":"product_tag-uncategorized","8":"first","9":"onbackorder","10":"purchasable","11":"product-type-simple"},"jetpack_sharing_enabled":true,"_links":{"self":[{"href":"https:\/\/gadgettravellers.eu\/it\/wp-json\/wp\/v2\/product\/5317746","targetHints":{"allow":["GET"]}}],"collection":[{"href":"https:\/\/gadgettravellers.eu\/it\/wp-json\/wp\/v2\/product"}],"about":[{"href":"https:\/\/gadgettravellers.eu\/it\/wp-json\/wp\/v2\/types\/product"}],"replies":[{"embeddable":true,"href":"https:\/\/gadgettravellers.eu\/it\/wp-json\/wp\/v2\/comments?post=5317746"}],"wp:featuredmedia":[{"embeddable":true,"href":"https:\/\/gadgettravellers.eu\/it\/wp-json\/wp\/v2\/media\/5184143"}],"wp:attachment":[{"href":"https:\/\/gadgettravellers.eu\/it\/wp-json\/wp\/v2\/media?parent=5317746"}],"wp:term":[{"taxonomy":"product_brand","embeddable":true,"href":"https:\/\/gadgettravellers.eu\/it\/wp-json\/wp\/v2\/product_brand?post=5317746"},{"taxonomy":"product_cat","embeddable":true,"href":"https:\/\/gadgettravellers.eu\/it\/wp-json\/wp\/v2\/product_cat?post=5317746"},{"taxonomy":"product_tag","embeddable":true,"href":"https:\/\/gadgettravellers.eu\/it\/wp-json\/wp\/v2\/product_tag?post=5317746"}],"curies":[{"name":"wp","href":"https:\/\/api.w.org\/{rel}","templated":true}]}}