{"id":5317747,"date":"2026-01-19T14:55:45","date_gmt":"2026-01-19T12:55:45","guid":{"rendered":"https:\/\/gadgettravellers.eu\/shop\/punta-spirale-metallica-stella-con-cordoncini-22x18cm-xmasfest-1133773\/"},"modified":"2026-04-22T22:57:24","modified_gmt":"2026-04-22T20:57:24","slug":"punta-spirale-metallica-stella-con-cordoncini-22x18cm-xmasfest-1133773","status":"publish","type":"product","link":"https:\/\/gadgettravellers.eu\/it\/shop\/punta-spirale-metallica-stella-con-cordoncini-22x18cm-xmasfest-1133773\/","title":{"rendered":"Punta Spirale Metallica Stella con Cordoncini 22x18cm Xmasfest 1133773"},"content":{"rendered":"<p>Metallo 22x18cm<\/p>\n<div class='aiseo-faq-section' style='margin-top:30px; border-top:1px solid #eee; padding-top:20px;'>\n<h3>Domande Frequenti<\/h3>\n<details style='margin-bottom:10px; padding:10px; background:#f9f9f9; border-radius:5px;'>\n<summary style='font-weight:bold; cursor:pointer;'>Di che materiale \u00e8 la punta?<\/summary>\n<div style='margin-top:10px; color:#555;'>La cima \u00e8 realizzata in metallo.<\/div>\n<\/details>\n<details style='margin-bottom:10px; padding:10px; background:#f9f9f9; border-radius:5px;'>\n<summary style='font-weight:bold; cursor:pointer;'>Quali sono le sue dimensioni?<\/summary>\n<div style='margin-top:10px; color:#555;'>Le dimensioni sono 22&#215;18 cm.<\/div>\n<\/details>\n<details style='margin-bottom:10px; padding:10px; background:#f9f9f9; border-radius:5px;'>\n<summary style='font-weight:bold; cursor:pointer;'>Qual \u00e8 la sua forma e il suo design?<\/summary>\n<div style='margin-top:10px; color:#555;'>Ha una forma a stella con un motivo a spirale e dispone di cordoncini come dettaglio.<\/div>\n<\/details>\n<details style='margin-bottom:10px; padding:10px; background:#f9f9f9; border-radius:5px;'>\n<summary style='font-weight:bold; cursor:pointer;'>\u00c8 facile da posizionare sull&#8217;albero?<\/summary>\n<div style='margin-top:10px; color:#555;'>S\u00ec, la cima \u00e8 facile da posizionare e resistente.<\/div>\n<\/details>\n<\/div>\n","protected":false},"excerpt":{"rendered":"<p>Metallo 22x18cm Domande Frequenti Di che materiale \u00e8 la punta? La cima \u00e8 realizzata in metallo. Quali sono le sue dimensioni? Le dimensioni sono 22&#215;18 cm. Qual \u00e8 la sua forma e il suo design? Ha una forma a stella con un motivo a spirale e dispone di cordoncini come dettaglio. \u00c8 facile da posizionare [&hellip;]<\/p>\n","protected":false},"featured_media":5184155,"comment_status":"closed","ping_status":"open","template":"","meta":[],"product_brand":[],"product_cat":[],"product_tag":[15],"class_list":{"0":"post-5317747","1":"product","2":"type-product","3":"status-publish","4":"has-post-thumbnail","6":"product_tag-uncategorized","8":"first","9":"onbackorder","10":"purchasable","11":"product-type-simple"},"jetpack_sharing_enabled":true,"_links":{"self":[{"href":"https:\/\/gadgettravellers.eu\/it\/wp-json\/wp\/v2\/product\/5317747","targetHints":{"allow":["GET"]}}],"collection":[{"href":"https:\/\/gadgettravellers.eu\/it\/wp-json\/wp\/v2\/product"}],"about":[{"href":"https:\/\/gadgettravellers.eu\/it\/wp-json\/wp\/v2\/types\/product"}],"replies":[{"embeddable":true,"href":"https:\/\/gadgettravellers.eu\/it\/wp-json\/wp\/v2\/comments?post=5317747"}],"wp:featuredmedia":[{"embeddable":true,"href":"https:\/\/gadgettravellers.eu\/it\/wp-json\/wp\/v2\/media\/5184155"}],"wp:attachment":[{"href":"https:\/\/gadgettravellers.eu\/it\/wp-json\/wp\/v2\/media?parent=5317747"}],"wp:term":[{"taxonomy":"product_brand","embeddable":true,"href":"https:\/\/gadgettravellers.eu\/it\/wp-json\/wp\/v2\/product_brand?post=5317747"},{"taxonomy":"product_cat","embeddable":true,"href":"https:\/\/gadgettravellers.eu\/it\/wp-json\/wp\/v2\/product_cat?post=5317747"},{"taxonomy":"product_tag","embeddable":true,"href":"https:\/\/gadgettravellers.eu\/it\/wp-json\/wp\/v2\/product_tag?post=5317747"}],"curies":[{"name":"wp","href":"https:\/\/api.w.org\/{rel}","templated":true}]}}