{"id":5317748,"date":"2026-01-19T14:55:46","date_gmt":"2026-01-19T12:55:46","guid":{"rendered":"https:\/\/gadgettravellers.eu\/shop\/fiore-di-natale-grande-blu-vellutato-o27cm-xmasfest-1133771\/"},"modified":"2026-04-22T22:57:24","modified_gmt":"2026-04-22T20:57:24","slug":"fiore-di-natale-grande-blu-vellutato-o27cm-xmasfest-1133771","status":"publish","type":"product","link":"https:\/\/gadgettravellers.eu\/it\/shop\/fiore-di-natale-grande-blu-vellutato-o27cm-xmasfest-1133771\/","title":{"rendered":"Fiore di Natale Grande Blu Vellutato \u00f827cm Xmasfest 1133771"},"content":{"rendered":"<p>Vellutata \u00f827cm<\/p>\n<div class='aiseo-faq-section' style='margin-top:30px; border-top:1px solid #eee; padding-top:20px;'>\n<h3>Domande Frequenti<\/h3>\n<details style='margin-bottom:10px; padding:10px; background:#f9f9f9; border-radius:5px;'>\n<summary style='font-weight:bold; cursor:pointer;'>Qual \u00e8 il materiale del fiore?<\/summary>\n<div style='margin-top:10px; color:#555;'>\u00c8 un tessuto decorativo vellutato con una texture morbida.<\/div>\n<\/details>\n<details style='margin-bottom:10px; padding:10px; background:#f9f9f9; border-radius:5px;'>\n<summary style='font-weight:bold; cursor:pointer;'>Qual \u00e8 il diametro del fiore?<\/summary>\n<div style='margin-top:10px; color:#555;'>Il diametro \u00e8 27 cm.<\/div>\n<\/details>\n<details style='margin-bottom:10px; padding:10px; background:#f9f9f9; border-radius:5px;'>\n<summary style='font-weight:bold; cursor:pointer;'>\u00c8 adatto per la decorazione natalizia?<\/summary>\n<div style='margin-top:10px; color:#555;'>S\u00ec, \u00e8 ideale per decorazioni natalizie, ghirlande, tavoli e vetrine.<\/div>\n<\/details>\n<details style='margin-bottom:10px; padding:10px; background:#f9f9f9; border-radius:5px;'>\n<summary style='font-weight:bold; cursor:pointer;'>Il colore sbiadisce facilmente?<\/summary>\n<div style='margin-top:10px; color:#555;'>No, offre un colore ricco senza sbiadire facilmente.<\/div>\n<\/details>\n<details style='margin-bottom:10px; padding:10px; background:#f9f9f9; border-radius:5px;'>\n<summary style='font-weight:bold; cursor:pointer;'>\u00c8 difficile l&#8217;installazione e la manutenzione?<\/summary>\n<div style='margin-top:10px; color:#555;'>No, \u00e8 facile da installare e da curare.<\/div>\n<\/details>\n<\/div>\n","protected":false},"excerpt":{"rendered":"<p>Vellutata \u00f827cm Domande Frequenti Qual \u00e8 il materiale del fiore? \u00c8 un tessuto decorativo vellutato con una texture morbida. Qual \u00e8 il diametro del fiore? Il diametro \u00e8 27 cm. \u00c8 adatto per la decorazione natalizia? S\u00ec, \u00e8 ideale per decorazioni natalizie, ghirlande, tavoli e vetrine. Il colore sbiadisce facilmente? No, offre un colore ricco [&hellip;]<\/p>\n","protected":false},"featured_media":5184147,"comment_status":"closed","ping_status":"open","template":"","meta":[],"product_brand":[],"product_cat":[],"product_tag":[15],"class_list":{"0":"post-5317748","1":"product","2":"type-product","3":"status-publish","4":"has-post-thumbnail","6":"product_tag-uncategorized","8":"first","9":"onbackorder","10":"purchasable","11":"product-type-simple"},"jetpack_sharing_enabled":true,"_links":{"self":[{"href":"https:\/\/gadgettravellers.eu\/it\/wp-json\/wp\/v2\/product\/5317748","targetHints":{"allow":["GET"]}}],"collection":[{"href":"https:\/\/gadgettravellers.eu\/it\/wp-json\/wp\/v2\/product"}],"about":[{"href":"https:\/\/gadgettravellers.eu\/it\/wp-json\/wp\/v2\/types\/product"}],"replies":[{"embeddable":true,"href":"https:\/\/gadgettravellers.eu\/it\/wp-json\/wp\/v2\/comments?post=5317748"}],"wp:featuredmedia":[{"embeddable":true,"href":"https:\/\/gadgettravellers.eu\/it\/wp-json\/wp\/v2\/media\/5184147"}],"wp:attachment":[{"href":"https:\/\/gadgettravellers.eu\/it\/wp-json\/wp\/v2\/media?parent=5317748"}],"wp:term":[{"taxonomy":"product_brand","embeddable":true,"href":"https:\/\/gadgettravellers.eu\/it\/wp-json\/wp\/v2\/product_brand?post=5317748"},{"taxonomy":"product_cat","embeddable":true,"href":"https:\/\/gadgettravellers.eu\/it\/wp-json\/wp\/v2\/product_cat?post=5317748"},{"taxonomy":"product_tag","embeddable":true,"href":"https:\/\/gadgettravellers.eu\/it\/wp-json\/wp\/v2\/product_tag?post=5317748"}],"curies":[{"name":"wp","href":"https:\/\/api.w.org\/{rel}","templated":true}]}}