{"id":5317749,"date":"2026-01-19T14:55:47","date_gmt":"2026-01-19T12:55:47","guid":{"rendered":"https:\/\/gadgettravellers.eu\/shop\/punta-albero-schemi-a-maglia-19cm-xmasfest-1133775\/"},"modified":"2026-04-22T22:57:25","modified_gmt":"2026-04-22T20:57:25","slug":"punta-albero-schemi-a-maglia-19cm-xmasfest-1133775","status":"publish","type":"product","link":"https:\/\/gadgettravellers.eu\/it\/shop\/punta-albero-schemi-a-maglia-19cm-xmasfest-1133775\/","title":{"rendered":"Punta Albero Schemi a Maglia 19cm Xmasfest 1133775"},"content":{"rendered":"<p>Plastica 19cm<\/p>\n<div class='aiseo-faq-section' style='margin-top:30px; border-top:1px solid #eee; padding-top:20px;'>\n<h3>Domande Frequenti<\/h3>\n<details style='margin-bottom:10px; padding:10px; background:#f9f9f9; border-radius:5px;'>\n<summary style='font-weight:bold; cursor:pointer;'>Come si posiziona sulla cima dell&#8217;albero?<\/summary>\n<div style='margin-top:10px; color:#555;'>Si posiziona facilmente sulla cima dell&#8217;albero grazie alla struttura leggera e stabile.<\/div>\n<\/details>\n<details style='margin-bottom:10px; padding:10px; background:#f9f9f9; border-radius:5px;'>\n<summary style='font-weight:bold; cursor:pointer;'>Di che materiale \u00e8 fatta?<\/summary>\n<div style='margin-top:10px; color:#555;'>\u00c8 realizzata in plastica con motivo intrecciato che offre un aspetto artigianale senza la delicatezza dei tessuti.<\/div>\n<\/details>\n<details style='margin-bottom:10px; padding:10px; background:#f9f9f9; border-radius:5px;'>\n<summary style='font-weight:bold; cursor:pointer;'>Pu\u00f2 essere riutilizzato e conservato?<\/summary>\n<div style='margin-top:10px; color:#555;'>S\u00ec, \u00e8 adatta per il riutilizzo e facile da conservare.<\/div>\n<\/details>\n<details style='margin-bottom:10px; padding:10px; background:#f9f9f9; border-radius:5px;'>\n<summary style='font-weight:bold; cursor:pointer;'>Richiede cure o pulizie particolari?<\/summary>\n<div style='margin-top:10px; color:#555;'>La plastica mantiene la sua forma e si pulisce facilmente senza procedure speciali.<\/div>\n<\/details>\n<\/div>\n","protected":false},"excerpt":{"rendered":"<p>Plastica 19cm Domande Frequenti Come si posiziona sulla cima dell&#8217;albero? Si posiziona facilmente sulla cima dell&#8217;albero grazie alla struttura leggera e stabile. Di che materiale \u00e8 fatta? \u00c8 realizzata in plastica con motivo intrecciato che offre un aspetto artigianale senza la delicatezza dei tessuti. Pu\u00f2 essere riutilizzato e conservato? S\u00ec, \u00e8 adatta per il riutilizzo [&hellip;]<\/p>\n","protected":false},"featured_media":5184163,"comment_status":"closed","ping_status":"open","template":"","meta":[],"product_brand":[],"product_cat":[],"product_tag":[15],"class_list":{"0":"post-5317749","1":"product","2":"type-product","3":"status-publish","4":"has-post-thumbnail","6":"product_tag-uncategorized","8":"first","9":"onbackorder","10":"purchasable","11":"product-type-simple"},"jetpack_sharing_enabled":true,"_links":{"self":[{"href":"https:\/\/gadgettravellers.eu\/it\/wp-json\/wp\/v2\/product\/5317749","targetHints":{"allow":["GET"]}}],"collection":[{"href":"https:\/\/gadgettravellers.eu\/it\/wp-json\/wp\/v2\/product"}],"about":[{"href":"https:\/\/gadgettravellers.eu\/it\/wp-json\/wp\/v2\/types\/product"}],"replies":[{"embeddable":true,"href":"https:\/\/gadgettravellers.eu\/it\/wp-json\/wp\/v2\/comments?post=5317749"}],"wp:featuredmedia":[{"embeddable":true,"href":"https:\/\/gadgettravellers.eu\/it\/wp-json\/wp\/v2\/media\/5184163"}],"wp:attachment":[{"href":"https:\/\/gadgettravellers.eu\/it\/wp-json\/wp\/v2\/media?parent=5317749"}],"wp:term":[{"taxonomy":"product_brand","embeddable":true,"href":"https:\/\/gadgettravellers.eu\/it\/wp-json\/wp\/v2\/product_brand?post=5317749"},{"taxonomy":"product_cat","embeddable":true,"href":"https:\/\/gadgettravellers.eu\/it\/wp-json\/wp\/v2\/product_cat?post=5317749"},{"taxonomy":"product_tag","embeddable":true,"href":"https:\/\/gadgettravellers.eu\/it\/wp-json\/wp\/v2\/product_tag?post=5317749"}],"curies":[{"name":"wp","href":"https:\/\/api.w.org\/{rel}","templated":true}]}}