{"id":5317750,"date":"2026-01-19T14:55:47","date_gmt":"2026-01-19T12:55:47","guid":{"rendered":"https:\/\/gadgettravellers.eu\/shop\/punta-albero-stella-oro-con-decorazione-19cm-xmasfest-1133776\/"},"modified":"2026-04-22T22:57:25","modified_gmt":"2026-04-22T20:57:25","slug":"punta-albero-stella-oro-con-decorazione-19cm-xmasfest-1133776","status":"publish","type":"product","link":"https:\/\/gadgettravellers.eu\/it\/shop\/punta-albero-stella-oro-con-decorazione-19cm-xmasfest-1133776\/","title":{"rendered":"Punta Albero Stella Oro con Decorazione 19cm Xmasfest 1133776"},"content":{"rendered":"<p>Plastica 19cm<\/p>\n<div class='aiseo-faq-section' style='margin-top:30px; border-top:1px solid #eee; padding-top:20px;'>\n<h3>Domande Frequenti<\/h3>\n<details style='margin-bottom:10px; padding:10px; background:#f9f9f9; border-radius:5px;'>\n<summary style='font-weight:bold; cursor:pointer;'>Di quale materiale \u00e8 fatta la punta?<\/summary>\n<div style='margin-top:10px; color:#555;'>\u00c8 realizzata in plastica, offrendo una struttura leggera e resistente.<\/div>\n<\/details>\n<details style='margin-bottom:10px; padding:10px; background:#f9f9f9; border-radius:5px;'>\n<summary style='font-weight:bold; cursor:pointer;'>Qual \u00e8 la dimensione della cima?<\/summary>\n<div style='margin-top:10px; color:#555;'>La stella ha una dimensione di 19 cm.<\/div>\n<\/details>\n<details style='margin-bottom:10px; padding:10px; background:#f9f9f9; border-radius:5px;'>\n<summary style='font-weight:bold; cursor:pointer;'>Per quale ambiente \u00e8 destinato?<\/summary>\n<div style='margin-top:10px; color:#555;'>\u00c8 adatta per la decorazione degli interni.<\/div>\n<\/details>\n<details style='margin-bottom:10px; padding:10px; background:#f9f9f9; border-radius:5px;'>\n<summary style='font-weight:bold; cursor:pointer;'>\u00c8 facile l&#8217;installazione e la manutenzione?<\/summary>\n<div style='margin-top:10px; color:#555;'>S\u00ec \u2014 offre un&#8217;installazione facile e una manutenzione semplice ed \u00e8 adatta per il riutilizzo.<\/div>\n<\/details>\n<\/div>\n","protected":false},"excerpt":{"rendered":"<p>Plastica 19cm Domande Frequenti Di quale materiale \u00e8 fatta la punta? \u00c8 realizzata in plastica, offrendo una struttura leggera e resistente. Qual \u00e8 la dimensione della cima? La stella ha una dimensione di 19 cm. Per quale ambiente \u00e8 destinato? \u00c8 adatta per la decorazione degli interni. \u00c8 facile l&#8217;installazione e la manutenzione? S\u00ec \u2014 [&hellip;]<\/p>\n","protected":false},"featured_media":5184167,"comment_status":"closed","ping_status":"open","template":"","meta":[],"product_brand":[],"product_cat":[],"product_tag":[15],"class_list":{"0":"post-5317750","1":"product","2":"type-product","3":"status-publish","4":"has-post-thumbnail","6":"product_tag-uncategorized","8":"first","9":"onbackorder","10":"purchasable","11":"product-type-simple"},"jetpack_sharing_enabled":true,"_links":{"self":[{"href":"https:\/\/gadgettravellers.eu\/it\/wp-json\/wp\/v2\/product\/5317750","targetHints":{"allow":["GET"]}}],"collection":[{"href":"https:\/\/gadgettravellers.eu\/it\/wp-json\/wp\/v2\/product"}],"about":[{"href":"https:\/\/gadgettravellers.eu\/it\/wp-json\/wp\/v2\/types\/product"}],"replies":[{"embeddable":true,"href":"https:\/\/gadgettravellers.eu\/it\/wp-json\/wp\/v2\/comments?post=5317750"}],"wp:featuredmedia":[{"embeddable":true,"href":"https:\/\/gadgettravellers.eu\/it\/wp-json\/wp\/v2\/media\/5184167"}],"wp:attachment":[{"href":"https:\/\/gadgettravellers.eu\/it\/wp-json\/wp\/v2\/media?parent=5317750"}],"wp:term":[{"taxonomy":"product_brand","embeddable":true,"href":"https:\/\/gadgettravellers.eu\/it\/wp-json\/wp\/v2\/product_brand?post=5317750"},{"taxonomy":"product_cat","embeddable":true,"href":"https:\/\/gadgettravellers.eu\/it\/wp-json\/wp\/v2\/product_cat?post=5317750"},{"taxonomy":"product_tag","embeddable":true,"href":"https:\/\/gadgettravellers.eu\/it\/wp-json\/wp\/v2\/product_tag?post=5317750"}],"curies":[{"name":"wp","href":"https:\/\/api.w.org\/{rel}","templated":true}]}}