{"id":5317751,"date":"2026-01-19T14:55:48","date_gmt":"2026-01-19T12:55:48","guid":{"rendered":"https:\/\/gadgettravellers.eu\/shop\/addobbo-acrilico-renna-14x13cm-xmasfest-1133777\/"},"modified":"2026-04-22T22:57:26","modified_gmt":"2026-04-22T20:57:26","slug":"addobbo-acrilico-renna-14x13cm-xmasfest-1133777","status":"publish","type":"product","link":"https:\/\/gadgettravellers.eu\/it\/shop\/addobbo-acrilico-renna-14x13cm-xmasfest-1133777\/","title":{"rendered":"Addobbo Acrilico Renna 14x13cm Xmasfest 1133777"},"content":{"rendered":"<p>Acrilico iridescente 14x13cm<\/p>\n<div class='aiseo-faq-section' style='margin-top:30px; border-top:1px solid #eee; padding-top:20px;'>\n<h3>Domande Frequenti<\/h3>\n<details style='margin-bottom:10px; padding:10px; background:#f9f9f9; border-radius:5px;'>\n<summary style='font-weight:bold; cursor:pointer;'>Di che materiale \u00e8 il gioiello?<\/summary>\n<div style='margin-top:10px; color:#555;'>L&#8217;ornamento \u00e8 realizzato in acrilico con superficie iridescente.<\/div>\n<\/details>\n<details style='margin-bottom:10px; padding:10px; background:#f9f9f9; border-radius:5px;'>\n<summary style='font-weight:bold; cursor:pointer;'>Quali sono le sue dimensioni?<\/summary>\n<div style='margin-top:10px; color:#555;'>Le dimensioni sono 14&#215;13 cm.<\/div>\n<\/details>\n<details style='margin-bottom:10px; padding:10px; background:#f9f9f9; border-radius:5px;'>\n<summary style='font-weight:bold; cursor:pointer;'>\u00c8 adatto per decorare l&#8217;albero di Natale?<\/summary>\n<div style='margin-top:10px; color:#555;'>S\u00ec, \u00e8 ideale per la decorazione dell&#8217;albero di Natale.<\/div>\n<\/details>\n<details style='margin-bottom:10px; padding:10px; background:#f9f9f9; border-radius:5px;'>\n<summary style='font-weight:bold; cursor:pointer;'>\u00c8 leggero e resistente?<\/summary>\n<div style='margin-top:10px; color:#555;'>S\u00ec, il prodotto \u00e8 leggero e resistente, come indicato nella descrizione.<\/div>\n<\/details>\n<\/div>\n","protected":false},"excerpt":{"rendered":"<p>Acrilico iridescente 14x13cm Domande Frequenti Di che materiale \u00e8 il gioiello? L&#8217;ornamento \u00e8 realizzato in acrilico con superficie iridescente. Quali sono le sue dimensioni? Le dimensioni sono 14&#215;13 cm. \u00c8 adatto per decorare l&#8217;albero di Natale? S\u00ec, \u00e8 ideale per la decorazione dell&#8217;albero di Natale. \u00c8 leggero e resistente? S\u00ec, il prodotto \u00e8 leggero e [&hellip;]<\/p>\n","protected":false},"featured_media":5184171,"comment_status":"closed","ping_status":"open","template":"","meta":[],"product_brand":[],"product_cat":[],"product_tag":[15],"class_list":{"0":"post-5317751","1":"product","2":"type-product","3":"status-publish","4":"has-post-thumbnail","6":"product_tag-uncategorized","8":"first","9":"onbackorder","10":"purchasable","11":"product-type-simple"},"jetpack_sharing_enabled":true,"_links":{"self":[{"href":"https:\/\/gadgettravellers.eu\/it\/wp-json\/wp\/v2\/product\/5317751","targetHints":{"allow":["GET"]}}],"collection":[{"href":"https:\/\/gadgettravellers.eu\/it\/wp-json\/wp\/v2\/product"}],"about":[{"href":"https:\/\/gadgettravellers.eu\/it\/wp-json\/wp\/v2\/types\/product"}],"replies":[{"embeddable":true,"href":"https:\/\/gadgettravellers.eu\/it\/wp-json\/wp\/v2\/comments?post=5317751"}],"wp:featuredmedia":[{"embeddable":true,"href":"https:\/\/gadgettravellers.eu\/it\/wp-json\/wp\/v2\/media\/5184171"}],"wp:attachment":[{"href":"https:\/\/gadgettravellers.eu\/it\/wp-json\/wp\/v2\/media?parent=5317751"}],"wp:term":[{"taxonomy":"product_brand","embeddable":true,"href":"https:\/\/gadgettravellers.eu\/it\/wp-json\/wp\/v2\/product_brand?post=5317751"},{"taxonomy":"product_cat","embeddable":true,"href":"https:\/\/gadgettravellers.eu\/it\/wp-json\/wp\/v2\/product_cat?post=5317751"},{"taxonomy":"product_tag","embeddable":true,"href":"https:\/\/gadgettravellers.eu\/it\/wp-json\/wp\/v2\/product_tag?post=5317751"}],"curies":[{"name":"wp","href":"https:\/\/api.w.org\/{rel}","templated":true}]}}