{"id":5317756,"date":"2026-01-19T14:55:49","date_gmt":"2026-01-19T12:55:49","guid":{"rendered":"https:\/\/gadgettravellers.eu\/shop\/addobbo-acrilico-angioletto-13x11cm-xmasfest-1133781\/"},"modified":"2026-04-22T22:57:28","modified_gmt":"2026-04-22T20:57:28","slug":"addobbo-acrilico-angioletto-13x11cm-xmasfest-1133781","status":"publish","type":"product","link":"https:\/\/gadgettravellers.eu\/it\/shop\/addobbo-acrilico-angioletto-13x11cm-xmasfest-1133781\/","title":{"rendered":"Addobbo Acrilico Angioletto 13x11cm Xmasfest 1133781"},"content":{"rendered":"<p>Acrilico 13x11cm<\/p>\n<div class='aiseo-faq-section' style='margin-top:30px; border-top:1px solid #eee; padding-top:20px;'>\n<h3>Domande Frequenti<\/h3>\n<details style='margin-bottom:10px; padding:10px; background:#f9f9f9; border-radius:5px;'>\n<summary style='font-weight:bold; cursor:pointer;'>Di che materiale \u00e8 il gioiello?<\/summary>\n<div style='margin-top:10px; color:#555;'>L&#8217;ornamento \u00e8 realizzato in acrilico, un materiale trasparente e leggero.<\/div>\n<\/details>\n<details style='margin-bottom:10px; padding:10px; background:#f9f9f9; border-radius:5px;'>\n<summary style='font-weight:bold; cursor:pointer;'>Quali sono le dimensioni dell&#8217;angelo?<\/summary>\n<div style='margin-top:10px; color:#555;'>Le dimensioni sono 13&#215;11 cm, dimensione ideale per l&#8217;albero o la decorazione.<\/div>\n<\/details>\n<details style='margin-bottom:10px; padding:10px; background:#f9f9f9; border-radius:5px;'>\n<summary style='font-weight:bold; cursor:pointer;'>\u00c8 facile da appendere e pu\u00f2 essere usato come regalo?<\/summary>\n<div style='margin-top:10px; color:#555;'>S\u00ec, \u00e8 facile da appendere, resistente e adatto come piccolo regalo.<\/div>\n<\/details>\n<\/div>\n","protected":false},"excerpt":{"rendered":"<p>Acrilico 13x11cm Domande Frequenti Di che materiale \u00e8 il gioiello? L&#8217;ornamento \u00e8 realizzato in acrilico, un materiale trasparente e leggero. Quali sono le dimensioni dell&#8217;angelo? Le dimensioni sono 13&#215;11 cm, dimensione ideale per l&#8217;albero o la decorazione. \u00c8 facile da appendere e pu\u00f2 essere usato come regalo? S\u00ec, \u00e8 facile da appendere, resistente e adatto [&hellip;]<\/p>\n","protected":false},"featured_media":5184187,"comment_status":"closed","ping_status":"open","template":"","meta":[],"product_brand":[],"product_cat":[],"product_tag":[15],"class_list":{"0":"post-5317756","1":"product","2":"type-product","3":"status-publish","4":"has-post-thumbnail","6":"product_tag-uncategorized","8":"first","9":"onbackorder","10":"purchasable","11":"product-type-simple"},"jetpack_sharing_enabled":true,"_links":{"self":[{"href":"https:\/\/gadgettravellers.eu\/it\/wp-json\/wp\/v2\/product\/5317756","targetHints":{"allow":["GET"]}}],"collection":[{"href":"https:\/\/gadgettravellers.eu\/it\/wp-json\/wp\/v2\/product"}],"about":[{"href":"https:\/\/gadgettravellers.eu\/it\/wp-json\/wp\/v2\/types\/product"}],"replies":[{"embeddable":true,"href":"https:\/\/gadgettravellers.eu\/it\/wp-json\/wp\/v2\/comments?post=5317756"}],"wp:featuredmedia":[{"embeddable":true,"href":"https:\/\/gadgettravellers.eu\/it\/wp-json\/wp\/v2\/media\/5184187"}],"wp:attachment":[{"href":"https:\/\/gadgettravellers.eu\/it\/wp-json\/wp\/v2\/media?parent=5317756"}],"wp:term":[{"taxonomy":"product_brand","embeddable":true,"href":"https:\/\/gadgettravellers.eu\/it\/wp-json\/wp\/v2\/product_brand?post=5317756"},{"taxonomy":"product_cat","embeddable":true,"href":"https:\/\/gadgettravellers.eu\/it\/wp-json\/wp\/v2\/product_cat?post=5317756"},{"taxonomy":"product_tag","embeddable":true,"href":"https:\/\/gadgettravellers.eu\/it\/wp-json\/wp\/v2\/product_tag?post=5317756"}],"curies":[{"name":"wp","href":"https:\/\/api.w.org\/{rel}","templated":true}]}}