{"id":5317758,"date":"2026-01-19T14:55:50","date_gmt":"2026-01-19T12:55:50","guid":{"rendered":"https:\/\/gadgettravellers.eu\/shop\/punta-acrilica-stella-con-palla-21cm-xmasfest-1133783\/"},"modified":"2026-04-22T22:57:29","modified_gmt":"2026-04-22T20:57:29","slug":"punta-acrilica-stella-con-palla-21cm-xmasfest-1133783","status":"publish","type":"product","link":"https:\/\/gadgettravellers.eu\/it\/shop\/punta-acrilica-stella-con-palla-21cm-xmasfest-1133783\/","title":{"rendered":"Punta Acrilica Stella con Palla 21cm Xmasfest 1133783"},"content":{"rendered":"<p>Acrilico iridescente 21cm<\/p>\n<div class='aiseo-faq-section' style='margin-top:30px; border-top:1px solid #eee; padding-top:20px;'>\n<h3>Domande Frequenti<\/h3>\n<details style='margin-bottom:10px; padding:10px; background:#f9f9f9; border-radius:5px;'>\n<summary style='font-weight:bold; cursor:pointer;'>Di che materiale \u00e8 la punta?<\/summary>\n<div style='margin-top:10px; color:#555;'>\u00c8 acrilica e ha una finitura iridescente.<\/div>\n<\/details>\n<details style='margin-bottom:10px; padding:10px; background:#f9f9f9; border-radius:5px;'>\n<summary style='font-weight:bold; cursor:pointer;'>Qual \u00e8 la dimensione della cima?<\/summary>\n<div style='margin-top:10px; color:#555;'>L&#8217;altezza \u00e8 di 21 cm.<\/div>\n<\/details>\n<details style='margin-bottom:10px; padding:10px; background:#f9f9f9; border-radius:5px;'>\n<summary style='font-weight:bold; cursor:pointer;'>Qual \u00e8 il piano del vertice?<\/summary>\n<div style='margin-top:10px; color:#555;'>Disegno a stella con palla, adatto per la cima dell&#8217;albero di Natale.<\/div>\n<\/details>\n<details style='margin-bottom:10px; padding:10px; background:#f9f9f9; border-radius:5px;'>\n<summary style='font-weight:bold; cursor:pointer;'>La cima \u00e8 resistente?<\/summary>\n<div style='margin-top:10px; color:#555;'>\u00c8 leggera e resistente, adatta per un uso costante nella decorazione.<\/div>\n<\/details>\n<\/div>\n","protected":false},"excerpt":{"rendered":"<p>Acrilico iridescente 21cm Domande Frequenti Di che materiale \u00e8 la punta? \u00c8 acrilica e ha una finitura iridescente. Qual \u00e8 la dimensione della cima? L&#8217;altezza \u00e8 di 21 cm. Qual \u00e8 il piano del vertice? Disegno a stella con palla, adatto per la cima dell&#8217;albero di Natale. La cima \u00e8 resistente? \u00c8 leggera e resistente, [&hellip;]<\/p>\n","protected":false},"featured_media":5184195,"comment_status":"closed","ping_status":"open","template":"","meta":[],"product_brand":[],"product_cat":[],"product_tag":[15],"class_list":{"0":"post-5317758","1":"product","2":"type-product","3":"status-publish","4":"has-post-thumbnail","6":"product_tag-uncategorized","8":"first","9":"onbackorder","10":"purchasable","11":"product-type-simple"},"jetpack_sharing_enabled":true,"_links":{"self":[{"href":"https:\/\/gadgettravellers.eu\/it\/wp-json\/wp\/v2\/product\/5317758","targetHints":{"allow":["GET"]}}],"collection":[{"href":"https:\/\/gadgettravellers.eu\/it\/wp-json\/wp\/v2\/product"}],"about":[{"href":"https:\/\/gadgettravellers.eu\/it\/wp-json\/wp\/v2\/types\/product"}],"replies":[{"embeddable":true,"href":"https:\/\/gadgettravellers.eu\/it\/wp-json\/wp\/v2\/comments?post=5317758"}],"wp:featuredmedia":[{"embeddable":true,"href":"https:\/\/gadgettravellers.eu\/it\/wp-json\/wp\/v2\/media\/5184195"}],"wp:attachment":[{"href":"https:\/\/gadgettravellers.eu\/it\/wp-json\/wp\/v2\/media?parent=5317758"}],"wp:term":[{"taxonomy":"product_brand","embeddable":true,"href":"https:\/\/gadgettravellers.eu\/it\/wp-json\/wp\/v2\/product_brand?post=5317758"},{"taxonomy":"product_cat","embeddable":true,"href":"https:\/\/gadgettravellers.eu\/it\/wp-json\/wp\/v2\/product_cat?post=5317758"},{"taxonomy":"product_tag","embeddable":true,"href":"https:\/\/gadgettravellers.eu\/it\/wp-json\/wp\/v2\/product_tag?post=5317758"}],"curies":[{"name":"wp","href":"https:\/\/api.w.org\/{rel}","templated":true}]}}