{"id":5317760,"date":"2026-01-19T14:55:51","date_gmt":"2026-01-19T12:55:51","guid":{"rendered":"https:\/\/gadgettravellers.eu\/shop\/portacandela-tealight-in-metallo-con-albero-165x105cm-xmasfest-1133788\/"},"modified":"2026-04-22T22:57:31","modified_gmt":"2026-04-22T20:57:31","slug":"portacandela-tealight-in-metallo-con-albero-165x105cm-xmasfest-1133788","status":"publish","type":"product","link":"https:\/\/gadgettravellers.eu\/it\/shop\/portacandela-tealight-in-metallo-con-albero-165x105cm-xmasfest-1133788\/","title":{"rendered":"Portacandela Tealight in Metallo con Albero 16,5&#215;10,5cm Xmasfest 1133788"},"content":{"rendered":"<p>Portacandela in metallo per tealight 16,5&#215;10,5cm<\/p>\n<div class='aiseo-faq-section' style='margin-top:30px; border-top:1px solid #eee; padding-top:20px;'>\n<h3>Domande Frequenti<\/h3>\n<details style='margin-bottom:10px; padding:10px; background:#f9f9f9; border-radius:5px;'>\n<summary style='font-weight:bold; cursor:pointer;'>Con quale tipo di candele \u00e8 compatibile il portacandele?<\/summary>\n<div style='margin-top:10px; color:#555;'>\u00c8 adatto per tealight (candele a lumino).<\/div>\n<\/details>\n<details style='margin-bottom:10px; padding:10px; background:#f9f9f9; border-radius:5px;'>\n<summary style='font-weight:bold; cursor:pointer;'>Quali sono le dimensioni del portacandele?<\/summary>\n<div style='margin-top:10px; color:#555;'>Le dimensioni sono 16,5 x 10,5 cm.<\/div>\n<\/details>\n<details style='margin-bottom:10px; padding:10px; background:#f9f9f9; border-radius:5px;'>\n<summary style='font-weight:bold; cursor:pointer;'>Di che materiale \u00e8 fatto?<\/summary>\n<div style='margin-top:10px; color:#555;'>Realizzato in materiale metallico robusto.<\/div>\n<\/details>\n<details style='margin-bottom:10px; padding:10px; background:#f9f9f9; border-radius:5px;'>\n<summary style='font-weight:bold; cursor:pointer;'>Pu\u00f2 essere usato come regalo?<\/summary>\n<div style='margin-top:10px; color:#555;'>S\u00ec, \u00e8 adatto come regalo di Natale o come decorazione per la tavola.<\/div>\n<\/details>\n<\/div>\n","protected":false},"excerpt":{"rendered":"<p>Portacandela in metallo per tealight 16,5&#215;10,5cm Domande Frequenti Con quale tipo di candele \u00e8 compatibile il portacandele? \u00c8 adatto per tealight (candele a lumino). Quali sono le dimensioni del portacandele? Le dimensioni sono 16,5 x 10,5 cm. Di che materiale \u00e8 fatto? Realizzato in materiale metallico robusto. Pu\u00f2 essere usato come regalo? S\u00ec, \u00e8 adatto [&hellip;]<\/p>\n","protected":false},"featured_media":5184214,"comment_status":"closed","ping_status":"open","template":"","meta":[],"product_brand":[],"product_cat":[],"product_tag":[15],"class_list":{"0":"post-5317760","1":"product","2":"type-product","3":"status-publish","4":"has-post-thumbnail","6":"product_tag-uncategorized","8":"first","9":"onbackorder","10":"purchasable","11":"product-type-simple"},"jetpack_sharing_enabled":true,"_links":{"self":[{"href":"https:\/\/gadgettravellers.eu\/it\/wp-json\/wp\/v2\/product\/5317760","targetHints":{"allow":["GET"]}}],"collection":[{"href":"https:\/\/gadgettravellers.eu\/it\/wp-json\/wp\/v2\/product"}],"about":[{"href":"https:\/\/gadgettravellers.eu\/it\/wp-json\/wp\/v2\/types\/product"}],"replies":[{"embeddable":true,"href":"https:\/\/gadgettravellers.eu\/it\/wp-json\/wp\/v2\/comments?post=5317760"}],"wp:featuredmedia":[{"embeddable":true,"href":"https:\/\/gadgettravellers.eu\/it\/wp-json\/wp\/v2\/media\/5184214"}],"wp:attachment":[{"href":"https:\/\/gadgettravellers.eu\/it\/wp-json\/wp\/v2\/media?parent=5317760"}],"wp:term":[{"taxonomy":"product_brand","embeddable":true,"href":"https:\/\/gadgettravellers.eu\/it\/wp-json\/wp\/v2\/product_brand?post=5317760"},{"taxonomy":"product_cat","embeddable":true,"href":"https:\/\/gadgettravellers.eu\/it\/wp-json\/wp\/v2\/product_cat?post=5317760"},{"taxonomy":"product_tag","embeddable":true,"href":"https:\/\/gadgettravellers.eu\/it\/wp-json\/wp\/v2\/product_tag?post=5317760"}],"curies":[{"name":"wp","href":"https:\/\/api.w.org\/{rel}","templated":true}]}}