{"id":5317762,"date":"2026-01-19T14:55:53","date_gmt":"2026-01-19T12:55:53","guid":{"rendered":"https:\/\/gadgettravellers.eu\/shop\/portacandela-per-candela-lunga-con-cervo-155x8cm-xmasfest-1133789\/"},"modified":"2026-04-22T22:57:32","modified_gmt":"2026-04-22T20:57:32","slug":"portacandela-per-candela-lunga-con-cervo-155x8cm-xmasfest-1133789","status":"publish","type":"product","link":"https:\/\/gadgettravellers.eu\/it\/shop\/portacandela-per-candela-lunga-con-cervo-155x8cm-xmasfest-1133789\/","title":{"rendered":"Portacandela per candela lunga con cervo 15,5x8cm Xmasfest 1133789"},"content":{"rendered":"<p>Portacandela in metallo per candela lunga 15,5x8cm<\/p>\n<div class='aiseo-faq-section' style='margin-top:30px; border-top:1px solid #eee; padding-top:20px;'>\n<h3>Domande Frequenti<\/h3>\n<details style='margin-bottom:10px; padding:10px; background:#f9f9f9; border-radius:5px;'>\n<summary style='font-weight:bold; cursor:pointer;'>Di che materiale \u00e8 fatto il portacandele?<\/summary>\n<div style='margin-top:10px; color:#555;'>Il portacandele \u00e8 in metallo.<\/div>\n<\/details>\n<details style='margin-bottom:10px; padding:10px; background:#f9f9f9; border-radius:5px;'>\n<summary style='font-weight:bold; cursor:pointer;'>Per quale tipo di candela \u00e8 destinato?<\/summary>\n<div style='margin-top:10px; color:#555;'>\u00c8 destinato a una candela lunga.<\/div>\n<\/details>\n<details style='margin-bottom:10px; padding:10px; background:#f9f9f9; border-radius:5px;'>\n<summary style='font-weight:bold; cursor:pointer;'>Quali sono le dimensioni del prodotto?<\/summary>\n<div style='margin-top:10px; color:#555;'>Le dimensioni sono 15,5&#215;8 cm.<\/div>\n<\/details>\n<details style='margin-bottom:10px; padding:10px; background:#f9f9f9; border-radius:5px;'>\n<summary style='font-weight:bold; cursor:pointer;'>\u00c8 adatto per la decorazione natalizia?<\/summary>\n<div style='margin-top:10px; color:#555;'>S\u00ec, \u00e8 ideale per la decorazione natalizia e per la tavola.<\/div>\n<\/details>\n<details style='margin-bottom:10px; padding:10px; background:#f9f9f9; border-radius:5px;'>\n<summary style='font-weight:bold; cursor:pointer;'>Pu\u00f2 essere regalato?<\/summary>\n<div style='margin-top:10px; color:#555;'>S\u00ec, nella descrizione si dice che \u00e8 ideale come regalo.<\/div>\n<\/details>\n<\/div>\n","protected":false},"excerpt":{"rendered":"<p>Portacandela in metallo per candela lunga 15,5x8cm Domande Frequenti Di che materiale \u00e8 fatto il portacandele? Il portacandele \u00e8 in metallo. Per quale tipo di candela \u00e8 destinato? \u00c8 destinato a una candela lunga. Quali sono le dimensioni del prodotto? Le dimensioni sono 15,5&#215;8 cm. \u00c8 adatto per la decorazione natalizia? S\u00ec, \u00e8 ideale per [&hellip;]<\/p>\n","protected":false},"featured_media":5184218,"comment_status":"closed","ping_status":"open","template":"","meta":[],"product_brand":[],"product_cat":[],"product_tag":[15],"class_list":{"0":"post-5317762","1":"product","2":"type-product","3":"status-publish","4":"has-post-thumbnail","6":"product_tag-uncategorized","8":"first","9":"onbackorder","10":"purchasable","11":"product-type-simple"},"jetpack_sharing_enabled":true,"_links":{"self":[{"href":"https:\/\/gadgettravellers.eu\/it\/wp-json\/wp\/v2\/product\/5317762","targetHints":{"allow":["GET"]}}],"collection":[{"href":"https:\/\/gadgettravellers.eu\/it\/wp-json\/wp\/v2\/product"}],"about":[{"href":"https:\/\/gadgettravellers.eu\/it\/wp-json\/wp\/v2\/types\/product"}],"replies":[{"embeddable":true,"href":"https:\/\/gadgettravellers.eu\/it\/wp-json\/wp\/v2\/comments?post=5317762"}],"wp:featuredmedia":[{"embeddable":true,"href":"https:\/\/gadgettravellers.eu\/it\/wp-json\/wp\/v2\/media\/5184218"}],"wp:attachment":[{"href":"https:\/\/gadgettravellers.eu\/it\/wp-json\/wp\/v2\/media?parent=5317762"}],"wp:term":[{"taxonomy":"product_brand","embeddable":true,"href":"https:\/\/gadgettravellers.eu\/it\/wp-json\/wp\/v2\/product_brand?post=5317762"},{"taxonomy":"product_cat","embeddable":true,"href":"https:\/\/gadgettravellers.eu\/it\/wp-json\/wp\/v2\/product_cat?post=5317762"},{"taxonomy":"product_tag","embeddable":true,"href":"https:\/\/gadgettravellers.eu\/it\/wp-json\/wp\/v2\/product_tag?post=5317762"}],"curies":[{"name":"wp","href":"https:\/\/api.w.org\/{rel}","templated":true}]}}