{"id":5317763,"date":"2026-01-19T14:55:53","date_gmt":"2026-01-19T12:55:53","guid":{"rendered":"https:\/\/gadgettravellers.eu\/shop\/fascia-cappellino-degli-elfi-con-molle-xmasfest-1133791\/"},"modified":"2026-04-22T22:57:32","modified_gmt":"2026-04-22T20:57:32","slug":"fascia-cappellino-degli-elfi-con-molle-xmasfest-1133791","status":"publish","type":"product","link":"https:\/\/gadgettravellers.eu\/it\/shop\/fascia-cappellino-degli-elfi-con-molle-xmasfest-1133791\/","title":{"rendered":"Fascia Cappellino degli Elfi con Molle Xmasfest 1133791"},"content":{"rendered":"<p>(a progetto)<\/p>\n<div class='aiseo-faq-section' style='margin-top:30px; border-top:1px solid #eee; padding-top:20px;'>\n<h3>Domande Frequenti<\/h3>\n<details style='margin-bottom:10px; padding:10px; background:#f9f9f9; border-radius:5px;'>\n<summary style='font-weight:bold; cursor:pointer;'>A quali et\u00e0 si applica la fascia?<\/summary>\n<div style='margin-top:10px; color:#555;'>\u00c8 taglia unica e si adatta facilmente ad adulti e bambini.<\/div>\n<\/details>\n<details style='margin-bottom:10px; padding:10px; background:#f9f9f9; border-radius:5px;'>\n<summary style='font-weight:bold; cursor:pointer;'>Le molle mantengono la forma?<\/summary>\n<div style='margin-top:10px; color:#555;'>S\u00ec, le molle mantengono la forma permettendo movimenti vivaci senza perdere l&#8217;aspetto.<\/div>\n<\/details>\n<details style='margin-bottom:10px; padding:10px; background:#f9f9f9; border-radius:5px;'>\n<summary style='font-weight:bold; cursor:pointer;'>\u00c8 comoda da usare alle feste?<\/summary>\n<div style='margin-top:10px; color:#555;'>S\u00ec, \u00e8 leggera e comoda, adatta per eventi natalizi e di Carnevale.<\/div>\n<\/details>\n<details style='margin-bottom:10px; padding:10px; background:#f9f9f9; border-radius:5px;'>\n<summary style='font-weight:bold; cursor:pointer;'>Disponibile in diversi modelli?<\/summary>\n<div style='margin-top:10px; color:#555;'>S\u00ec, \u00e8 disponibile per design per una variet\u00e0 di look.<\/div>\n<\/details>\n<\/div>\n","protected":false},"excerpt":{"rendered":"<p>(a progetto) Domande Frequenti A quali et\u00e0 si applica la fascia? \u00c8 taglia unica e si adatta facilmente ad adulti e bambini. Le molle mantengono la forma? S\u00ec, le molle mantengono la forma permettendo movimenti vivaci senza perdere l&#8217;aspetto. \u00c8 comoda da usare alle feste? S\u00ec, \u00e8 leggera e comoda, adatta per eventi natalizi e [&hellip;]<\/p>\n","protected":false},"featured_media":5184226,"comment_status":"closed","ping_status":"open","template":"","meta":[],"product_brand":[],"product_cat":[],"product_tag":[15],"class_list":{"0":"post-5317763","1":"product","2":"type-product","3":"status-publish","4":"has-post-thumbnail","6":"product_tag-uncategorized","8":"first","9":"onbackorder","10":"purchasable","11":"product-type-simple"},"jetpack_sharing_enabled":true,"_links":{"self":[{"href":"https:\/\/gadgettravellers.eu\/it\/wp-json\/wp\/v2\/product\/5317763","targetHints":{"allow":["GET"]}}],"collection":[{"href":"https:\/\/gadgettravellers.eu\/it\/wp-json\/wp\/v2\/product"}],"about":[{"href":"https:\/\/gadgettravellers.eu\/it\/wp-json\/wp\/v2\/types\/product"}],"replies":[{"embeddable":true,"href":"https:\/\/gadgettravellers.eu\/it\/wp-json\/wp\/v2\/comments?post=5317763"}],"wp:featuredmedia":[{"embeddable":true,"href":"https:\/\/gadgettravellers.eu\/it\/wp-json\/wp\/v2\/media\/5184226"}],"wp:attachment":[{"href":"https:\/\/gadgettravellers.eu\/it\/wp-json\/wp\/v2\/media?parent=5317763"}],"wp:term":[{"taxonomy":"product_brand","embeddable":true,"href":"https:\/\/gadgettravellers.eu\/it\/wp-json\/wp\/v2\/product_brand?post=5317763"},{"taxonomy":"product_cat","embeddable":true,"href":"https:\/\/gadgettravellers.eu\/it\/wp-json\/wp\/v2\/product_cat?post=5317763"},{"taxonomy":"product_tag","embeddable":true,"href":"https:\/\/gadgettravellers.eu\/it\/wp-json\/wp\/v2\/product_tag?post=5317763"}],"curies":[{"name":"wp","href":"https:\/\/api.w.org\/{rel}","templated":true}]}}