{"id":5317765,"date":"2026-01-19T14:55:55","date_gmt":"2026-01-19T12:55:55","guid":{"rendered":"https:\/\/gadgettravellers.eu\/shop\/punta-albero-stella-bianca-metallica-23x20cm-xmasfest-1133790\/"},"modified":"2026-04-22T22:57:33","modified_gmt":"2026-04-22T20:57:33","slug":"punta-albero-stella-bianca-metallica-23x20cm-xmasfest-1133790","status":"publish","type":"product","link":"https:\/\/gadgettravellers.eu\/it\/shop\/punta-albero-stella-bianca-metallica-23x20cm-xmasfest-1133790\/","title":{"rendered":"Punta Albero Stella Bianca Metallica 23x20cm Xmasfest 1133790"},"content":{"rendered":"<p>Metallo 23x20cm<\/p>\n<div class='aiseo-faq-section' style='margin-top:30px; border-top:1px solid #eee; padding-top:20px;'>\n<h3>Domande Frequenti<\/h3>\n<details style='margin-bottom:10px; padding:10px; background:#f9f9f9; border-radius:5px;'>\n<summary style='font-weight:bold; cursor:pointer;'>Quali sono le dimensioni del prodotto?<\/summary>\n<div style='margin-top:10px; color:#555;'>23 x 20 cm.<\/div>\n<\/details>\n<details style='margin-bottom:10px; padding:10px; background:#f9f9f9; border-radius:5px;'>\n<summary style='font-weight:bold; cursor:pointer;'>Di quale materiale \u00e8 fatta la punta?<\/summary>\n<div style='margin-top:10px; color:#555;'>\u00c8 di metallo.<\/div>\n<\/details>\n<details style='margin-bottom:10px; padding:10px; background:#f9f9f9; border-radius:5px;'>\n<summary style='font-weight:bold; cursor:pointer;'>Di che forma \u00e8 la cima?<\/summary>\n<div style='margin-top:10px; color:#555;'>A forma di stella.<\/div>\n<\/details>\n<details style='margin-bottom:10px; padding:10px; background:#f9f9f9; border-radius:5px;'>\n<summary style='font-weight:bold; cursor:pointer;'>\u00c8 adatta per uso interno?<\/summary>\n<div style='margin-top:10px; color:#555;'>S\u00ec, \u00e8 una scelta robusta ed elegante per la decorazione natalizia interna.<\/div>\n<\/details>\n<\/div>\n","protected":false},"excerpt":{"rendered":"<p>Metallo 23x20cm Domande Frequenti Quali sono le dimensioni del prodotto? 23 x 20 cm. Di quale materiale \u00e8 fatta la punta? \u00c8 di metallo. Di che forma \u00e8 la cima? A forma di stella. \u00c8 adatta per uso interno? S\u00ec, \u00e8 una scelta robusta ed elegante per la decorazione natalizia interna.<\/p>\n","protected":false},"featured_media":5184222,"comment_status":"closed","ping_status":"open","template":"","meta":[],"product_brand":[],"product_cat":[],"product_tag":[15],"class_list":{"0":"post-5317765","1":"product","2":"type-product","3":"status-publish","4":"has-post-thumbnail","6":"product_tag-uncategorized","8":"first","9":"onbackorder","10":"purchasable","11":"product-type-simple"},"jetpack_sharing_enabled":true,"_links":{"self":[{"href":"https:\/\/gadgettravellers.eu\/it\/wp-json\/wp\/v2\/product\/5317765","targetHints":{"allow":["GET"]}}],"collection":[{"href":"https:\/\/gadgettravellers.eu\/it\/wp-json\/wp\/v2\/product"}],"about":[{"href":"https:\/\/gadgettravellers.eu\/it\/wp-json\/wp\/v2\/types\/product"}],"replies":[{"embeddable":true,"href":"https:\/\/gadgettravellers.eu\/it\/wp-json\/wp\/v2\/comments?post=5317765"}],"wp:featuredmedia":[{"embeddable":true,"href":"https:\/\/gadgettravellers.eu\/it\/wp-json\/wp\/v2\/media\/5184222"}],"wp:attachment":[{"href":"https:\/\/gadgettravellers.eu\/it\/wp-json\/wp\/v2\/media?parent=5317765"}],"wp:term":[{"taxonomy":"product_brand","embeddable":true,"href":"https:\/\/gadgettravellers.eu\/it\/wp-json\/wp\/v2\/product_brand?post=5317765"},{"taxonomy":"product_cat","embeddable":true,"href":"https:\/\/gadgettravellers.eu\/it\/wp-json\/wp\/v2\/product_cat?post=5317765"},{"taxonomy":"product_tag","embeddable":true,"href":"https:\/\/gadgettravellers.eu\/it\/wp-json\/wp\/v2\/product_tag?post=5317765"}],"curies":[{"name":"wp","href":"https:\/\/api.w.org\/{rel}","templated":true}]}}