{"id":5317767,"date":"2026-01-19T14:55:56","date_gmt":"2026-01-19T12:55:56","guid":{"rendered":"https:\/\/gadgettravellers.eu\/shop\/clip-per-capelli-xmas-figura-4cm-xmasfest-1133800\/"},"modified":"2026-04-22T22:57:34","modified_gmt":"2026-04-22T20:57:34","slug":"clip-per-capelli-xmas-figura-4cm-xmasfest-1133800","status":"publish","type":"product","link":"https:\/\/gadgettravellers.eu\/it\/shop\/clip-per-capelli-xmas-figura-4cm-xmasfest-1133800\/","title":{"rendered":"Clip per Capelli Xmas Figura 4cm Xmasfest 1133800"},"content":{"rendered":"<p>(abbina) clip 4cm<\/p>\n<div class='aiseo-faq-section' style='margin-top:30px; border-top:1px solid #eee; padding-top:20px;'>\n<h3>Domande Frequenti<\/h3>\n<details style='margin-bottom:10px; padding:10px; background:#f9f9f9; border-radius:5px;'>\n<summary style='font-weight:bold; cursor:pointer;'>Qual \u00e8 la dimensione della clip?<\/summary>\n<div style='margin-top:10px; color:#555;'>Il fermaglio \u00e8 lungo 4 cm.<\/div>\n<\/details>\n<details style='margin-bottom:10px; padding:10px; background:#f9f9f9; border-radius:5px;'>\n<summary style='font-weight:bold; cursor:pointer;'>In quali colori \u00e8 disponibile?<\/summary>\n<div style='margin-top:10px; color:#555;'>Disponibile in colori assortiti.<\/div>\n<\/details>\n<details style='margin-bottom:10px; padding:10px; background:#f9f9f9; border-radius:5px;'>\n<summary style='font-weight:bold; cursor:pointer;'>Per quale uso \u00e8 adatto?<\/summary>\n<div style='margin-top:10px; color:#555;'>\u00c8 ideale per acconciature festive e offre uno stile stabile e discreto.<\/div>\n<\/details>\n<details style='margin-bottom:10px; padding:10px; background:#f9f9f9; border-radius:5px;'>\n<summary style='font-weight:bold; cursor:pointer;'>Come si applica sui capelli?<\/summary>\n<div style='margin-top:10px; color:#555;'>Si applica facilmente e offre una presa stabile.<\/div>\n<\/details>\n<\/div>\n","protected":false},"excerpt":{"rendered":"<p>(abbina) clip 4cm Domande Frequenti Qual \u00e8 la dimensione della clip? Il fermaglio \u00e8 lungo 4 cm. In quali colori \u00e8 disponibile? Disponibile in colori assortiti. Per quale uso \u00e8 adatto? \u00c8 ideale per acconciature festive e offre uno stile stabile e discreto. Come si applica sui capelli? Si applica facilmente e offre una presa [&hellip;]<\/p>\n","protected":false},"featured_media":5184249,"comment_status":"closed","ping_status":"open","template":"","meta":[],"product_brand":[],"product_cat":[],"product_tag":[15],"class_list":{"0":"post-5317767","1":"product","2":"type-product","3":"status-publish","4":"has-post-thumbnail","6":"product_tag-uncategorized","8":"first","9":"onbackorder","10":"purchasable","11":"product-type-simple"},"jetpack_sharing_enabled":true,"_links":{"self":[{"href":"https:\/\/gadgettravellers.eu\/it\/wp-json\/wp\/v2\/product\/5317767","targetHints":{"allow":["GET"]}}],"collection":[{"href":"https:\/\/gadgettravellers.eu\/it\/wp-json\/wp\/v2\/product"}],"about":[{"href":"https:\/\/gadgettravellers.eu\/it\/wp-json\/wp\/v2\/types\/product"}],"replies":[{"embeddable":true,"href":"https:\/\/gadgettravellers.eu\/it\/wp-json\/wp\/v2\/comments?post=5317767"}],"wp:featuredmedia":[{"embeddable":true,"href":"https:\/\/gadgettravellers.eu\/it\/wp-json\/wp\/v2\/media\/5184249"}],"wp:attachment":[{"href":"https:\/\/gadgettravellers.eu\/it\/wp-json\/wp\/v2\/media?parent=5317767"}],"wp:term":[{"taxonomy":"product_brand","embeddable":true,"href":"https:\/\/gadgettravellers.eu\/it\/wp-json\/wp\/v2\/product_brand?post=5317767"},{"taxonomy":"product_cat","embeddable":true,"href":"https:\/\/gadgettravellers.eu\/it\/wp-json\/wp\/v2\/product_cat?post=5317767"},{"taxonomy":"product_tag","embeddable":true,"href":"https:\/\/gadgettravellers.eu\/it\/wp-json\/wp\/v2\/product_tag?post=5317767"}],"curies":[{"name":"wp","href":"https:\/\/api.w.org\/{rel}","templated":true}]}}