{"id":5317769,"date":"2026-01-19T14:55:57","date_gmt":"2026-01-19T12:55:57","guid":{"rendered":"https:\/\/gadgettravellers.eu\/shop\/palla-di-natale-con-luce-accessori-argento-o8cm-xmasfest-1133801\/"},"modified":"2026-04-22T22:57:35","modified_gmt":"2026-04-22T20:57:35","slug":"palla-di-natale-con-luce-accessori-argento-o8cm-xmasfest-1133801","status":"publish","type":"product","link":"https:\/\/gadgettravellers.eu\/it\/shop\/palla-di-natale-con-luce-accessori-argento-o8cm-xmasfest-1133801\/","title":{"rendered":"Palla di Natale con luce &#038; Accessori Argento \u00f88cm Xmasfest 1133801"},"content":{"rendered":"<p>Con luce \u00f88cm<\/p>\n<div class='aiseo-faq-section' style='margin-top:30px; border-top:1px solid #eee; padding-top:20px;'>\n<h3>Domande Frequenti<\/h3>\n<details style='margin-bottom:10px; padding:10px; background:#f9f9f9; border-radius:5px;'>\n<summary style='font-weight:bold; cursor:pointer;'>Qual \u00e8 la dimensione della palla?<\/summary>\n<div style='margin-top:10px; color:#555;'>Il diametro della palla \u00e8 8 cm.<\/div>\n<\/details>\n<details style='margin-bottom:10px; padding:10px; background:#f9f9f9; border-radius:5px;'>\n<summary style='font-weight:bold; cursor:pointer;'>Per quali ambienti \u00e8 destinato questo gioiello?<\/summary>\n<div style='margin-top:10px; color:#555;'>\u00c8 ideale per la decorazione di interni, come case, negozi ed eventi.<\/div>\n<\/details>\n<details style='margin-bottom:10px; padding:10px; background:#f9f9f9; border-radius:5px;'>\n<summary style='font-weight:bold; cursor:pointer;'>Pu\u00f2 essere posizionato su ghirlande o sull&#8217;albero?<\/summary>\n<div style='margin-top:10px; color:#555;'>S\u00ec, pu\u00f2 essere posizionato sia sull&#8217;albero che sulle ghirlande.<\/div>\n<\/details>\n<details style='margin-bottom:10px; padding:10px; background:#f9f9f9; border-radius:5px;'>\n<summary style='font-weight:bold; cursor:pointer;'>\u00c8 difficile appendere?<\/summary>\n<div style='margin-top:10px; color:#555;'>No, la descrizione dice che \u00e8 leggera e facile da appendere.<\/div>\n<\/details>\n<\/div>\n","protected":false},"excerpt":{"rendered":"<p>Con luce \u00f88cm Domande Frequenti Qual \u00e8 la dimensione della palla? Il diametro della palla \u00e8 8 cm. Per quali ambienti \u00e8 destinato questo gioiello? \u00c8 ideale per la decorazione di interni, come case, negozi ed eventi. Pu\u00f2 essere posizionato su ghirlande o sull&#8217;albero? S\u00ec, pu\u00f2 essere posizionato sia sull&#8217;albero che sulle ghirlande. \u00c8 difficile [&hellip;]<\/p>\n","protected":false},"featured_media":5184253,"comment_status":"closed","ping_status":"open","template":"","meta":[],"product_brand":[],"product_cat":[],"product_tag":[15],"class_list":{"0":"post-5317769","1":"product","2":"type-product","3":"status-publish","4":"has-post-thumbnail","6":"product_tag-uncategorized","8":"first","9":"onbackorder","10":"purchasable","11":"product-type-simple"},"jetpack_sharing_enabled":true,"_links":{"self":[{"href":"https:\/\/gadgettravellers.eu\/it\/wp-json\/wp\/v2\/product\/5317769","targetHints":{"allow":["GET"]}}],"collection":[{"href":"https:\/\/gadgettravellers.eu\/it\/wp-json\/wp\/v2\/product"}],"about":[{"href":"https:\/\/gadgettravellers.eu\/it\/wp-json\/wp\/v2\/types\/product"}],"replies":[{"embeddable":true,"href":"https:\/\/gadgettravellers.eu\/it\/wp-json\/wp\/v2\/comments?post=5317769"}],"wp:featuredmedia":[{"embeddable":true,"href":"https:\/\/gadgettravellers.eu\/it\/wp-json\/wp\/v2\/media\/5184253"}],"wp:attachment":[{"href":"https:\/\/gadgettravellers.eu\/it\/wp-json\/wp\/v2\/media?parent=5317769"}],"wp:term":[{"taxonomy":"product_brand","embeddable":true,"href":"https:\/\/gadgettravellers.eu\/it\/wp-json\/wp\/v2\/product_brand?post=5317769"},{"taxonomy":"product_cat","embeddable":true,"href":"https:\/\/gadgettravellers.eu\/it\/wp-json\/wp\/v2\/product_cat?post=5317769"},{"taxonomy":"product_tag","embeddable":true,"href":"https:\/\/gadgettravellers.eu\/it\/wp-json\/wp\/v2\/product_tag?post=5317769"}],"curies":[{"name":"wp","href":"https:\/\/api.w.org\/{rel}","templated":true}]}}