{"id":5317770,"date":"2026-01-19T14:55:58","date_gmt":"2026-01-19T12:55:58","guid":{"rendered":"https:\/\/gadgettravellers.eu\/shop\/palla-xmas-con-luce-accessori-dorati-o8cm-xmasfest-1133802\/"},"modified":"2026-04-22T22:57:35","modified_gmt":"2026-04-22T20:57:35","slug":"palla-xmas-con-luce-accessori-dorati-o8cm-xmasfest-1133802","status":"publish","type":"product","link":"https:\/\/gadgettravellers.eu\/it\/shop\/palla-xmas-con-luce-accessori-dorati-o8cm-xmasfest-1133802\/","title":{"rendered":"Palla Xmas con luce &#038; Accessori Dorati \u00f88cm Xmasfest 1133802"},"content":{"rendered":"<p>Con luce \u00f88cm<\/p>\n<div class='aiseo-faq-section' style='margin-top:30px; border-top:1px solid #eee; padding-top:20px;'>\n<h3>Domande Frequenti<\/h3>\n<details style='margin-bottom:10px; padding:10px; background:#f9f9f9; border-radius:5px;'>\n<summary style='font-weight:bold; cursor:pointer;'>Qual \u00e8 il diametro della palla?<\/summary>\n<div style='margin-top:10px; color:#555;'>Il diametro \u00e8 \u00d88cm.<\/div>\n<\/details>\n<details style='margin-bottom:10px; padding:10px; background:#f9f9f9; border-radius:5px;'>\n<summary style='font-weight:bold; cursor:pointer;'>Per quali ambienti \u00e8 adatta?<\/summary>\n<div style='margin-top:10px; color:#555;'>Ideale per decorare l&#8217;albero, ghirlande e ambienti interni.<\/div>\n<\/details>\n<details style='margin-bottom:10px; padding:10px; background:#f9f9f9; border-radius:5px;'>\n<summary style='font-weight:bold; cursor:pointer;'>Che tipo di illuminazione offre?<\/summary>\n<div style='margin-top:10px; color:#555;'>Offre un&#8217;illuminazione calda e discreta che mette in risalto gli accessori dorati.<\/div>\n<\/details>\n<details style='margin-bottom:10px; padding:10px; background:#f9f9f9; border-radius:5px;'>\n<summary style='font-weight:bold; cursor:pointer;'>\u00c8 facile da appendere e da abbinare con altre decorazioni?<\/summary>\n<div style='margin-top:10px; color:#555;'>S\u00ec, \u00e8 leggera, facile da appendere e pu\u00f2 essere abbinata ad altre sfere e lampade.<\/div>\n<\/details>\n<\/div>\n","protected":false},"excerpt":{"rendered":"<p>Con luce \u00f88cm Domande Frequenti Qual \u00e8 il diametro della palla? Il diametro \u00e8 \u00d88cm. Per quali ambienti \u00e8 adatta? Ideale per decorare l&#8217;albero, ghirlande e ambienti interni. Che tipo di illuminazione offre? Offre un&#8217;illuminazione calda e discreta che mette in risalto gli accessori dorati. \u00c8 facile da appendere e da abbinare con altre decorazioni? [&hellip;]<\/p>\n","protected":false},"featured_media":5184257,"comment_status":"closed","ping_status":"open","template":"","meta":[],"product_brand":[],"product_cat":[],"product_tag":[15],"class_list":{"0":"post-5317770","1":"product","2":"type-product","3":"status-publish","4":"has-post-thumbnail","6":"product_tag-uncategorized","8":"first","9":"onbackorder","10":"purchasable","11":"product-type-simple"},"jetpack_sharing_enabled":true,"_links":{"self":[{"href":"https:\/\/gadgettravellers.eu\/it\/wp-json\/wp\/v2\/product\/5317770","targetHints":{"allow":["GET"]}}],"collection":[{"href":"https:\/\/gadgettravellers.eu\/it\/wp-json\/wp\/v2\/product"}],"about":[{"href":"https:\/\/gadgettravellers.eu\/it\/wp-json\/wp\/v2\/types\/product"}],"replies":[{"embeddable":true,"href":"https:\/\/gadgettravellers.eu\/it\/wp-json\/wp\/v2\/comments?post=5317770"}],"wp:featuredmedia":[{"embeddable":true,"href":"https:\/\/gadgettravellers.eu\/it\/wp-json\/wp\/v2\/media\/5184257"}],"wp:attachment":[{"href":"https:\/\/gadgettravellers.eu\/it\/wp-json\/wp\/v2\/media?parent=5317770"}],"wp:term":[{"taxonomy":"product_brand","embeddable":true,"href":"https:\/\/gadgettravellers.eu\/it\/wp-json\/wp\/v2\/product_brand?post=5317770"},{"taxonomy":"product_cat","embeddable":true,"href":"https:\/\/gadgettravellers.eu\/it\/wp-json\/wp\/v2\/product_cat?post=5317770"},{"taxonomy":"product_tag","embeddable":true,"href":"https:\/\/gadgettravellers.eu\/it\/wp-json\/wp\/v2\/product_tag?post=5317770"}],"curies":[{"name":"wp","href":"https:\/\/api.w.org\/{rel}","templated":true}]}}