{"id":5317771,"date":"2026-01-19T14:55:59","date_gmt":"2026-01-19T12:55:59","guid":{"rendered":"https:\/\/gadgettravellers.eu\/shop\/addobbo-ballerina-rosa-piume-17cm-xmasfest-1133806\/"},"modified":"2026-04-22T22:57:35","modified_gmt":"2026-04-22T20:57:35","slug":"addobbo-ballerina-rosa-piume-17cm-xmasfest-1133806","status":"publish","type":"product","link":"https:\/\/gadgettravellers.eu\/it\/shop\/addobbo-ballerina-rosa-piume-17cm-xmasfest-1133806\/","title":{"rendered":"Addobbo Ballerina rosa Piume 17cm Xmasfest 1133806"},"content":{"rendered":"<p>17cm<\/p>\n<div class='aiseo-faq-section' style='margin-top:30px; border-top:1px solid #eee; padding-top:20px;'>\n<h3>Domande Frequenti<\/h3>\n<details style='margin-bottom:10px; padding:10px; background:#f9f9f9; border-radius:5px;'>\n<summary style='font-weight:bold; cursor:pointer;'>Quanto \u00e8 lungo il gioiello?<\/summary>\n<div style='margin-top:10px; color:#555;'>Il gioiello ha una lunghezza di 17 cm.<\/div>\n<\/details>\n<details style='margin-bottom:10px; padding:10px; background:#f9f9f9; border-radius:5px;'>\n<summary style='font-weight:bold; cursor:pointer;'>Di quali materiali \u00e8 composto?<\/summary>\n<div style='margin-top:10px; color:#555;'>\u00c8 rosa e decorato con piume, con una costruzione leggera.<\/div>\n<\/details>\n<details style='margin-bottom:10px; padding:10px; background:#f9f9f9; border-radius:5px;'>\n<summary style='font-weight:bold; cursor:pointer;'>\u00c8 facile da appendere?<\/summary>\n<div style='margin-top:10px; color:#555;'>S\u00ec, dispone di un anello di sospensione integrato che lo rende facile da appendere.<\/div>\n<\/details>\n<details style='margin-bottom:10px; padding:10px; background:#f9f9f9; border-radius:5px;'>\n<summary style='font-weight:bold; cursor:pointer;'>Con quali colori si abbina nella decorazione?<\/summary>\n<div style='margin-top:10px; color:#555;'>Si abbina facilmente con decorazioni in tonalit\u00e0 di rosa, oro o bianco.<\/div>\n<\/details>\n<\/div>\n","protected":false},"excerpt":{"rendered":"<p>17cm Domande Frequenti Quanto \u00e8 lungo il gioiello? Il gioiello ha una lunghezza di 17 cm. Di quali materiali \u00e8 composto? \u00c8 rosa e decorato con piume, con una costruzione leggera. \u00c8 facile da appendere? S\u00ec, dispone di un anello di sospensione integrato che lo rende facile da appendere. Con quali colori si abbina nella [&hellip;]<\/p>\n","protected":false},"featured_media":5184265,"comment_status":"closed","ping_status":"open","template":"","meta":[],"product_brand":[],"product_cat":[],"product_tag":[15],"class_list":{"0":"post-5317771","1":"product","2":"type-product","3":"status-publish","4":"has-post-thumbnail","6":"product_tag-uncategorized","8":"first","9":"onbackorder","10":"purchasable","11":"product-type-simple"},"jetpack_sharing_enabled":true,"_links":{"self":[{"href":"https:\/\/gadgettravellers.eu\/it\/wp-json\/wp\/v2\/product\/5317771","targetHints":{"allow":["GET"]}}],"collection":[{"href":"https:\/\/gadgettravellers.eu\/it\/wp-json\/wp\/v2\/product"}],"about":[{"href":"https:\/\/gadgettravellers.eu\/it\/wp-json\/wp\/v2\/types\/product"}],"replies":[{"embeddable":true,"href":"https:\/\/gadgettravellers.eu\/it\/wp-json\/wp\/v2\/comments?post=5317771"}],"wp:featuredmedia":[{"embeddable":true,"href":"https:\/\/gadgettravellers.eu\/it\/wp-json\/wp\/v2\/media\/5184265"}],"wp:attachment":[{"href":"https:\/\/gadgettravellers.eu\/it\/wp-json\/wp\/v2\/media?parent=5317771"}],"wp:term":[{"taxonomy":"product_brand","embeddable":true,"href":"https:\/\/gadgettravellers.eu\/it\/wp-json\/wp\/v2\/product_brand?post=5317771"},{"taxonomy":"product_cat","embeddable":true,"href":"https:\/\/gadgettravellers.eu\/it\/wp-json\/wp\/v2\/product_cat?post=5317771"},{"taxonomy":"product_tag","embeddable":true,"href":"https:\/\/gadgettravellers.eu\/it\/wp-json\/wp\/v2\/product_tag?post=5317771"}],"curies":[{"name":"wp","href":"https:\/\/api.w.org\/{rel}","templated":true}]}}