{"id":5317780,"date":"2026-01-19T14:56:04","date_gmt":"2026-01-19T12:56:04","guid":{"rendered":"https:\/\/gadgettravellers.eu\/shop\/babbo-natale-realistico-con-mantello-rosso-45cm-xmasfest-1133823\/"},"modified":"2026-04-22T22:57:39","modified_gmt":"2026-04-22T20:57:39","slug":"babbo-natale-realistico-con-mantello-rosso-45cm-xmasfest-1133823","status":"publish","type":"product","link":"https:\/\/gadgettravellers.eu\/it\/shop\/babbo-natale-realistico-con-mantello-rosso-45cm-xmasfest-1133823\/","title":{"rendered":"Babbo Natale Realistico con Mantello Rosso 45cm Xmasfest 1133823"},"content":{"rendered":"<p>45cm<\/p>\n<div class='aiseo-faq-section' style='margin-top:30px; border-top:1px solid #eee; padding-top:20px;'>\n<h3>Domande Frequenti<\/h3>\n<details style='margin-bottom:10px; padding:10px; background:#f9f9f9; border-radius:5px;'>\n<summary style='font-weight:bold; cursor:pointer;'>Qual \u00e8 la dimensione della figura?<\/summary>\n<div style='margin-top:10px; color:#555;'>La figura \u00e8 alta 45 cm.<\/div>\n<\/details>\n<details style='margin-bottom:10px; padding:10px; background:#f9f9f9; border-radius:5px;'>\n<summary style='font-weight:bold; cursor:pointer;'>\u00c8 adatta per uso esterno?<\/summary>\n<div style='margin-top:10px; color:#555;'>La descrizione indica che \u00e8 ideale per la decorazione interna, quindi non \u00e8 consigliata per un&#8217;esposizione prolungata all&#8217;esterno.<\/div>\n<\/details>\n<details style='margin-bottom:10px; padding:10px; background:#f9f9f9; border-radius:5px;'>\n<summary style='font-weight:bold; cursor:pointer;'>Dove posso posizionarla?<\/summary>\n<div style='margin-top:10px; color:#555;'>\u00c8 pronta per essere posizionata immediatamente su tavoli, scaffali o angoli decorati ed \u00e8 adatta per case, negozi ed eventi.<\/div>\n<\/details>\n<details style='margin-bottom:10px; padding:10px; background:#f9f9f9; border-radius:5px;'>\n<summary style='font-weight:bold; cursor:pointer;'>Come avviene la cura e la conservazione dopo le feste?<\/summary>\n<div style='margin-top:10px; color:#555;'>Il prodotto \u00e8 facile da curare e conservare; conservarlo in un luogo asciutto dopo le festivit\u00e0.<\/div>\n<\/details>\n<\/div>\n","protected":false},"excerpt":{"rendered":"<p>45cm Domande Frequenti Qual \u00e8 la dimensione della figura? La figura \u00e8 alta 45 cm. \u00c8 adatta per uso esterno? La descrizione indica che \u00e8 ideale per la decorazione interna, quindi non \u00e8 consigliata per un&#8217;esposizione prolungata all&#8217;esterno. Dove posso posizionarla? \u00c8 pronta per essere posizionata immediatamente su tavoli, scaffali o angoli decorati ed \u00e8 [&hellip;]<\/p>\n","protected":false},"featured_media":5184314,"comment_status":"closed","ping_status":"open","template":"","meta":[],"product_brand":[],"product_cat":[],"product_tag":[15],"class_list":{"0":"post-5317780","1":"product","2":"type-product","3":"status-publish","4":"has-post-thumbnail","6":"product_tag-uncategorized","8":"first","9":"onbackorder","10":"purchasable","11":"product-type-simple"},"jetpack_sharing_enabled":true,"_links":{"self":[{"href":"https:\/\/gadgettravellers.eu\/it\/wp-json\/wp\/v2\/product\/5317780","targetHints":{"allow":["GET"]}}],"collection":[{"href":"https:\/\/gadgettravellers.eu\/it\/wp-json\/wp\/v2\/product"}],"about":[{"href":"https:\/\/gadgettravellers.eu\/it\/wp-json\/wp\/v2\/types\/product"}],"replies":[{"embeddable":true,"href":"https:\/\/gadgettravellers.eu\/it\/wp-json\/wp\/v2\/comments?post=5317780"}],"wp:featuredmedia":[{"embeddable":true,"href":"https:\/\/gadgettravellers.eu\/it\/wp-json\/wp\/v2\/media\/5184314"}],"wp:attachment":[{"href":"https:\/\/gadgettravellers.eu\/it\/wp-json\/wp\/v2\/media?parent=5317780"}],"wp:term":[{"taxonomy":"product_brand","embeddable":true,"href":"https:\/\/gadgettravellers.eu\/it\/wp-json\/wp\/v2\/product_brand?post=5317780"},{"taxonomy":"product_cat","embeddable":true,"href":"https:\/\/gadgettravellers.eu\/it\/wp-json\/wp\/v2\/product_cat?post=5317780"},{"taxonomy":"product_tag","embeddable":true,"href":"https:\/\/gadgettravellers.eu\/it\/wp-json\/wp\/v2\/product_tag?post=5317780"}],"curies":[{"name":"wp","href":"https:\/\/api.w.org\/{rel}","templated":true}]}}