{"id":5317782,"date":"2026-01-19T14:56:06","date_gmt":"2026-01-19T12:56:06","guid":{"rendered":"https:\/\/gadgettravellers.eu\/shop\/timbro-per-biscotti-set-xmas-24x16cm-timbro-o5cm-xmasfest-1133819\/"},"modified":"2026-04-22T22:57:40","modified_gmt":"2026-04-22T20:57:40","slug":"timbro-per-biscotti-set-xmas-24x16cm-timbro-o5cm-xmasfest-1133819","status":"publish","type":"product","link":"https:\/\/gadgettravellers.eu\/it\/shop\/timbro-per-biscotti-set-xmas-24x16cm-timbro-o5cm-xmasfest-1133819\/","title":{"rendered":"Timbro per Biscotti set Xmas 24x16cm (timbro \u00f85cm) Xmasfest 1133819"},"content":{"rendered":"<p>Set=timbro in silicone per biscotti con 6 disegni 24x16cm (timbro \u00f85cm)<\/p>\n<div class='aiseo-faq-section' style='margin-top:30px; border-top:1px solid #eee; padding-top:20px;'>\n<h3>Domande Frequenti<\/h3>\n<details style='margin-bottom:10px; padding:10px; background:#f9f9f9; border-radius:5px;'>\n<summary style='font-weight:bold; cursor:pointer;'>Cosa include il set?<\/summary>\n<div style='margin-top:10px; color:#555;'>Include un timbro in silicone 24x16cm con 6 disegni e un timbro rotondo di diametro 5cm.<\/div>\n<\/details>\n<details style='margin-bottom:10px; padding:10px; background:#f9f9f9; border-radius:5px;'>\n<summary style='font-weight:bold; cursor:pointer;'>Per quale uso \u00e8 adatto?<\/summary>\n<div style='margin-top:10px; color:#555;'>\u00c8 ideale per decorare biscotti e biscotti con motivi natalizi.<\/div>\n<\/details>\n<details style='margin-bottom:10px; padding:10px; background:#f9f9f9; border-radius:5px;'>\n<summary style='font-weight:bold; cursor:pointer;'>\u00c8 facile da pulire?<\/summary>\n<div style='margin-top:10px; color:#555;'>S\u00ec, i timbri sono facili da pulire e riutilizzabili.<\/div>\n<\/details>\n<details style='margin-bottom:10px; padding:10px; background:#f9f9f9; border-radius:5px;'>\n<summary style='font-weight:bold; cursor:pointer;'>Quali sono le dimensioni dei timbri?<\/summary>\n<div style='margin-top:10px; color:#555;'>Il timbro principale ha una dimensione di 24x16cm e il piccolo timbro rotondo ha un diametro di 5cm.<\/div>\n<\/details>\n<\/div>\n","protected":false},"excerpt":{"rendered":"<p>Set=timbro in silicone per biscotti con 6 disegni 24x16cm (timbro \u00f85cm) Domande Frequenti Cosa include il set? Include un timbro in silicone 24x16cm con 6 disegni e un timbro rotondo di diametro 5cm. Per quale uso \u00e8 adatto? \u00c8 ideale per decorare biscotti e biscotti con motivi natalizi. \u00c8 facile da pulire? S\u00ec, i timbri [&hellip;]<\/p>\n","protected":false},"featured_media":5184307,"comment_status":"closed","ping_status":"open","template":"","meta":[],"product_brand":[],"product_cat":[],"product_tag":[15],"class_list":{"0":"post-5317782","1":"product","2":"type-product","3":"status-publish","4":"has-post-thumbnail","6":"product_tag-uncategorized","8":"first","9":"onbackorder","10":"purchasable","11":"product-type-simple"},"jetpack_sharing_enabled":true,"_links":{"self":[{"href":"https:\/\/gadgettravellers.eu\/it\/wp-json\/wp\/v2\/product\/5317782","targetHints":{"allow":["GET"]}}],"collection":[{"href":"https:\/\/gadgettravellers.eu\/it\/wp-json\/wp\/v2\/product"}],"about":[{"href":"https:\/\/gadgettravellers.eu\/it\/wp-json\/wp\/v2\/types\/product"}],"replies":[{"embeddable":true,"href":"https:\/\/gadgettravellers.eu\/it\/wp-json\/wp\/v2\/comments?post=5317782"}],"wp:featuredmedia":[{"embeddable":true,"href":"https:\/\/gadgettravellers.eu\/it\/wp-json\/wp\/v2\/media\/5184307"}],"wp:attachment":[{"href":"https:\/\/gadgettravellers.eu\/it\/wp-json\/wp\/v2\/media?parent=5317782"}],"wp:term":[{"taxonomy":"product_brand","embeddable":true,"href":"https:\/\/gadgettravellers.eu\/it\/wp-json\/wp\/v2\/product_brand?post=5317782"},{"taxonomy":"product_cat","embeddable":true,"href":"https:\/\/gadgettravellers.eu\/it\/wp-json\/wp\/v2\/product_cat?post=5317782"},{"taxonomy":"product_tag","embeddable":true,"href":"https:\/\/gadgettravellers.eu\/it\/wp-json\/wp\/v2\/product_tag?post=5317782"}],"curies":[{"name":"wp","href":"https:\/\/api.w.org\/{rel}","templated":true}]}}