{"id":5317785,"date":"2026-01-19T14:56:08","date_gmt":"2026-01-19T12:56:08","guid":{"rendered":"https:\/\/gadgettravellers.eu\/shop\/addobbo-angioletto-sta-in-piedi-20cm-xmasfest-1133833\/"},"modified":"2026-04-22T22:57:41","modified_gmt":"2026-04-22T20:57:41","slug":"addobbo-angioletto-sta-in-piedi-20cm-xmasfest-1133833","status":"publish","type":"product","link":"https:\/\/gadgettravellers.eu\/it\/shop\/addobbo-angioletto-sta-in-piedi-20cm-xmasfest-1133833\/","title":{"rendered":"Addobbo Angioletto Sta in Piedi 20cm Xmasfest 1133833"},"content":{"rendered":"<p>20cm<\/p>\n<div class='aiseo-faq-section' style='margin-top:30px; border-top:1px solid #eee; padding-top:20px;'>\n<h3>Domande Frequenti<\/h3>\n<details style='margin-bottom:10px; padding:10px; background:#f9f9f9; border-radius:5px;'>\n<summary style='font-weight:bold; cursor:pointer;'>Qual \u00e8 l&#8217;altezza dell&#8217;ornamento?<\/summary>\n<div style='margin-top:10px; color:#555;'>L&#8217;ornamento ha un&#8217;altezza di 20 cm.<\/div>\n<\/details>\n<details style='margin-bottom:10px; padding:10px; background:#f9f9f9; border-radius:5px;'>\n<summary style='font-weight:bold; cursor:pointer;'>In quali punti della casa pu\u00f2 essere posizionato?<\/summary>\n<div style='margin-top:10px; color:#555;'>Pu\u00f2 essere posizionato su un tavolo, una mensola o come parte della decorazione natalizia generale.<\/div>\n<\/details>\n<details style='margin-bottom:10px; padding:10px; background:#f9f9f9; border-radius:5px;'>\n<summary style='font-weight:bold; cursor:pointer;'>Si adatta a un arredamento classico e moderno?<\/summary>\n<div style='margin-top:10px; color:#555;'>S\u00ec, secondo la descrizione si adatta sia a decorazioni classiche che moderne.<\/div>\n<\/details>\n<details style='margin-bottom:10px; padding:10px; background:#f9f9f9; border-radius:5px;'>\n<summary style='font-weight:bold; cursor:pointer;'>\u00c8 adatto come regalo?<\/summary>\n<div style='margin-top:10px; color:#555;'>S\u00ec, \u00e8 consigliato come regalo per amici e famiglia grazie alla sua elegante discrezione.<\/div>\n<\/details>\n<\/div>\n","protected":false},"excerpt":{"rendered":"<p>20cm Domande Frequenti Qual \u00e8 l&#8217;altezza dell&#8217;ornamento? L&#8217;ornamento ha un&#8217;altezza di 20 cm. In quali punti della casa pu\u00f2 essere posizionato? Pu\u00f2 essere posizionato su un tavolo, una mensola o come parte della decorazione natalizia generale. Si adatta a un arredamento classico e moderno? S\u00ec, secondo la descrizione si adatta sia a decorazioni classiche che [&hellip;]<\/p>\n","protected":false},"featured_media":5184334,"comment_status":"closed","ping_status":"open","template":"","meta":[],"product_brand":[],"product_cat":[],"product_tag":[15],"class_list":{"0":"post-5317785","1":"product","2":"type-product","3":"status-publish","4":"has-post-thumbnail","6":"product_tag-uncategorized","8":"first","9":"onbackorder","10":"purchasable","11":"product-type-simple"},"jetpack_sharing_enabled":true,"_links":{"self":[{"href":"https:\/\/gadgettravellers.eu\/it\/wp-json\/wp\/v2\/product\/5317785","targetHints":{"allow":["GET"]}}],"collection":[{"href":"https:\/\/gadgettravellers.eu\/it\/wp-json\/wp\/v2\/product"}],"about":[{"href":"https:\/\/gadgettravellers.eu\/it\/wp-json\/wp\/v2\/types\/product"}],"replies":[{"embeddable":true,"href":"https:\/\/gadgettravellers.eu\/it\/wp-json\/wp\/v2\/comments?post=5317785"}],"wp:featuredmedia":[{"embeddable":true,"href":"https:\/\/gadgettravellers.eu\/it\/wp-json\/wp\/v2\/media\/5184334"}],"wp:attachment":[{"href":"https:\/\/gadgettravellers.eu\/it\/wp-json\/wp\/v2\/media?parent=5317785"}],"wp:term":[{"taxonomy":"product_brand","embeddable":true,"href":"https:\/\/gadgettravellers.eu\/it\/wp-json\/wp\/v2\/product_brand?post=5317785"},{"taxonomy":"product_cat","embeddable":true,"href":"https:\/\/gadgettravellers.eu\/it\/wp-json\/wp\/v2\/product_cat?post=5317785"},{"taxonomy":"product_tag","embeddable":true,"href":"https:\/\/gadgettravellers.eu\/it\/wp-json\/wp\/v2\/product_tag?post=5317785"}],"curies":[{"name":"wp","href":"https:\/\/api.w.org\/{rel}","templated":true}]}}