{"id":5317786,"date":"2026-01-19T14:56:08","date_gmt":"2026-01-19T12:56:08","guid":{"rendered":"https:\/\/gadgettravellers.eu\/shop\/angelo-con-treccine-in-piedi-115cm-xmasfest-1133830\/"},"modified":"2026-04-22T22:57:42","modified_gmt":"2026-04-22T20:57:42","slug":"angelo-con-treccine-in-piedi-115cm-xmasfest-1133830","status":"publish","type":"product","link":"https:\/\/gadgettravellers.eu\/it\/shop\/angelo-con-treccine-in-piedi-115cm-xmasfest-1133830\/","title":{"rendered":"Angelo con Treccine in Piedi 115cm Xmasfest 1133830"},"content":{"rendered":"<p>Con fondo pesante 115cm<\/p>\n<div class='aiseo-faq-section' style='margin-top:30px; border-top:1px solid #eee; padding-top:20px;'>\n<h3>Domande Frequenti<\/h3>\n<details style='margin-bottom:10px; padding:10px; background:#f9f9f9; border-radius:5px;'>\n<summary style='font-weight:bold; cursor:pointer;'>Qual \u00e8 l&#8217;altezza di questo angelo?<\/summary>\n<div style='margin-top:10px; color:#555;'>L&#8217;altezza \u00e8 115 cm.<\/div>\n<\/details>\n<details style='margin-bottom:10px; padding:10px; background:#f9f9f9; border-radius:5px;'>\n<summary style='font-weight:bold; cursor:pointer;'>Ha un supporto stabile?<\/summary>\n<div style='margin-top:10px; color:#555;'>S\u00ec, ha un fondo pesante per un supporto stabile.<\/div>\n<\/details>\n<details style='margin-bottom:10px; padding:10px; background:#f9f9f9; border-radius:5px;'>\n<summary style='font-weight:bold; cursor:pointer;'>Per quale ambiente \u00e8 destinato?<\/summary>\n<div style='margin-top:10px; color:#555;'>Ideale per la decorazione interna di salotti e ingressi.<\/div>\n<\/details>\n<details style='margin-bottom:10px; padding:10px; background:#f9f9f9; border-radius:5px;'>\n<summary style='font-weight:bold; cursor:pointer;'>Qual \u00e8 la caratteristica dei suoi capelli?<\/summary>\n<div style='margin-top:10px; color:#555;'>L&#8217;angelo ha delle trecce.<\/div>\n<\/details>\n<\/div>\n","protected":false},"excerpt":{"rendered":"<p>Con fondo pesante 115cm Domande Frequenti Qual \u00e8 l&#8217;altezza di questo angelo? L&#8217;altezza \u00e8 115 cm. Ha un supporto stabile? S\u00ec, ha un fondo pesante per un supporto stabile. Per quale ambiente \u00e8 destinato? Ideale per la decorazione interna di salotti e ingressi. Qual \u00e8 la caratteristica dei suoi capelli? L&#8217;angelo ha delle trecce.<\/p>\n","protected":false},"featured_media":5184322,"comment_status":"closed","ping_status":"open","template":"","meta":[],"product_brand":[],"product_cat":[],"product_tag":[15],"class_list":{"0":"post-5317786","1":"product","2":"type-product","3":"status-publish","4":"has-post-thumbnail","6":"product_tag-uncategorized","8":"first","9":"onbackorder","10":"purchasable","11":"product-type-simple"},"jetpack_sharing_enabled":true,"_links":{"self":[{"href":"https:\/\/gadgettravellers.eu\/it\/wp-json\/wp\/v2\/product\/5317786","targetHints":{"allow":["GET"]}}],"collection":[{"href":"https:\/\/gadgettravellers.eu\/it\/wp-json\/wp\/v2\/product"}],"about":[{"href":"https:\/\/gadgettravellers.eu\/it\/wp-json\/wp\/v2\/types\/product"}],"replies":[{"embeddable":true,"href":"https:\/\/gadgettravellers.eu\/it\/wp-json\/wp\/v2\/comments?post=5317786"}],"wp:featuredmedia":[{"embeddable":true,"href":"https:\/\/gadgettravellers.eu\/it\/wp-json\/wp\/v2\/media\/5184322"}],"wp:attachment":[{"href":"https:\/\/gadgettravellers.eu\/it\/wp-json\/wp\/v2\/media?parent=5317786"}],"wp:term":[{"taxonomy":"product_brand","embeddable":true,"href":"https:\/\/gadgettravellers.eu\/it\/wp-json\/wp\/v2\/product_brand?post=5317786"},{"taxonomy":"product_cat","embeddable":true,"href":"https:\/\/gadgettravellers.eu\/it\/wp-json\/wp\/v2\/product_cat?post=5317786"},{"taxonomy":"product_tag","embeddable":true,"href":"https:\/\/gadgettravellers.eu\/it\/wp-json\/wp\/v2\/product_tag?post=5317786"}],"curies":[{"name":"wp","href":"https:\/\/api.w.org\/{rel}","templated":true}]}}