{"id":5317788,"date":"2026-01-19T14:56:10","date_gmt":"2026-01-19T12:56:10","guid":{"rendered":"https:\/\/gadgettravellers.eu\/shop\/portabottiglie-di-vino-xmas-elfo-albero-43cm-xmasfest-1133831\/"},"modified":"2026-04-22T22:57:42","modified_gmt":"2026-04-22T20:57:42","slug":"portabottiglie-di-vino-xmas-elfo-albero-43cm-xmasfest-1133831","status":"publish","type":"product","link":"https:\/\/gadgettravellers.eu\/it\/shop\/portabottiglie-di-vino-xmas-elfo-albero-43cm-xmasfest-1133831\/","title":{"rendered":"Portabottiglie di Vino Xmas Elfo-Albero 43cm Xmasfest 1133831"},"content":{"rendered":"<p>Portabottiglie 43cm<\/p>\n<div class='aiseo-faq-section' style='margin-top:30px; border-top:1px solid #eee; padding-top:20px;'>\n<h3>Domande Frequenti<\/h3>\n<details style='margin-bottom:10px; padding:10px; background:#f9f9f9; border-radius:5px;'>\n<summary style='font-weight:bold; cursor:pointer;'>Per quale dimensione di bottiglia \u00e8 adatta questa custodia?<\/summary>\n<div style='margin-top:10px; color:#555;'>La custodia \u00e8 progettata per bottiglie di altezza 43 cm.<\/div>\n<\/details>\n<details style='margin-bottom:10px; padding:10px; background:#f9f9f9; border-radius:5px;'>\n<summary style='font-weight:bold; cursor:pointer;'>La custodia \u00e8 riutilizzabile?<\/summary>\n<div style='margin-top:10px; color:#555;'>S\u00ec, la custodia \u00e8 riutilizzabile e pratica per le festivit\u00e0 annuali.<\/div>\n<\/details>\n<details style='margin-bottom:10px; padding:10px; background:#f9f9f9; border-radius:5px;'>\n<summary style='font-weight:bold; cursor:pointer;'>Qual \u00e8 il design della custodia?<\/summary>\n<div style='margin-top:10px; color:#555;'>Presenta un motivo natalizio con un elfo e un albero.<\/div>\n<\/details>\n<\/div>\n","protected":false},"excerpt":{"rendered":"<p>Portabottiglie 43cm Domande Frequenti Per quale dimensione di bottiglia \u00e8 adatta questa custodia? La custodia \u00e8 progettata per bottiglie di altezza 43 cm. La custodia \u00e8 riutilizzabile? S\u00ec, la custodia \u00e8 riutilizzabile e pratica per le festivit\u00e0 annuali. Qual \u00e8 il design della custodia? Presenta un motivo natalizio con un elfo e un albero.<\/p>\n","protected":false},"featured_media":5184326,"comment_status":"closed","ping_status":"open","template":"","meta":[],"product_brand":[],"product_cat":[],"product_tag":[15],"class_list":{"0":"post-5317788","1":"product","2":"type-product","3":"status-publish","4":"has-post-thumbnail","6":"product_tag-uncategorized","8":"first","9":"onbackorder","10":"purchasable","11":"product-type-simple"},"jetpack_sharing_enabled":true,"_links":{"self":[{"href":"https:\/\/gadgettravellers.eu\/it\/wp-json\/wp\/v2\/product\/5317788","targetHints":{"allow":["GET"]}}],"collection":[{"href":"https:\/\/gadgettravellers.eu\/it\/wp-json\/wp\/v2\/product"}],"about":[{"href":"https:\/\/gadgettravellers.eu\/it\/wp-json\/wp\/v2\/types\/product"}],"replies":[{"embeddable":true,"href":"https:\/\/gadgettravellers.eu\/it\/wp-json\/wp\/v2\/comments?post=5317788"}],"wp:featuredmedia":[{"embeddable":true,"href":"https:\/\/gadgettravellers.eu\/it\/wp-json\/wp\/v2\/media\/5184326"}],"wp:attachment":[{"href":"https:\/\/gadgettravellers.eu\/it\/wp-json\/wp\/v2\/media?parent=5317788"}],"wp:term":[{"taxonomy":"product_brand","embeddable":true,"href":"https:\/\/gadgettravellers.eu\/it\/wp-json\/wp\/v2\/product_brand?post=5317788"},{"taxonomy":"product_cat","embeddable":true,"href":"https:\/\/gadgettravellers.eu\/it\/wp-json\/wp\/v2\/product_cat?post=5317788"},{"taxonomy":"product_tag","embeddable":true,"href":"https:\/\/gadgettravellers.eu\/it\/wp-json\/wp\/v2\/product_tag?post=5317788"}],"curies":[{"name":"wp","href":"https:\/\/api.w.org\/{rel}","templated":true}]}}