{"id":5317791,"date":"2026-01-19T14:56:12","date_gmt":"2026-01-19T12:56:12","guid":{"rendered":"https:\/\/gadgettravellers.eu\/shop\/cesto-in-feltro-orso-con-cappuccio-16x15x6cm-xmasfest-1133838\/"},"modified":"2026-04-22T22:57:44","modified_gmt":"2026-04-22T20:57:44","slug":"cesto-in-feltro-orso-con-cappuccio-16x15x6cm-xmasfest-1133838","status":"publish","type":"product","link":"https:\/\/gadgettravellers.eu\/it\/shop\/cesto-in-feltro-orso-con-cappuccio-16x15x6cm-xmasfest-1133838\/","title":{"rendered":"Cesto in Feltro Orso con Cappuccio 16x15x6cm Xmasfest 1133838"},"content":{"rendered":"<p>Panno 16x15x6cm<\/p>\n<div class='aiseo-faq-section' style='margin-top:30px; border-top:1px solid #eee; padding-top:20px;'>\n<h3>Domande Frequenti<\/h3>\n<details style='margin-bottom:10px; padding:10px; background:#f9f9f9; border-radius:5px;'>\n<summary style='font-weight:bold; cursor:pointer;'>Quali sono le dimensioni del prodotto?<\/summary>\n<div style='margin-top:10px; color:#555;'>Le dimensioni sono 16x15x6 cm.<\/div>\n<\/details>\n<details style='margin-bottom:10px; padding:10px; background:#f9f9f9; border-radius:5px;'>\n<summary style='font-weight:bold; cursor:pointer;'>Di che materiale \u00e8 fatto il cestino?<\/summary>\n<div style='margin-top:10px; color:#555;'>Il cestino \u00e8 realizzato in feltro.<\/div>\n<\/details>\n<details style='margin-bottom:10px; padding:10px; background:#f9f9f9; border-radius:5px;'>\n<summary style='font-weight:bold; cursor:pointer;'>Per quali usi \u00e8 adatto?<\/summary>\n<div style='margin-top:10px; color:#555;'>\u00c8 ideale per decorazioni natalizie, confezioni regalo e conservazione di piccoli oggetti.<\/div>\n<\/details>\n<\/div>\n","protected":false},"excerpt":{"rendered":"<p>Panno 16x15x6cm Domande Frequenti Quali sono le dimensioni del prodotto? Le dimensioni sono 16x15x6 cm. Di che materiale \u00e8 fatto il cestino? Il cestino \u00e8 realizzato in feltro. Per quali usi \u00e8 adatto? \u00c8 ideale per decorazioni natalizie, confezioni regalo e conservazione di piccoli oggetti.<\/p>\n","protected":false},"featured_media":5184346,"comment_status":"closed","ping_status":"open","template":"","meta":[],"product_brand":[],"product_cat":[],"product_tag":[15],"class_list":{"0":"post-5317791","1":"product","2":"type-product","3":"status-publish","4":"has-post-thumbnail","6":"product_tag-uncategorized","8":"first","9":"onbackorder","10":"purchasable","11":"product-type-simple"},"jetpack_sharing_enabled":true,"_links":{"self":[{"href":"https:\/\/gadgettravellers.eu\/it\/wp-json\/wp\/v2\/product\/5317791","targetHints":{"allow":["GET"]}}],"collection":[{"href":"https:\/\/gadgettravellers.eu\/it\/wp-json\/wp\/v2\/product"}],"about":[{"href":"https:\/\/gadgettravellers.eu\/it\/wp-json\/wp\/v2\/types\/product"}],"replies":[{"embeddable":true,"href":"https:\/\/gadgettravellers.eu\/it\/wp-json\/wp\/v2\/comments?post=5317791"}],"wp:featuredmedia":[{"embeddable":true,"href":"https:\/\/gadgettravellers.eu\/it\/wp-json\/wp\/v2\/media\/5184346"}],"wp:attachment":[{"href":"https:\/\/gadgettravellers.eu\/it\/wp-json\/wp\/v2\/media?parent=5317791"}],"wp:term":[{"taxonomy":"product_brand","embeddable":true,"href":"https:\/\/gadgettravellers.eu\/it\/wp-json\/wp\/v2\/product_brand?post=5317791"},{"taxonomy":"product_cat","embeddable":true,"href":"https:\/\/gadgettravellers.eu\/it\/wp-json\/wp\/v2\/product_cat?post=5317791"},{"taxonomy":"product_tag","embeddable":true,"href":"https:\/\/gadgettravellers.eu\/it\/wp-json\/wp\/v2\/product_tag?post=5317791"}],"curies":[{"name":"wp","href":"https:\/\/api.w.org\/{rel}","templated":true}]}}