{"id":5317793,"date":"2026-01-19T14:56:13","date_gmt":"2026-01-19T12:56:13","guid":{"rendered":"https:\/\/gadgettravellers.eu\/shop\/cesto-in-feltro-pupazzo-di-neve-16x15x6cm-xmasfest-1133840\/"},"modified":"2026-04-22T22:57:44","modified_gmt":"2026-04-22T20:57:44","slug":"cesto-in-feltro-pupazzo-di-neve-16x15x6cm-xmasfest-1133840","status":"publish","type":"product","link":"https:\/\/gadgettravellers.eu\/it\/shop\/cesto-in-feltro-pupazzo-di-neve-16x15x6cm-xmasfest-1133840\/","title":{"rendered":"Cesto in Feltro Pupazzo di Neve 16x15x6cm Xmasfest 1133840"},"content":{"rendered":"<p>Panno 16x15x6cm<\/p>\n<div class='aiseo-faq-section' style='margin-top:30px; border-top:1px solid #eee; padding-top:20px;'>\n<h3>Domande Frequenti<\/h3>\n<details style='margin-bottom:10px; padding:10px; background:#f9f9f9; border-radius:5px;'>\n<summary style='font-weight:bold; cursor:pointer;'>Di che materiale \u00e8 fatto il cestino?<\/summary>\n<div style='margin-top:10px; color:#555;'>Il cestino \u00e8 realizzato in materiale di feltro.<\/div>\n<\/details>\n<details style='margin-bottom:10px; padding:10px; background:#f9f9f9; border-radius:5px;'>\n<summary style='font-weight:bold; cursor:pointer;'>Quali sono le sue dimensioni?<\/summary>\n<div style='margin-top:10px; color:#555;'>Le dimensioni sono 16x15x6cm.<\/div>\n<\/details>\n<details style='margin-bottom:10px; padding:10px; background:#f9f9f9; border-radius:5px;'>\n<summary style='font-weight:bold; cursor:pointer;'>Dove posso usarlo?<\/summary>\n<div style='margin-top:10px; color:#555;'>\u00c8 ideale per la decorazione natalizia, l&#8217;allestimento della tavola e per piccoli regali.<\/div>\n<\/details>\n<details style='margin-bottom:10px; padding:10px; background:#f9f9f9; border-radius:5px;'>\n<summary style='font-weight:bold; cursor:pointer;'>\u00c8 riutilizzabile?<\/summary>\n<div style='margin-top:10px; color:#555;'>S\u00ec, \u00e8 leggero e riutilizzabile per un uso ripetuto.<\/div>\n<\/details>\n<\/div>\n","protected":false},"excerpt":{"rendered":"<p>Panno 16x15x6cm Domande Frequenti Di che materiale \u00e8 fatto il cestino? Il cestino \u00e8 realizzato in materiale di feltro. Quali sono le sue dimensioni? Le dimensioni sono 16x15x6cm. Dove posso usarlo? \u00c8 ideale per la decorazione natalizia, l&#8217;allestimento della tavola e per piccoli regali. \u00c8 riutilizzabile? S\u00ec, \u00e8 leggero e riutilizzabile per un uso ripetuto.<\/p>\n","protected":false},"featured_media":5184354,"comment_status":"closed","ping_status":"open","template":"","meta":[],"product_brand":[],"product_cat":[],"product_tag":[15],"class_list":{"0":"post-5317793","1":"product","2":"type-product","3":"status-publish","4":"has-post-thumbnail","6":"product_tag-uncategorized","8":"first","9":"onbackorder","10":"purchasable","11":"product-type-simple"},"jetpack_sharing_enabled":true,"_links":{"self":[{"href":"https:\/\/gadgettravellers.eu\/it\/wp-json\/wp\/v2\/product\/5317793","targetHints":{"allow":["GET"]}}],"collection":[{"href":"https:\/\/gadgettravellers.eu\/it\/wp-json\/wp\/v2\/product"}],"about":[{"href":"https:\/\/gadgettravellers.eu\/it\/wp-json\/wp\/v2\/types\/product"}],"replies":[{"embeddable":true,"href":"https:\/\/gadgettravellers.eu\/it\/wp-json\/wp\/v2\/comments?post=5317793"}],"wp:featuredmedia":[{"embeddable":true,"href":"https:\/\/gadgettravellers.eu\/it\/wp-json\/wp\/v2\/media\/5184354"}],"wp:attachment":[{"href":"https:\/\/gadgettravellers.eu\/it\/wp-json\/wp\/v2\/media?parent=5317793"}],"wp:term":[{"taxonomy":"product_brand","embeddable":true,"href":"https:\/\/gadgettravellers.eu\/it\/wp-json\/wp\/v2\/product_brand?post=5317793"},{"taxonomy":"product_cat","embeddable":true,"href":"https:\/\/gadgettravellers.eu\/it\/wp-json\/wp\/v2\/product_cat?post=5317793"},{"taxonomy":"product_tag","embeddable":true,"href":"https:\/\/gadgettravellers.eu\/it\/wp-json\/wp\/v2\/product_tag?post=5317793"}],"curies":[{"name":"wp","href":"https:\/\/api.w.org\/{rel}","templated":true}]}}