{"id":5317798,"date":"2026-01-19T14:56:17","date_gmt":"2026-01-19T12:56:17","guid":{"rendered":"https:\/\/gadgettravellers.eu\/shop\/candela-pigna-7x7cm-xmasfest-1133847\/"},"modified":"2026-04-22T22:57:47","modified_gmt":"2026-04-22T20:57:47","slug":"candela-pigna-7x7cm-xmasfest-1133847","status":"publish","type":"product","link":"https:\/\/gadgettravellers.eu\/it\/shop\/candela-pigna-7x7cm-xmasfest-1133847\/","title":{"rendered":"Candela Pigna 7x7cm Xmasfest 1133847"},"content":{"rendered":"<p>7x7cm<\/p>\n<div class='aiseo-faq-section' style='margin-top:30px; border-top:1px solid #eee; padding-top:20px;'>\n<h3>Domande Frequenti<\/h3>\n<details style='margin-bottom:10px; padding:10px; background:#f9f9f9; border-radius:5px;'>\n<summary style='font-weight:bold; cursor:pointer;'>Di che materiale \u00e8 fatto la cera?<\/summary>\n<div style='margin-top:10px; color:#555;'>\u00c8 realizzato con cera di qualit\u00e0 adatta per uso interno.<\/div>\n<\/details>\n<details style='margin-bottom:10px; padding:10px; background:#f9f9f9; border-radius:5px;'>\n<summary style='font-weight:bold; cursor:pointer;'>Quali sono le sue dimensioni?<\/summary>\n<div style='margin-top:10px; color:#555;'>Ha dimensioni 7x7cm.<\/div>\n<\/details>\n<details style='margin-bottom:10px; padding:10px; background:#f9f9f9; border-radius:5px;'>\n<summary style='font-weight:bold; cursor:pointer;'>Pu\u00f2 essere utilizzato all&#8217;aperto?<\/summary>\n<div style='margin-top:10px; color:#555;'>No, \u00e8 adatto per uso interno.<\/div>\n<\/details>\n<details style='margin-bottom:10px; padding:10px; background:#f9f9f9; border-radius:5px;'>\n<summary style='font-weight:bold; cursor:pointer;'>Dove si consiglia di posizionarlo?<\/summary>\n<div style='margin-top:10px; color:#555;'>Ideale come elemento centrale del tavolo, in vetrina o come piccolo regalo.<\/div>\n<\/details>\n<details style='margin-bottom:10px; padding:10px; background:#f9f9f9; border-radius:5px;'>\n<summary style='font-weight:bold; cursor:pointer;'>Come deve essere conservato?<\/summary>\n<div style='margin-top:10px; color:#555;'>Conservare in luogo fresco e asciutto, lontano da fonti dirette di calore.<\/div>\n<\/details>\n<\/div>\n","protected":false},"excerpt":{"rendered":"<p>7x7cm Domande Frequenti Di che materiale \u00e8 fatto la cera? \u00c8 realizzato con cera di qualit\u00e0 adatta per uso interno. Quali sono le sue dimensioni? Ha dimensioni 7x7cm. Pu\u00f2 essere utilizzato all&#8217;aperto? No, \u00e8 adatto per uso interno. Dove si consiglia di posizionarlo? Ideale come elemento centrale del tavolo, in vetrina o come piccolo regalo. [&hellip;]<\/p>\n","protected":false},"featured_media":5184378,"comment_status":"closed","ping_status":"open","template":"","meta":[],"product_brand":[],"product_cat":[],"product_tag":[15],"class_list":{"0":"post-5317798","1":"product","2":"type-product","3":"status-publish","4":"has-post-thumbnail","6":"product_tag-uncategorized","8":"first","9":"onbackorder","10":"purchasable","11":"product-type-simple"},"jetpack_sharing_enabled":true,"_links":{"self":[{"href":"https:\/\/gadgettravellers.eu\/it\/wp-json\/wp\/v2\/product\/5317798","targetHints":{"allow":["GET"]}}],"collection":[{"href":"https:\/\/gadgettravellers.eu\/it\/wp-json\/wp\/v2\/product"}],"about":[{"href":"https:\/\/gadgettravellers.eu\/it\/wp-json\/wp\/v2\/types\/product"}],"replies":[{"embeddable":true,"href":"https:\/\/gadgettravellers.eu\/it\/wp-json\/wp\/v2\/comments?post=5317798"}],"wp:featuredmedia":[{"embeddable":true,"href":"https:\/\/gadgettravellers.eu\/it\/wp-json\/wp\/v2\/media\/5184378"}],"wp:attachment":[{"href":"https:\/\/gadgettravellers.eu\/it\/wp-json\/wp\/v2\/media?parent=5317798"}],"wp:term":[{"taxonomy":"product_brand","embeddable":true,"href":"https:\/\/gadgettravellers.eu\/it\/wp-json\/wp\/v2\/product_brand?post=5317798"},{"taxonomy":"product_cat","embeddable":true,"href":"https:\/\/gadgettravellers.eu\/it\/wp-json\/wp\/v2\/product_cat?post=5317798"},{"taxonomy":"product_tag","embeddable":true,"href":"https:\/\/gadgettravellers.eu\/it\/wp-json\/wp\/v2\/product_tag?post=5317798"}],"curies":[{"name":"wp","href":"https:\/\/api.w.org\/{rel}","templated":true}]}}