{"id":5317800,"date":"2026-01-19T14:56:19","date_gmt":"2026-01-19T12:56:19","guid":{"rendered":"https:\/\/gadgettravellers.eu\/shop\/candela-a-colonna-con-pupazzo-di-neve-fiocco-12x5cm-xmasfest-1133849\/"},"modified":"2026-04-22T22:57:48","modified_gmt":"2026-04-22T20:57:48","slug":"candela-a-colonna-con-pupazzo-di-neve-fiocco-12x5cm-xmasfest-1133849","status":"publish","type":"product","link":"https:\/\/gadgettravellers.eu\/it\/shop\/candela-a-colonna-con-pupazzo-di-neve-fiocco-12x5cm-xmasfest-1133849\/","title":{"rendered":"Candela a Colonna con Pupazzo di Neve &#038; Fiocco 12x5cm Xmasfest 1133849"},"content":{"rendered":"<p>12x5cm<\/p>\n<div class='aiseo-faq-section' style='margin-top:30px; border-top:1px solid #eee; padding-top:20px;'>\n<h3>Domande Frequenti<\/h3>\n<details style='margin-bottom:10px; padding:10px; background:#f9f9f9; border-radius:5px;'>\n<summary style='font-weight:bold; cursor:pointer;'>Quali sono le dimensioni della candela?<\/summary>\n<div style='margin-top:10px; color:#555;'>Ha dimensioni 12&#215;5 cm.<\/div>\n<\/details>\n<details style='margin-bottom:10px; padding:10px; background:#f9f9f9; border-radius:5px;'>\n<summary style='font-weight:bold; cursor:pointer;'>A quale tipo di decorazione si adatta?<\/summary>\n<div style='margin-top:10px; color:#555;'>Ideale per decorazioni natalizie per la casa, tavoli centrali e vetrine.<\/div>\n<\/details>\n<details style='margin-bottom:10px; padding:10px; background:#f9f9f9; border-radius:5px;'>\n<summary style='font-weight:bold; cursor:pointer;'>Pu\u00f2 essere offerto come regalo?<\/summary>\n<div style='margin-top:10px; color:#555;'>S\u00ec, il prodotto \u00e8 descritto come adatto anche per un regalo.<\/div>\n<\/details>\n<details style='margin-bottom:10px; padding:10px; background:#f9f9f9; border-radius:5px;'>\n<summary style='font-weight:bold; cursor:pointer;'>\u00c8 facile da posizionare e da combinare con altri ornamenti?<\/summary>\n<div style='margin-top:10px; color:#555;'>S\u00ec, si dice che sia facile da posizionare e da combinare con altre decorazioni.<\/div>\n<\/details>\n<\/div>\n","protected":false},"excerpt":{"rendered":"<p>12x5cm Domande Frequenti Quali sono le dimensioni della candela? Ha dimensioni 12&#215;5 cm. A quale tipo di decorazione si adatta? Ideale per decorazioni natalizie per la casa, tavoli centrali e vetrine. Pu\u00f2 essere offerto come regalo? S\u00ec, il prodotto \u00e8 descritto come adatto anche per un regalo. \u00c8 facile da posizionare e da combinare con [&hellip;]<\/p>\n","protected":false},"featured_media":5184386,"comment_status":"closed","ping_status":"open","template":"","meta":[],"product_brand":[],"product_cat":[],"product_tag":[15],"class_list":{"0":"post-5317800","1":"product","2":"type-product","3":"status-publish","4":"has-post-thumbnail","6":"product_tag-uncategorized","8":"first","9":"onbackorder","10":"purchasable","11":"product-type-simple"},"jetpack_sharing_enabled":true,"_links":{"self":[{"href":"https:\/\/gadgettravellers.eu\/it\/wp-json\/wp\/v2\/product\/5317800","targetHints":{"allow":["GET"]}}],"collection":[{"href":"https:\/\/gadgettravellers.eu\/it\/wp-json\/wp\/v2\/product"}],"about":[{"href":"https:\/\/gadgettravellers.eu\/it\/wp-json\/wp\/v2\/types\/product"}],"replies":[{"embeddable":true,"href":"https:\/\/gadgettravellers.eu\/it\/wp-json\/wp\/v2\/comments?post=5317800"}],"wp:featuredmedia":[{"embeddable":true,"href":"https:\/\/gadgettravellers.eu\/it\/wp-json\/wp\/v2\/media\/5184386"}],"wp:attachment":[{"href":"https:\/\/gadgettravellers.eu\/it\/wp-json\/wp\/v2\/media?parent=5317800"}],"wp:term":[{"taxonomy":"product_brand","embeddable":true,"href":"https:\/\/gadgettravellers.eu\/it\/wp-json\/wp\/v2\/product_brand?post=5317800"},{"taxonomy":"product_cat","embeddable":true,"href":"https:\/\/gadgettravellers.eu\/it\/wp-json\/wp\/v2\/product_cat?post=5317800"},{"taxonomy":"product_tag","embeddable":true,"href":"https:\/\/gadgettravellers.eu\/it\/wp-json\/wp\/v2\/product_tag?post=5317800"}],"curies":[{"name":"wp","href":"https:\/\/api.w.org\/{rel}","templated":true}]}}