{"id":5317802,"date":"2026-01-19T14:56:20","date_gmt":"2026-01-19T12:56:20","guid":{"rendered":"https:\/\/gadgettravellers.eu\/shop\/candela-a-colonna-con-stella-fiocco-12x5cm-xmasfest-1133850\/"},"modified":"2026-04-22T22:57:48","modified_gmt":"2026-04-22T20:57:48","slug":"candela-a-colonna-con-stella-fiocco-12x5cm-xmasfest-1133850","status":"publish","type":"product","link":"https:\/\/gadgettravellers.eu\/it\/shop\/candela-a-colonna-con-stella-fiocco-12x5cm-xmasfest-1133850\/","title":{"rendered":"Candela a Colonna con Stella &#038; Fiocco 12x5cm Xmasfest 1133850"},"content":{"rendered":"<p>12x5cm<\/p>\n<div class='aiseo-faq-section' style='margin-top:30px; border-top:1px solid #eee; padding-top:20px;'>\n<h3>Domande Frequenti<\/h3>\n<details style='margin-bottom:10px; padding:10px; background:#f9f9f9; border-radius:5px;'>\n<summary style='font-weight:bold; cursor:pointer;'>Quali sono le dimensioni della candela?<\/summary>\n<div style='margin-top:10px; color:#555;'>La candela ha dimensioni 12\u00d75 cm.<\/div>\n<\/details>\n<details style='margin-bottom:10px; padding:10px; background:#f9f9f9; border-radius:5px;'>\n<summary style='font-weight:bold; cursor:pointer;'>Dove \u00e8 destinata questa candela?<\/summary>\n<div style='margin-top:10px; color:#555;'>Progettato per decorazioni natalizie interne, su basi, tovaglie e addobbi.<\/div>\n<\/details>\n<details style='margin-bottom:10px; padding:10px; background:#f9f9f9; border-radius:5px;'>\n<summary style='font-weight:bold; cursor:pointer;'>Qual \u00e8 il risultato durante la combustione?<\/summary>\n<div style='margin-top:10px; color:#555;'>Offre una combustione uniforme e una finitura pulita.<\/div>\n<\/details>\n<details style='margin-bottom:10px; padding:10px; background:#f9f9f9; border-radius:5px;'>\n<summary style='font-weight:bold; cursor:pointer;'>Pu\u00f2 essere usato come regalo?<\/summary>\n<div style='margin-top:10px; color:#555;'>S\u00ec, \u00e8 ideale per regali e composizioni decorative.<\/div>\n<\/details>\n<\/div>\n","protected":false},"excerpt":{"rendered":"<p>12x5cm Domande Frequenti Quali sono le dimensioni della candela? La candela ha dimensioni 12\u00d75 cm. Dove \u00e8 destinata questa candela? Progettato per decorazioni natalizie interne, su basi, tovaglie e addobbi. Qual \u00e8 il risultato durante la combustione? Offre una combustione uniforme e una finitura pulita. Pu\u00f2 essere usato come regalo? S\u00ec, \u00e8 ideale per regali [&hellip;]<\/p>\n","protected":false},"featured_media":5184390,"comment_status":"closed","ping_status":"open","template":"","meta":[],"product_brand":[],"product_cat":[],"product_tag":[15],"class_list":{"0":"post-5317802","1":"product","2":"type-product","3":"status-publish","4":"has-post-thumbnail","6":"product_tag-uncategorized","8":"first","9":"onbackorder","10":"purchasable","11":"product-type-simple"},"jetpack_sharing_enabled":true,"_links":{"self":[{"href":"https:\/\/gadgettravellers.eu\/it\/wp-json\/wp\/v2\/product\/5317802","targetHints":{"allow":["GET"]}}],"collection":[{"href":"https:\/\/gadgettravellers.eu\/it\/wp-json\/wp\/v2\/product"}],"about":[{"href":"https:\/\/gadgettravellers.eu\/it\/wp-json\/wp\/v2\/types\/product"}],"replies":[{"embeddable":true,"href":"https:\/\/gadgettravellers.eu\/it\/wp-json\/wp\/v2\/comments?post=5317802"}],"wp:featuredmedia":[{"embeddable":true,"href":"https:\/\/gadgettravellers.eu\/it\/wp-json\/wp\/v2\/media\/5184390"}],"wp:attachment":[{"href":"https:\/\/gadgettravellers.eu\/it\/wp-json\/wp\/v2\/media?parent=5317802"}],"wp:term":[{"taxonomy":"product_brand","embeddable":true,"href":"https:\/\/gadgettravellers.eu\/it\/wp-json\/wp\/v2\/product_brand?post=5317802"},{"taxonomy":"product_cat","embeddable":true,"href":"https:\/\/gadgettravellers.eu\/it\/wp-json\/wp\/v2\/product_cat?post=5317802"},{"taxonomy":"product_tag","embeddable":true,"href":"https:\/\/gadgettravellers.eu\/it\/wp-json\/wp\/v2\/product_tag?post=5317802"}],"curies":[{"name":"wp","href":"https:\/\/api.w.org\/{rel}","templated":true}]}}