{"id":5317803,"date":"2026-01-19T14:56:21","date_gmt":"2026-01-19T12:56:21","guid":{"rendered":"https:\/\/gadgettravellers.eu\/shop\/810-luci-led-bianco-caldo-a-filo-con-programmi-ip44-435m-xmasfest-1133851\/"},"modified":"2026-04-22T22:57:49","modified_gmt":"2026-04-22T20:57:49","slug":"810-luci-led-bianco-caldo-a-filo-con-programmi-ip44-435m-xmasfest-1133851","status":"publish","type":"product","link":"https:\/\/gadgettravellers.eu\/it\/shop\/810-luci-led-bianco-caldo-a-filo-con-programmi-ip44-435m-xmasfest-1133851\/","title":{"rendered":"810 Luci LED Bianco Caldo a Filo con Programmi IP44 43,5m Xmasfest 1133851"},"content":{"rendered":"<p>810 LED bianco caldo con controller a 8 programmi. Per uso esterno e interno. Con cavo verde. Include il trasformatore IP44 43,5m<\/p>\n<div class='aiseo-faq-section' style='margin-top:30px; border-top:1px solid #eee; padding-top:20px;'>\n<h3>Domande Frequenti<\/h3>\n<details style='margin-bottom:10px; padding:10px; background:#f9f9f9; border-radius:5px;'>\n<summary style='font-weight:bold; cursor:pointer;'>Quanti LED include la serie?<\/summary>\n<div style='margin-top:10px; color:#555;'>La serie contiene 810 LED.<\/div>\n<\/details>\n<details style='margin-bottom:10px; padding:10px; background:#f9f9f9; border-radius:5px;'>\n<summary style='font-weight:bold; cursor:pointer;'>Qual \u00e8 la lunghezza del cavo?<\/summary>\n<div style='margin-top:10px; color:#555;'>La lunghezza totale \u00e8 di 43,5 metri.<\/div>\n<\/details>\n<details style='margin-bottom:10px; padding:10px; background:#f9f9f9; border-radius:5px;'>\n<summary style='font-weight:bold; cursor:pointer;'>Possono essere utilizzati all&#8217;aperto?<\/summary>\n<div style='margin-top:10px; color:#555;'>S\u00ec, sono adatti per uso esterno e interno con grado di protezione IP44.<\/div>\n<\/details>\n<details style='margin-bottom:10px; padding:10px; background:#f9f9f9; border-radius:5px;'>\n<summary style='font-weight:bold; cursor:pointer;'>Quali funzioni ha il controller?<\/summary>\n<div style='margin-top:10px; color:#555;'>Il controller integrato offre 8 programmi di illuminazione.<\/div>\n<\/details>\n<\/div>\n","protected":false},"excerpt":{"rendered":"<p>810 LED bianco caldo con controller a 8 programmi. Per uso esterno e interno. Con cavo verde. Include il trasformatore IP44 43,5m Domande Frequenti Quanti LED include la serie? La serie contiene 810 LED. Qual \u00e8 la lunghezza del cavo? La lunghezza totale \u00e8 di 43,5 metri. Possono essere utilizzati all&#8217;aperto? S\u00ec, sono adatti per [&hellip;]<\/p>\n","protected":false},"featured_media":5184394,"comment_status":"closed","ping_status":"open","template":"","meta":[],"product_brand":[],"product_cat":[],"product_tag":[15],"class_list":{"0":"post-5317803","1":"product","2":"type-product","3":"status-publish","4":"has-post-thumbnail","6":"product_tag-uncategorized","8":"first","9":"onbackorder","10":"purchasable","11":"product-type-simple"},"jetpack_sharing_enabled":true,"_links":{"self":[{"href":"https:\/\/gadgettravellers.eu\/it\/wp-json\/wp\/v2\/product\/5317803","targetHints":{"allow":["GET"]}}],"collection":[{"href":"https:\/\/gadgettravellers.eu\/it\/wp-json\/wp\/v2\/product"}],"about":[{"href":"https:\/\/gadgettravellers.eu\/it\/wp-json\/wp\/v2\/types\/product"}],"replies":[{"embeddable":true,"href":"https:\/\/gadgettravellers.eu\/it\/wp-json\/wp\/v2\/comments?post=5317803"}],"wp:featuredmedia":[{"embeddable":true,"href":"https:\/\/gadgettravellers.eu\/it\/wp-json\/wp\/v2\/media\/5184394"}],"wp:attachment":[{"href":"https:\/\/gadgettravellers.eu\/it\/wp-json\/wp\/v2\/media?parent=5317803"}],"wp:term":[{"taxonomy":"product_brand","embeddable":true,"href":"https:\/\/gadgettravellers.eu\/it\/wp-json\/wp\/v2\/product_brand?post=5317803"},{"taxonomy":"product_cat","embeddable":true,"href":"https:\/\/gadgettravellers.eu\/it\/wp-json\/wp\/v2\/product_cat?post=5317803"},{"taxonomy":"product_tag","embeddable":true,"href":"https:\/\/gadgettravellers.eu\/it\/wp-json\/wp\/v2\/product_tag?post=5317803"}],"curies":[{"name":"wp","href":"https:\/\/api.w.org\/{rel}","templated":true}]}}