{"id":5317804,"date":"2026-01-19T14:56:21","date_gmt":"2026-01-19T12:56:21","guid":{"rendered":"https:\/\/gadgettravellers.eu\/shop\/melograno-con-nastro-9x9cm-xmasfest-1133854\/"},"modified":"2026-04-22T22:57:49","modified_gmt":"2026-04-22T20:57:49","slug":"melograno-con-nastro-9x9cm-xmasfest-1133854","status":"publish","type":"product","link":"https:\/\/gadgettravellers.eu\/it\/shop\/melograno-con-nastro-9x9cm-xmasfest-1133854\/","title":{"rendered":"Melograno con Nastro 9x9cm Xmasfest 1133854"},"content":{"rendered":"<p>Ceramica 9x9cm<\/p>\n<div class='aiseo-faq-section' style='margin-top:30px; border-top:1px solid #eee; padding-top:20px;'>\n<h3>Domande Frequenti<\/h3>\n<details style='margin-bottom:10px; padding:10px; background:#f9f9f9; border-radius:5px;'>\n<summary style='font-weight:bold; cursor:pointer;'>Di che materiale \u00e8 fatto questo gioiello?<\/summary>\n<div style='margin-top:10px; color:#555;'>\u00c8 realizzato in ceramica per stabilit\u00e0 e un aspetto elegante.<\/div>\n<\/details>\n<details style='margin-bottom:10px; padding:10px; background:#f9f9f9; border-radius:5px;'>\n<summary style='font-weight:bold; cursor:pointer;'>Quali sono le sue dimensioni?<\/summary>\n<div style='margin-top:10px; color:#555;'>Le dimensioni sono 9&#215;9 cm.<\/div>\n<\/details>\n<details style='margin-bottom:10px; padding:10px; background:#f9f9f9; border-radius:5px;'>\n<summary style='font-weight:bold; cursor:pointer;'>Pu\u00f2 essere appeso facilmente?<\/summary>\n<div style='margin-top:10px; color:#555;'>S\u00ec, dispone di un nastro incorporato per un facile appendimento.<\/div>\n<\/details>\n<details style='margin-bottom:10px; padding:10px; background:#f9f9f9; border-radius:5px;'>\n<summary style='font-weight:bold; cursor:pointer;'>Come si consiglia di pulirlo?<\/summary>\n<div style='margin-top:10px; color:#555;'>Si pulisce facilmente con un panno umido.<\/div>\n<\/details>\n<\/div>\n","protected":false},"excerpt":{"rendered":"<p>Ceramica 9x9cm Domande Frequenti Di che materiale \u00e8 fatto questo gioiello? \u00c8 realizzato in ceramica per stabilit\u00e0 e un aspetto elegante. Quali sono le sue dimensioni? Le dimensioni sono 9&#215;9 cm. Pu\u00f2 essere appeso facilmente? S\u00ec, dispone di un nastro incorporato per un facile appendimento. Come si consiglia di pulirlo? Si pulisce facilmente con un [&hellip;]<\/p>\n","protected":false},"featured_media":5184402,"comment_status":"closed","ping_status":"open","template":"","meta":[],"product_brand":[],"product_cat":[],"product_tag":[15],"class_list":{"0":"post-5317804","1":"product","2":"type-product","3":"status-publish","4":"has-post-thumbnail","6":"product_tag-uncategorized","8":"first","9":"onbackorder","10":"purchasable","11":"product-type-simple"},"jetpack_sharing_enabled":true,"_links":{"self":[{"href":"https:\/\/gadgettravellers.eu\/it\/wp-json\/wp\/v2\/product\/5317804","targetHints":{"allow":["GET"]}}],"collection":[{"href":"https:\/\/gadgettravellers.eu\/it\/wp-json\/wp\/v2\/product"}],"about":[{"href":"https:\/\/gadgettravellers.eu\/it\/wp-json\/wp\/v2\/types\/product"}],"replies":[{"embeddable":true,"href":"https:\/\/gadgettravellers.eu\/it\/wp-json\/wp\/v2\/comments?post=5317804"}],"wp:featuredmedia":[{"embeddable":true,"href":"https:\/\/gadgettravellers.eu\/it\/wp-json\/wp\/v2\/media\/5184402"}],"wp:attachment":[{"href":"https:\/\/gadgettravellers.eu\/it\/wp-json\/wp\/v2\/media?parent=5317804"}],"wp:term":[{"taxonomy":"product_brand","embeddable":true,"href":"https:\/\/gadgettravellers.eu\/it\/wp-json\/wp\/v2\/product_brand?post=5317804"},{"taxonomy":"product_cat","embeddable":true,"href":"https:\/\/gadgettravellers.eu\/it\/wp-json\/wp\/v2\/product_cat?post=5317804"},{"taxonomy":"product_tag","embeddable":true,"href":"https:\/\/gadgettravellers.eu\/it\/wp-json\/wp\/v2\/product_tag?post=5317804"}],"curies":[{"name":"wp","href":"https:\/\/api.w.org\/{rel}","templated":true}]}}