{"id":5317805,"date":"2026-01-19T14:56:22","date_gmt":"2026-01-19T12:56:22","guid":{"rendered":"https:\/\/gadgettravellers.eu\/shop\/schiaccianoci-acrilico-con-40led-bianco-freddo-ip44-57x12x10cm-xmasfest-1133852\/"},"modified":"2026-04-22T22:57:50","modified_gmt":"2026-04-22T20:57:50","slug":"schiaccianoci-acrilico-con-40led-bianco-freddo-ip44-57x12x10cm-xmasfest-1133852","status":"publish","type":"product","link":"https:\/\/gadgettravellers.eu\/it\/shop\/schiaccianoci-acrilico-con-40led-bianco-freddo-ip44-57x12x10cm-xmasfest-1133852\/","title":{"rendered":"Schiaccianoci Acrilico con 40led Bianco Freddo Ip44 57x12x10cm Xmasfest 1133852"},"content":{"rendered":"<p>Con 40 LED bianco freddo, illuminazione fissa. Per uso esterno e interno. Con cavo trasparente. Include il trasformatore IP44 57x12x10cm<\/p>\n<div class='aiseo-faq-section' style='margin-top:30px; border-top:1px solid #eee; padding-top:20px;'>\n<h3>Domande Frequenti<\/h3>\n<details style='margin-bottom:10px; padding:10px; background:#f9f9f9; border-radius:5px;'>\n<summary style='font-weight:bold; cursor:pointer;'>\u00c8 adatto per uso esterno?<\/summary>\n<div style='margin-top:10px; color:#555;'>S\u00ec, \u00e8 adatto per uso esterno e interno.<\/div>\n<\/details>\n<details style='margin-bottom:10px; padding:10px; background:#f9f9f9; border-radius:5px;'>\n<summary style='font-weight:bold; cursor:pointer;'>Quanti LED ha e di che colore \u00e8 la luce che producono?<\/summary>\n<div style='margin-top:10px; color:#555;'>Dispone di 40 LED con illuminazione bianca fredda di tipo fisso.<\/div>\n<\/details>\n<details style='margin-bottom:10px; padding:10px; background:#f9f9f9; border-radius:5px;'>\n<summary style='font-weight:bold; cursor:pointer;'>Il trasformatore \u00e8 incluso?<\/summary>\n<div style='margin-top:10px; color:#555;'>S\u00ec, \u00e8 incluso un trasformatore IP44.<\/div>\n<\/details>\n<details style='margin-bottom:10px; padding:10px; background:#f9f9f9; border-radius:5px;'>\n<summary style='font-weight:bold; cursor:pointer;'>Quali sono le dimensioni del prodotto?<\/summary>\n<div style='margin-top:10px; color:#555;'>Le dimensioni sono 57x12x10 cm.<\/div>\n<\/details>\n<details style='margin-bottom:10px; padding:10px; background:#f9f9f9; border-radius:5px;'>\n<summary style='font-weight:bold; cursor:pointer;'>Che tipo di cavo ha?<\/summary>\n<div style='margin-top:10px; color:#555;'>Ha un cavo trasparente per un aspetto pi\u00f9 elegante.<\/div>\n<\/details>\n<\/div>\n","protected":false},"excerpt":{"rendered":"<p>Con 40 LED bianco freddo, illuminazione fissa. Per uso esterno e interno. Con cavo trasparente. Include il trasformatore IP44 57x12x10cm Domande Frequenti \u00c8 adatto per uso esterno? S\u00ec, \u00e8 adatto per uso esterno e interno. Quanti LED ha e di che colore \u00e8 la luce che producono? Dispone di 40 LED con illuminazione bianca fredda [&hellip;]<\/p>\n","protected":false},"featured_media":5184398,"comment_status":"closed","ping_status":"open","template":"","meta":[],"product_brand":[],"product_cat":[],"product_tag":[15],"class_list":{"0":"post-5317805","1":"product","2":"type-product","3":"status-publish","4":"has-post-thumbnail","6":"product_tag-uncategorized","8":"first","9":"onbackorder","10":"purchasable","11":"product-type-simple"},"jetpack_sharing_enabled":true,"_links":{"self":[{"href":"https:\/\/gadgettravellers.eu\/it\/wp-json\/wp\/v2\/product\/5317805","targetHints":{"allow":["GET"]}}],"collection":[{"href":"https:\/\/gadgettravellers.eu\/it\/wp-json\/wp\/v2\/product"}],"about":[{"href":"https:\/\/gadgettravellers.eu\/it\/wp-json\/wp\/v2\/types\/product"}],"replies":[{"embeddable":true,"href":"https:\/\/gadgettravellers.eu\/it\/wp-json\/wp\/v2\/comments?post=5317805"}],"wp:featuredmedia":[{"embeddable":true,"href":"https:\/\/gadgettravellers.eu\/it\/wp-json\/wp\/v2\/media\/5184398"}],"wp:attachment":[{"href":"https:\/\/gadgettravellers.eu\/it\/wp-json\/wp\/v2\/media?parent=5317805"}],"wp:term":[{"taxonomy":"product_brand","embeddable":true,"href":"https:\/\/gadgettravellers.eu\/it\/wp-json\/wp\/v2\/product_brand?post=5317805"},{"taxonomy":"product_cat","embeddable":true,"href":"https:\/\/gadgettravellers.eu\/it\/wp-json\/wp\/v2\/product_cat?post=5317805"},{"taxonomy":"product_tag","embeddable":true,"href":"https:\/\/gadgettravellers.eu\/it\/wp-json\/wp\/v2\/product_tag?post=5317805"}],"curies":[{"name":"wp","href":"https:\/\/api.w.org\/{rel}","templated":true}]}}