{"id":5317806,"date":"2026-01-19T14:56:22","date_gmt":"2026-01-19T12:56:22","guid":{"rendered":"https:\/\/gadgettravellers.eu\/shop\/tazza-rossa-con-cervi-13x10cm-xmasfest-1133857\/"},"modified":"2026-04-22T22:57:50","modified_gmt":"2026-04-22T20:57:50","slug":"tazza-rossa-con-cervi-13x10cm-xmasfest-1133857","status":"publish","type":"product","link":"https:\/\/gadgettravellers.eu\/it\/shop\/tazza-rossa-con-cervi-13x10cm-xmasfest-1133857\/","title":{"rendered":"Tazza Rossa con Cervi 13x10cm Xmasfest 1133857"},"content":{"rendered":"<p>ceramica 13x10cm<\/p>\n<div class='aiseo-faq-section' style='margin-top:30px; border-top:1px solid #eee; padding-top:20px;'>\n<h3>Domande Frequenti<\/h3>\n<details style='margin-bottom:10px; padding:10px; background:#f9f9f9; border-radius:5px;'>\n<summary style='font-weight:bold; cursor:pointer;'>Di che materiale \u00e8 la tazza?<\/summary>\n<div style='margin-top:10px; color:#555;'>\u00c8 in ceramica.<\/div>\n<\/details>\n<details style='margin-bottom:10px; padding:10px; background:#f9f9f9; border-radius:5px;'>\n<summary style='font-weight:bold; cursor:pointer;'>Quali sono le dimensioni della tazza?<\/summary>\n<div style='margin-top:10px; color:#555;'>13&#215;10 cm.<\/div>\n<\/details>\n<details style='margin-bottom:10px; padding:10px; background:#f9f9f9; border-radius:5px;'>\n<summary style='font-weight:bold; cursor:pointer;'>\u00c8 adatta per bevande calde?<\/summary>\n<div style='margin-top:10px; color:#555;'>S\u00ec, ideale per bevande calde.<\/div>\n<\/details>\n<details style='margin-bottom:10px; padding:10px; background:#f9f9f9; border-radius:5px;'>\n<summary style='font-weight:bold; cursor:pointer;'>\u00c8 fornito per uso quotidiano?<\/summary>\n<div style='margin-top:10px; color:#555;'>S\u00ec, ha una costruzione solida ed \u00e8 adatta all&#8217;uso quotidiano.<\/div>\n<\/details>\n<\/div>\n","protected":false},"excerpt":{"rendered":"<p>ceramica 13x10cm Domande Frequenti Di che materiale \u00e8 la tazza? \u00c8 in ceramica. Quali sono le dimensioni della tazza? 13&#215;10 cm. \u00c8 adatta per bevande calde? S\u00ec, ideale per bevande calde. \u00c8 fornito per uso quotidiano? S\u00ec, ha una costruzione solida ed \u00e8 adatta all&#8217;uso quotidiano.<\/p>\n","protected":false},"featured_media":5184409,"comment_status":"closed","ping_status":"open","template":"","meta":[],"product_brand":[],"product_cat":[],"product_tag":[15],"class_list":{"0":"post-5317806","1":"product","2":"type-product","3":"status-publish","4":"has-post-thumbnail","6":"product_tag-uncategorized","8":"first","9":"onbackorder","10":"purchasable","11":"product-type-simple"},"jetpack_sharing_enabled":true,"_links":{"self":[{"href":"https:\/\/gadgettravellers.eu\/it\/wp-json\/wp\/v2\/product\/5317806","targetHints":{"allow":["GET"]}}],"collection":[{"href":"https:\/\/gadgettravellers.eu\/it\/wp-json\/wp\/v2\/product"}],"about":[{"href":"https:\/\/gadgettravellers.eu\/it\/wp-json\/wp\/v2\/types\/product"}],"replies":[{"embeddable":true,"href":"https:\/\/gadgettravellers.eu\/it\/wp-json\/wp\/v2\/comments?post=5317806"}],"wp:featuredmedia":[{"embeddable":true,"href":"https:\/\/gadgettravellers.eu\/it\/wp-json\/wp\/v2\/media\/5184409"}],"wp:attachment":[{"href":"https:\/\/gadgettravellers.eu\/it\/wp-json\/wp\/v2\/media?parent=5317806"}],"wp:term":[{"taxonomy":"product_brand","embeddable":true,"href":"https:\/\/gadgettravellers.eu\/it\/wp-json\/wp\/v2\/product_brand?post=5317806"},{"taxonomy":"product_cat","embeddable":true,"href":"https:\/\/gadgettravellers.eu\/it\/wp-json\/wp\/v2\/product_cat?post=5317806"},{"taxonomy":"product_tag","embeddable":true,"href":"https:\/\/gadgettravellers.eu\/it\/wp-json\/wp\/v2\/product_tag?post=5317806"}],"curies":[{"name":"wp","href":"https:\/\/api.w.org\/{rel}","templated":true}]}}