{"id":5317807,"date":"2026-01-19T14:56:23","date_gmt":"2026-01-19T12:56:23","guid":{"rendered":"https:\/\/gadgettravellers.eu\/shop\/set-2-palline-1-campana-in-porcellana-30x15x11cm-xmasfest-1133860\/"},"modified":"2026-04-22T22:57:51","modified_gmt":"2026-04-22T20:57:51","slug":"set-2-palline-1-campana-in-porcellana-30x15x11cm-xmasfest-1133860","status":"publish","type":"product","link":"https:\/\/gadgettravellers.eu\/it\/shop\/set-2-palline-1-campana-in-porcellana-30x15x11cm-xmasfest-1133860\/","title":{"rendered":"Set 2 Palline &#038; 1 Campana in Porcellana 30x15x11cm Xmasfest 1133860"},"content":{"rendered":"<p>Set=3 ornamenti in porcellana. In scatola regalo 30x15x11cm<\/p>\n<div class='aiseo-faq-section' style='margin-top:30px; border-top:1px solid #eee; padding-top:20px;'>\n<h3>Domande Frequenti<\/h3>\n<details style='margin-bottom:10px; padding:10px; background:#f9f9f9; border-radius:5px;'>\n<summary style='font-weight:bold; cursor:pointer;'>Cosa include il set?<\/summary>\n<div style='margin-top:10px; color:#555;'>Il set include 3 decorazioni in porcellana: 2 palline e 1 campana.<\/div>\n<\/details>\n<details style='margin-bottom:10px; padding:10px; background:#f9f9f9; border-radius:5px;'>\n<summary style='font-weight:bold; cursor:pointer;'>Di che materiale sono fatti gli ornamenti?<\/summary>\n<div style='margin-top:10px; color:#555;'>Le decorazioni sono realizzate in porcellana.<\/div>\n<\/details>\n<details style='margin-bottom:10px; padding:10px; background:#f9f9f9; border-radius:5px;'>\n<summary style='font-weight:bold; cursor:pointer;'>Quali sono le dimensioni della scatola regalo?<\/summary>\n<div style='margin-top:10px; color:#555;'>Le dimensioni della scatola regalo sono 30x15x11 cm.<\/div>\n<\/details>\n<details style='margin-bottom:10px; padding:10px; background:#f9f9f9; border-radius:5px;'>\n<summary style='font-weight:bold; cursor:pointer;'>Adatto per decorazioni natalizie o come regalo?<\/summary>\n<div style='margin-top:10px; color:#555;'>S\u00ec, \u00e8 ideale per la decorazione natalizia e pu\u00f2 essere offerto come un elegante regalo.<\/div>\n<\/details>\n<\/div>\n","protected":false},"excerpt":{"rendered":"<p>Set=3 ornamenti in porcellana. In scatola regalo 30x15x11cm Domande Frequenti Cosa include il set? Il set include 3 decorazioni in porcellana: 2 palline e 1 campana. Di che materiale sono fatti gli ornamenti? Le decorazioni sono realizzate in porcellana. Quali sono le dimensioni della scatola regalo? Le dimensioni della scatola regalo sono 30x15x11 cm. Adatto [&hellip;]<\/p>\n","protected":false},"featured_media":5184424,"comment_status":"closed","ping_status":"open","template":"","meta":[],"product_brand":[],"product_cat":[],"product_tag":[15],"class_list":{"0":"post-5317807","1":"product","2":"type-product","3":"status-publish","4":"has-post-thumbnail","6":"product_tag-uncategorized","8":"first","9":"onbackorder","10":"purchasable","11":"product-type-simple"},"jetpack_sharing_enabled":true,"_links":{"self":[{"href":"https:\/\/gadgettravellers.eu\/it\/wp-json\/wp\/v2\/product\/5317807","targetHints":{"allow":["GET"]}}],"collection":[{"href":"https:\/\/gadgettravellers.eu\/it\/wp-json\/wp\/v2\/product"}],"about":[{"href":"https:\/\/gadgettravellers.eu\/it\/wp-json\/wp\/v2\/types\/product"}],"replies":[{"embeddable":true,"href":"https:\/\/gadgettravellers.eu\/it\/wp-json\/wp\/v2\/comments?post=5317807"}],"wp:featuredmedia":[{"embeddable":true,"href":"https:\/\/gadgettravellers.eu\/it\/wp-json\/wp\/v2\/media\/5184424"}],"wp:attachment":[{"href":"https:\/\/gadgettravellers.eu\/it\/wp-json\/wp\/v2\/media?parent=5317807"}],"wp:term":[{"taxonomy":"product_brand","embeddable":true,"href":"https:\/\/gadgettravellers.eu\/it\/wp-json\/wp\/v2\/product_brand?post=5317807"},{"taxonomy":"product_cat","embeddable":true,"href":"https:\/\/gadgettravellers.eu\/it\/wp-json\/wp\/v2\/product_cat?post=5317807"},{"taxonomy":"product_tag","embeddable":true,"href":"https:\/\/gadgettravellers.eu\/it\/wp-json\/wp\/v2\/product_tag?post=5317807"}],"curies":[{"name":"wp","href":"https:\/\/api.w.org\/{rel}","templated":true}]}}