{"id":5317808,"date":"2026-01-19T14:56:24","date_gmt":"2026-01-19T12:56:24","guid":{"rendered":"https:\/\/gadgettravellers.eu\/shop\/piatto-in-ceramica-babbo-natale-30x20cm-xmasfest-1133859\/"},"modified":"2026-04-22T22:57:51","modified_gmt":"2026-04-22T20:57:51","slug":"piatto-in-ceramica-babbo-natale-30x20cm-xmasfest-1133859","status":"publish","type":"product","link":"https:\/\/gadgettravellers.eu\/it\/shop\/piatto-in-ceramica-babbo-natale-30x20cm-xmasfest-1133859\/","title":{"rendered":"Piatto in ceramica Babbo Natale 30x20cm Xmasfest 1133859"},"content":{"rendered":"<p>Piatto in ceramica 30x20cm<\/p>\n<div class='aiseo-faq-section' style='margin-top:30px; border-top:1px solid #eee; padding-top:20px;'>\n<h3>Domande Frequenti<\/h3>\n<details style='margin-bottom:10px; padding:10px; background:#f9f9f9; border-radius:5px;'>\n<summary style='font-weight:bold; cursor:pointer;'>Di che materiale \u00e8 il vassoio?<\/summary>\n<div style='margin-top:10px; color:#555;'>Il piatto \u00e8 realizzato in ceramica.<\/div>\n<\/details>\n<details style='margin-bottom:10px; padding:10px; background:#f9f9f9; border-radius:5px;'>\n<summary style='font-weight:bold; cursor:pointer;'>Quali sono le dimensioni del vassoio?<\/summary>\n<div style='margin-top:10px; color:#555;'>Le dimensioni sono 30x20cm.<\/div>\n<\/details>\n<details style='margin-bottom:10px; padding:10px; background:#f9f9f9; border-radius:5px;'>\n<summary style='font-weight:bold; cursor:pointer;'>Pu\u00f2 essere usato per servire dolci e come regalo?<\/summary>\n<div style='margin-top:10px; color:#555;'>S\u00ec, \u00e8 ideale per servire dolci e adatta come regalo durante le festivit\u00e0.<\/div>\n<\/details>\n<\/div>\n","protected":false},"excerpt":{"rendered":"<p>Piatto in ceramica 30x20cm Domande Frequenti Di che materiale \u00e8 il vassoio? Il piatto \u00e8 realizzato in ceramica. Quali sono le dimensioni del vassoio? Le dimensioni sono 30x20cm. Pu\u00f2 essere usato per servire dolci e come regalo? S\u00ec, \u00e8 ideale per servire dolci e adatta come regalo durante le festivit\u00e0.<\/p>\n","protected":false},"featured_media":5184420,"comment_status":"closed","ping_status":"open","template":"","meta":[],"product_brand":[],"product_cat":[],"product_tag":[15],"class_list":{"0":"post-5317808","1":"product","2":"type-product","3":"status-publish","4":"has-post-thumbnail","6":"product_tag-uncategorized","8":"first","9":"onbackorder","10":"purchasable","11":"product-type-simple"},"jetpack_sharing_enabled":true,"_links":{"self":[{"href":"https:\/\/gadgettravellers.eu\/it\/wp-json\/wp\/v2\/product\/5317808","targetHints":{"allow":["GET"]}}],"collection":[{"href":"https:\/\/gadgettravellers.eu\/it\/wp-json\/wp\/v2\/product"}],"about":[{"href":"https:\/\/gadgettravellers.eu\/it\/wp-json\/wp\/v2\/types\/product"}],"replies":[{"embeddable":true,"href":"https:\/\/gadgettravellers.eu\/it\/wp-json\/wp\/v2\/comments?post=5317808"}],"wp:featuredmedia":[{"embeddable":true,"href":"https:\/\/gadgettravellers.eu\/it\/wp-json\/wp\/v2\/media\/5184420"}],"wp:attachment":[{"href":"https:\/\/gadgettravellers.eu\/it\/wp-json\/wp\/v2\/media?parent=5317808"}],"wp:term":[{"taxonomy":"product_brand","embeddable":true,"href":"https:\/\/gadgettravellers.eu\/it\/wp-json\/wp\/v2\/product_brand?post=5317808"},{"taxonomy":"product_cat","embeddable":true,"href":"https:\/\/gadgettravellers.eu\/it\/wp-json\/wp\/v2\/product_cat?post=5317808"},{"taxonomy":"product_tag","embeddable":true,"href":"https:\/\/gadgettravellers.eu\/it\/wp-json\/wp\/v2\/product_tag?post=5317808"}],"curies":[{"name":"wp","href":"https:\/\/api.w.org\/{rel}","templated":true}]}}