{"id":5317809,"date":"2026-01-19T14:56:25","date_gmt":"2026-01-19T12:56:25","guid":{"rendered":"https:\/\/gadgettravellers.eu\/shop\/palla-di-neve-di-natale-o45x65cm-xmasfest-1133858\/"},"modified":"2026-04-22T22:57:51","modified_gmt":"2026-04-22T20:57:51","slug":"palla-di-neve-di-natale-o45x65cm-xmasfest-1133858","status":"publish","type":"product","link":"https:\/\/gadgettravellers.eu\/it\/shop\/palla-di-neve-di-natale-o45x65cm-xmasfest-1133858\/","title":{"rendered":"Palla di neve di Natale \u00f84,5&#215;6,5cm Xmasfest 1133858"},"content":{"rendered":"<p>Secondo il disegno \u00f84,5&#215;6,5cm<\/p>\n<div class='aiseo-faq-section' style='margin-top:30px; border-top:1px solid #eee; padding-top:20px;'>\n<h3>Domande Frequenti<\/h3>\n<details style='margin-bottom:10px; padding:10px; background:#f9f9f9; border-radius:5px;'>\n<summary style='font-weight:bold; cursor:pointer;'>Qual \u00e8 la dimensione della palla di neve?<\/summary>\n<div style='margin-top:10px; color:#555;'>Dimensioni \u00f84,5 x 6,5 cm.<\/div>\n<\/details>\n<details style='margin-bottom:10px; padding:10px; background:#f9f9f9; border-radius:5px;'>\n<summary style='font-weight:bold; cursor:pointer;'>In quali ambienti si adatta per la decorazione?<\/summary>\n<div style='margin-top:10px; color:#555;'>Ideale per la decorazione di tavoli o vetrine.<\/div>\n<\/details>\n<details style='margin-bottom:10px; padding:10px; background:#f9f9f9; border-radius:5px;'>\n<summary style='font-weight:bold; cursor:pointer;'>Viene in diversi modelli?<\/summary>\n<div style='margin-top:10px; color:#555;'>S\u00ec, \u00e8 disponibile per progetto.<\/div>\n<\/details>\n<details style='margin-bottom:10px; padding:10px; background:#f9f9f9; border-radius:5px;'>\n<summary style='font-weight:bold; cursor:pointer;'>Pu\u00f2 essere usato come regalo?<\/summary>\n<div style='margin-top:10px; color:#555;'>S\u00ec, \u00e8 adatto come piccolo regalo per le feste.<\/div>\n<\/details>\n<\/div>\n","protected":false},"excerpt":{"rendered":"<p>Secondo il disegno \u00f84,5&#215;6,5cm Domande Frequenti Qual \u00e8 la dimensione della palla di neve? Dimensioni \u00f84,5 x 6,5 cm. In quali ambienti si adatta per la decorazione? Ideale per la decorazione di tavoli o vetrine. Viene in diversi modelli? S\u00ec, \u00e8 disponibile per progetto. Pu\u00f2 essere usato come regalo? S\u00ec, \u00e8 adatto come piccolo regalo [&hellip;]<\/p>\n","protected":false},"featured_media":5184413,"comment_status":"closed","ping_status":"open","template":"","meta":[],"product_brand":[],"product_cat":[],"product_tag":[15],"class_list":{"0":"post-5317809","1":"product","2":"type-product","3":"status-publish","4":"has-post-thumbnail","6":"product_tag-uncategorized","8":"first","9":"onbackorder","10":"purchasable","11":"product-type-simple"},"jetpack_sharing_enabled":true,"_links":{"self":[{"href":"https:\/\/gadgettravellers.eu\/it\/wp-json\/wp\/v2\/product\/5317809","targetHints":{"allow":["GET"]}}],"collection":[{"href":"https:\/\/gadgettravellers.eu\/it\/wp-json\/wp\/v2\/product"}],"about":[{"href":"https:\/\/gadgettravellers.eu\/it\/wp-json\/wp\/v2\/types\/product"}],"replies":[{"embeddable":true,"href":"https:\/\/gadgettravellers.eu\/it\/wp-json\/wp\/v2\/comments?post=5317809"}],"wp:featuredmedia":[{"embeddable":true,"href":"https:\/\/gadgettravellers.eu\/it\/wp-json\/wp\/v2\/media\/5184413"}],"wp:attachment":[{"href":"https:\/\/gadgettravellers.eu\/it\/wp-json\/wp\/v2\/media?parent=5317809"}],"wp:term":[{"taxonomy":"product_brand","embeddable":true,"href":"https:\/\/gadgettravellers.eu\/it\/wp-json\/wp\/v2\/product_brand?post=5317809"},{"taxonomy":"product_cat","embeddable":true,"href":"https:\/\/gadgettravellers.eu\/it\/wp-json\/wp\/v2\/product_cat?post=5317809"},{"taxonomy":"product_tag","embeddable":true,"href":"https:\/\/gadgettravellers.eu\/it\/wp-json\/wp\/v2\/product_tag?post=5317809"}],"curies":[{"name":"wp","href":"https:\/\/api.w.org\/{rel}","templated":true}]}}