{"id":5317811,"date":"2026-01-19T14:56:26","date_gmt":"2026-01-19T12:56:26","guid":{"rendered":"https:\/\/gadgettravellers.eu\/shop\/disco-plastico-rotondo-schiaccianoci-o28cm-xmasfest-1133868\/"},"modified":"2026-04-22T22:57:52","modified_gmt":"2026-04-22T20:57:52","slug":"disco-plastico-rotondo-schiaccianoci-o28cm-xmasfest-1133868","status":"publish","type":"product","link":"https:\/\/gadgettravellers.eu\/it\/shop\/disco-plastico-rotondo-schiaccianoci-o28cm-xmasfest-1133868\/","title":{"rendered":"Disco Plastico Rotondo Schiaccianoci \u00f828cm Xmasfest 1133868"},"content":{"rendered":"<p>\u00f828cm<\/p>\n<div class='aiseo-faq-section' style='margin-top:30px; border-top:1px solid #eee; padding-top:20px;'>\n<h3>Domande Frequenti<\/h3>\n<details style='margin-bottom:10px; padding:10px; background:#f9f9f9; border-radius:5px;'>\n<summary style='font-weight:bold; cursor:pointer;'>Di che materiale \u00e8 il disco?<\/summary>\n<div style='margin-top:10px; color:#555;'>\u00c8 realizzato in plastica resistente, come indicato nella descrizione.<\/div>\n<\/details>\n<details style='margin-bottom:10px; padding:10px; background:#f9f9f9; border-radius:5px;'>\n<summary style='font-weight:bold; cursor:pointer;'>Qual \u00e8 il diametro del disco?<\/summary>\n<div style='margin-top:10px; color:#555;'>Il diametro \u00e8 28 cm.<\/div>\n<\/details>\n<details style='margin-bottom:10px; padding:10px; background:#f9f9f9; border-radius:5px;'>\n<summary style='font-weight:bold; cursor:pointer;'>Per quali usi \u00e8 adatto?<\/summary>\n<div style='margin-top:10px; color:#555;'>Ideale per servire dolci, frutta secca e prelibatezze durante le feste, nonch\u00e9 per decorazione o come regalo economico.<\/div>\n<\/details>\n<details style='margin-bottom:10px; padding:10px; background:#f9f9f9; border-radius:5px;'>\n<summary style='font-weight:bold; cursor:pointer;'>\u00c8 adatto per uso esterno?<\/summary>\n<div style='margin-top:10px; color:#555;'>La descrizione indica che \u00e8 adatto per uso interno, senza alcun riferimento specifico all&#8217;uso esterno.<\/div>\n<\/details>\n<\/div>\n","protected":false},"excerpt":{"rendered":"<p>\u00f828cm Domande Frequenti Di che materiale \u00e8 il disco? \u00c8 realizzato in plastica resistente, come indicato nella descrizione. Qual \u00e8 il diametro del disco? Il diametro \u00e8 28 cm. Per quali usi \u00e8 adatto? Ideale per servire dolci, frutta secca e prelibatezze durante le feste, nonch\u00e9 per decorazione o come regalo economico. \u00c8 adatto per [&hellip;]<\/p>\n","protected":false},"featured_media":5184440,"comment_status":"closed","ping_status":"open","template":"","meta":[],"product_brand":[],"product_cat":[],"product_tag":[15],"class_list":{"0":"post-5317811","1":"product","2":"type-product","3":"status-publish","4":"has-post-thumbnail","6":"product_tag-uncategorized","8":"first","9":"onbackorder","10":"purchasable","11":"product-type-simple"},"jetpack_sharing_enabled":true,"_links":{"self":[{"href":"https:\/\/gadgettravellers.eu\/it\/wp-json\/wp\/v2\/product\/5317811","targetHints":{"allow":["GET"]}}],"collection":[{"href":"https:\/\/gadgettravellers.eu\/it\/wp-json\/wp\/v2\/product"}],"about":[{"href":"https:\/\/gadgettravellers.eu\/it\/wp-json\/wp\/v2\/types\/product"}],"replies":[{"embeddable":true,"href":"https:\/\/gadgettravellers.eu\/it\/wp-json\/wp\/v2\/comments?post=5317811"}],"wp:featuredmedia":[{"embeddable":true,"href":"https:\/\/gadgettravellers.eu\/it\/wp-json\/wp\/v2\/media\/5184440"}],"wp:attachment":[{"href":"https:\/\/gadgettravellers.eu\/it\/wp-json\/wp\/v2\/media?parent=5317811"}],"wp:term":[{"taxonomy":"product_brand","embeddable":true,"href":"https:\/\/gadgettravellers.eu\/it\/wp-json\/wp\/v2\/product_brand?post=5317811"},{"taxonomy":"product_cat","embeddable":true,"href":"https:\/\/gadgettravellers.eu\/it\/wp-json\/wp\/v2\/product_cat?post=5317811"},{"taxonomy":"product_tag","embeddable":true,"href":"https:\/\/gadgettravellers.eu\/it\/wp-json\/wp\/v2\/product_tag?post=5317811"}],"curies":[{"name":"wp","href":"https:\/\/api.w.org\/{rel}","templated":true}]}}