{"id":5317814,"date":"2026-01-19T14:56:28","date_gmt":"2026-01-19T12:56:28","guid":{"rendered":"https:\/\/gadgettravellers.eu\/shop\/disco-plastico-rotondo-palline-caramelle-o32cm-xmasfest-1133870\/"},"modified":"2026-04-22T22:57:54","modified_gmt":"2026-04-22T20:57:54","slug":"disco-plastico-rotondo-palline-caramelle-o32cm-xmasfest-1133870","status":"publish","type":"product","link":"https:\/\/gadgettravellers.eu\/it\/shop\/disco-plastico-rotondo-palline-caramelle-o32cm-xmasfest-1133870\/","title":{"rendered":"Disco Plastico Rotondo Palline-Caramelle \u00f832cm Xmasfest 1133870"},"content":{"rendered":"<p>\u00f832cm<\/p>\n<div class='aiseo-faq-section' style='margin-top:30px; border-top:1px solid #eee; padding-top:20px;'>\n<h3>Domande Frequenti<\/h3>\n<details style='margin-bottom:10px; padding:10px; background:#f9f9f9; border-radius:5px;'>\n<summary style='font-weight:bold; cursor:pointer;'>Di che materiale \u00e8 fatto il disco?<\/summary>\n<div style='margin-top:10px; color:#555;'>Realizzato in plastica resistente e leggera.<\/div>\n<\/details>\n<details style='margin-bottom:10px; padding:10px; background:#f9f9f9; border-radius:5px;'>\n<summary style='font-weight:bold; cursor:pointer;'>Qual \u00e8 il diametro del disco?<\/summary>\n<div style='margin-top:10px; color:#555;'>Il diametro \u00e8 32 cm.<\/div>\n<\/details>\n<details style='margin-bottom:10px; padding:10px; background:#f9f9f9; border-radius:5px;'>\n<summary style='font-weight:bold; cursor:pointer;'>\u00c8 facile da pulire?<\/summary>\n<div style='margin-top:10px; color:#555;'>S\u00ec, offre una facile pulizia.<\/div>\n<\/details>\n<details style='margin-bottom:10px; padding:10px; background:#f9f9f9; border-radius:5px;'>\n<summary style='font-weight:bold; cursor:pointer;'>Pu\u00f2 essere utilizzato all&#8217;aperto?<\/summary>\n<div style='margin-top:10px; color:#555;'>S\u00ec, \u00e8 pratico per uso interno ed esterno.<\/div>\n<\/details>\n<details style='margin-bottom:10px; padding:10px; background:#f9f9f9; border-radius:5px;'>\n<summary style='font-weight:bold; cursor:pointer;'>Per quali tipi di servizio \u00e8 consigliato?<\/summary>\n<div style='margin-top:10px; color:#555;'>Ideale per servire dolci, biscotti e piccoli oggetti, nonch\u00e9 per tavole natalizie.<\/div>\n<\/details>\n<\/div>\n","protected":false},"excerpt":{"rendered":"<p>\u00f832cm Domande Frequenti Di che materiale \u00e8 fatto il disco? Realizzato in plastica resistente e leggera. Qual \u00e8 il diametro del disco? Il diametro \u00e8 32 cm. \u00c8 facile da pulire? S\u00ec, offre una facile pulizia. Pu\u00f2 essere utilizzato all&#8217;aperto? S\u00ec, \u00e8 pratico per uso interno ed esterno. Per quali tipi di servizio \u00e8 consigliato? [&hellip;]<\/p>\n","protected":false},"featured_media":5184448,"comment_status":"closed","ping_status":"open","template":"","meta":[],"product_brand":[],"product_cat":[],"product_tag":[15],"class_list":{"0":"post-5317814","1":"product","2":"type-product","3":"status-publish","4":"has-post-thumbnail","6":"product_tag-uncategorized","8":"first","9":"onbackorder","10":"purchasable","11":"product-type-simple"},"jetpack_sharing_enabled":true,"_links":{"self":[{"href":"https:\/\/gadgettravellers.eu\/it\/wp-json\/wp\/v2\/product\/5317814","targetHints":{"allow":["GET"]}}],"collection":[{"href":"https:\/\/gadgettravellers.eu\/it\/wp-json\/wp\/v2\/product"}],"about":[{"href":"https:\/\/gadgettravellers.eu\/it\/wp-json\/wp\/v2\/types\/product"}],"replies":[{"embeddable":true,"href":"https:\/\/gadgettravellers.eu\/it\/wp-json\/wp\/v2\/comments?post=5317814"}],"wp:featuredmedia":[{"embeddable":true,"href":"https:\/\/gadgettravellers.eu\/it\/wp-json\/wp\/v2\/media\/5184448"}],"wp:attachment":[{"href":"https:\/\/gadgettravellers.eu\/it\/wp-json\/wp\/v2\/media?parent=5317814"}],"wp:term":[{"taxonomy":"product_brand","embeddable":true,"href":"https:\/\/gadgettravellers.eu\/it\/wp-json\/wp\/v2\/product_brand?post=5317814"},{"taxonomy":"product_cat","embeddable":true,"href":"https:\/\/gadgettravellers.eu\/it\/wp-json\/wp\/v2\/product_cat?post=5317814"},{"taxonomy":"product_tag","embeddable":true,"href":"https:\/\/gadgettravellers.eu\/it\/wp-json\/wp\/v2\/product_tag?post=5317814"}],"curies":[{"name":"wp","href":"https:\/\/api.w.org\/{rel}","templated":true}]}}